{"id":3223,"date":"2024-11-11T15:56:14","date_gmt":"2024-11-11T14:56:14","guid":{"rendered":"https:\/\/www.elmesias.es\/vente-de-mantecados-en-ligne\/"},"modified":"2024-11-11T15:56:14","modified_gmt":"2024-11-11T14:56:14","slug":"vente-de-mantecados-en-ligne","status":"publish","type":"page","link":"https:\/\/www.elmesias.es\/fr\/vente-de-mantecados-en-ligne\/","title":{"rendered":"Vente de mantecados en ligne"},"content":{"rendered":"<p>Depuis sa fondation en <strong>1958<\/strong> par <strong>Don Francisco Pradas G\u00f3mez<\/strong>, <strong>El Mes\u00edas<\/strong> a pour objectif principal l&rsquo;\u00e9laboration d&rsquo;exquis <strong>douceurs de No\u00ebl<\/strong>, toujours avec le plus grand engagement en mati\u00e8re de <strong>qualit\u00e9<\/strong> et de <strong>garantie<\/strong>. Notre gamme comprend des <strong>polvorones<\/strong>, des <strong>mantecados<\/strong>, des <strong>massepains<\/strong> et des <strong>tourons<\/strong>.<\/p>\n<p>Malgr\u00e9 des d\u00e9buts modestes, la passion et la d\u00e9termination \u00e0 maintenir la <strong>tradition<\/strong> et \u00e0 garantir la plus haute <strong>qualit\u00e9<\/strong> n&rsquo;ont jamais chang\u00e9, ce qui se refl\u00e8te dans l&rsquo;excellence de nos <strong>douceurs de No\u00ebl<\/strong>.<\/p>\n<p>Gr\u00e2ce \u00e0 ce d\u00e9vouement et \u00e0 la diversit\u00e9 des <strong>saveurs<\/strong> et des <strong>ingr\u00e9dients<\/strong>, les produits \u00e9labor\u00e9s dans notre <strong>fabrique d&rsquo;Estepa<\/strong> jouissent d&rsquo;une grande popularit\u00e9 aupr\u00e8s des <strong>consommateurs<\/strong>. Aujourd&rsquo;hui, <strong>Mantecados y Polvorones El Mes\u00edas<\/strong> est une <strong>marque leader<\/strong> dans le secteur.<\/p>\n<p>Pour plus d&rsquo;informations sur la <a href=\"https:\/\/www.elmesias.es\/venta-de-polvorones-online\/\"><strong>vente de polvorones et mantecados en ligne<\/strong>,<\/a> contactez-nous :<\/p>\n\n<div class=\"wpcf7 no-js\" id=\"wpcf7-f3325-o1\" lang=\"fr-FR\" dir=\"ltr\" data-wpcf7-id=\"3325\">\n<div class=\"screen-reader-response\"><p role=\"status\" aria-live=\"polite\" aria-atomic=\"true\"><\/p> <ul><\/ul><\/div>\n<form action=\"\/fr\/wp-json\/wp\/v2\/pages\/3223#wpcf7-f3325-o1\" method=\"post\" class=\"wpcf7-form init\" aria-label=\"Formulaire de contact\" novalidate=\"novalidate\" data-status=\"init\">\n<fieldset class=\"hidden-fields-container\"><input type=\"hidden\" name=\"_wpcf7\" value=\"3325\" \/><input type=\"hidden\" name=\"_wpcf7_version\" value=\"6.1.5\" \/><input type=\"hidden\" name=\"_wpcf7_locale\" value=\"fr_FR\" \/><input type=\"hidden\" name=\"_wpcf7_unit_tag\" value=\"wpcf7-f3325-o1\" \/><input type=\"hidden\" name=\"_wpcf7_container_post\" value=\"0\" \/><input type=\"hidden\" name=\"_wpcf7_posted_data_hash\" value=\"\" \/><input type=\"hidden\" name=\"_wpcf7_recaptcha_response\" value=\"\" \/>\n<\/fieldset>\n<div class=\"homeContactMe\">\n\t<div class=\"contleft\">\n\t\t<p><label for=\"your-name\" hidden=\"\">Pr\u00e9nom<\/label><span class=\"wpcf7-form-control-wrap\" data-name=\"your-name\"><input size=\"40\" maxlength=\"400\" class=\"wpcf7-form-control wpcf7-text wpcf7-validates-as-required\" id=\"your-name\" aria-required=\"true\" aria-invalid=\"false\" placeholder=\"Nombre\" value=\"\" type=\"text\" name=\"your-name\" \/><\/span><br \/>\n<label for=\"your-lastname\" hidden=\"\">Nom<\/label><span class=\"wpcf7-form-control-wrap\" data-name=\"your-lastname\"><input size=\"40\" maxlength=\"400\" class=\"wpcf7-form-control wpcf7-text wpcf7-validates-as-required\" id=\"your-lastname\" aria-required=\"true\" aria-invalid=\"false\" placeholder=\"Apellidos\" value=\"\" type=\"text\" name=\"your-lastname\" \/><\/span><br \/>\n<label for=\"your-email\" hidden=\"\">E-mail<\/label><span class=\"wpcf7-form-control-wrap\" data-name=\"your-email\"><input size=\"40\" maxlength=\"400\" class=\"wpcf7-form-control wpcf7-email wpcf7-validates-as-required wpcf7-text wpcf7-validates-as-email\" id=\"your-email\" aria-required=\"true\" aria-invalid=\"false\" placeholder=\"Email\" value=\"\" type=\"email\" name=\"your-email\" \/><\/span>\n\t\t<\/p>\n\t<\/div>\n\t<div class=\"contright\">\n\t\t<p><label for=\"your-phone\" hidden=\"\">T\u00e9l\u00e9phone<\/label><span class=\"wpcf7-form-control-wrap\" data-name=\"your-phone\"><input size=\"40\" maxlength=\"400\" class=\"wpcf7-form-control wpcf7-text wpcf7-validates-as-required\" id=\"your-phone\" aria-required=\"true\" aria-invalid=\"false\" placeholder=\"Tel\u00e9fono\" value=\"\" type=\"text\" name=\"your-phone\" \/><\/span>\n\t\t<\/p>\n\t<\/div>\n\t<p><label for=\"your-Comments\" hidden=\"\">Commentaires<\/label><br \/>\n<span class=\"wpcf7-form-control-wrap\" data-name=\"your-Comments\"><textarea cols=\"40\" rows=\"10\" maxlength=\"2000\" class=\"wpcf7-form-control wpcf7-textarea\" id=\"your-Comments\" aria-invalid=\"false\" placeholder=\"\u00bfQu\u00e9 necesitas?\" name=\"your-Comments\"><\/textarea><\/span><br \/>\n<span class=\"wpcf7-form-control-wrap\" data-name=\"accept-this-1\"><span class=\"wpcf7-form-control wpcf7-acceptance\"><span class=\"wpcf7-list-item\"><label><input type=\"checkbox\" name=\"accept-this-1\" value=\"1\" aria-invalid=\"false\" \/><span class=\"wpcf7-list-item-label\">J\u2019accepte la <a href=\"\/aviso-legal\/\" target=\"_blank\">Politique de confidentialit\u00e9<\/a><\/span><\/label><\/span><\/span><\/span>\n\t<\/p>\n\t<div class=\"clear\">\n\t<\/div>\n\t<p><input class=\"wpcf7-form-control wpcf7-submit has-spinner\" type=\"submit\" value=\"Envoyer\" \/>\n\t<\/p>\n\t<div class=\"clear\">\n\t<\/div>\n<\/div><p style=\"display: none !important;\" class=\"akismet-fields-container\" data-prefix=\"_wpcf7_ak_\"><label>&#916;<textarea name=\"_wpcf7_ak_hp_textarea\" cols=\"45\" rows=\"8\" maxlength=\"100\"><\/textarea><\/label><input type=\"hidden\" id=\"ak_js_1\" name=\"_wpcf7_ak_js\" value=\"216\"\/><script type=\"text\/javascript\">\n\/* <![CDATA[ *\/\ndocument.getElementById( \"ak_js_1\" ).setAttribute( \"value\", ( new Date() ).getTime() );\n\/* ]]> *\/\n<\/script>\n<\/p><div class=\"wpcf7-response-output\" aria-hidden=\"true\"><\/div>\n<\/form>\n<\/div>\n\n","protected":false},"excerpt":{"rendered":"<p>Depuis sa fondation en 1958 par Don Francisco Pradas G\u00f3mez, El Mes\u00edas a pour objectif principal l&rsquo;\u00e9laboration d&rsquo;exquis douceurs de No\u00ebl, toujours avec le plus grand engagement en mati\u00e8re de qualit\u00e9 et de garantie. Notre gamme comprend des polvorones, des mantecados, des massepains et des tourons. Malgr\u00e9 des d\u00e9buts modestes, la passion et la d\u00e9termination<br \/><a class=\"moretag\" href=\"https:\/\/www.elmesias.es\/fr\/vente-de-mantecados-en-ligne\/\">+ Read More<\/a><\/p>\n","protected":false},"author":3,"featured_media":0,"parent":0,"menu_order":0,"comment_status":"closed","ping_status":"closed","template":"templates\/page-fullwidth_template.php","meta":{"footnotes":""},"class_list":["post-3223","page","type-page","status-publish","hentry"],"_links":{"self":[{"href":"https:\/\/www.elmesias.es\/fr\/wp-json\/wp\/v2\/pages\/3223","targetHints":{"allow":["GET"]}}],"collection":[{"href":"https:\/\/www.elmesias.es\/fr\/wp-json\/wp\/v2\/pages"}],"about":[{"href":"https:\/\/www.elmesias.es\/fr\/wp-json\/wp\/v2\/types\/page"}],"author":[{"embeddable":true,"href":"https:\/\/www.elmesias.es\/fr\/wp-json\/wp\/v2\/users\/3"}],"replies":[{"embeddable":true,"href":"https:\/\/www.elmesias.es\/fr\/wp-json\/wp\/v2\/comments?post=3223"}],"version-history":[{"count":0,"href":"https:\/\/www.elmesias.es\/fr\/wp-json\/wp\/v2\/pages\/3223\/revisions"}],"wp:attachment":[{"href":"https:\/\/www.elmesias.es\/fr\/wp-json\/wp\/v2\/media?parent=3223"}],"curies":[{"name":"wp","href":"https:\/\/api.w.org\/{rel}","templated":true}]}}