{"id":3375,"date":"2024-10-24T17:09:02","date_gmt":"2024-10-24T15:09:02","guid":{"rendered":"https:\/\/www.elmesias.es\/politique-dexpedition-dannulation-et-de-retour\/"},"modified":"2024-10-24T17:09:02","modified_gmt":"2024-10-24T15:09:02","slug":"politique-dexpedition-dannulation-et-de-retour","status":"publish","type":"page","link":"https:\/\/www.elmesias.es\/fr\/politique-dexpedition-dannulation-et-de-retour\/","title":{"rendered":"Politique d&rsquo;exp\u00e9dition, d&rsquo;annulation et de retour"},"content":{"rendered":"<div class=\"modal-header\"><b>Nom commercial :<\/b> El Mesias<\/div>\n<div id=\"modal-body\" class=\"modal-body overflow-auto\">\n<div class=\"small\">\n<p><b>Raison sociale :<\/b> EL MESIAS, S.L.<\/p>\n<p><b>NIF ou num\u00e9ro d&rsquo;immatriculation au registre du commerce :<\/b> B41077991<\/p>\n<p><b>Adresse de l&rsquo;entreprise :<\/b> Avenida de Andaluc\u00eda 24, 41560, Estepa, S\u00e9ville<\/p>\n<h4 class=\"mt-4\">Conditions d&rsquo;exp\u00e9dition :<\/h4>\n<p><b>D\u00e9lais de livraison :<\/b> 24 &#8211; 48 h<\/p>\n<p><b>Zones de livraison :<\/b> Espagne (\u00e0 l&rsquo;exception de Ceuta, Las Palmas, Melilla, Bal\u00e9ares, Santa Cruz de Tenerife)<\/p>\n<p><b>Remarques suppl\u00e9mentaires :<\/b><\/p>\n<p>Les commandes pour les \u00eeles Canaries sont soumises \u00e0 des frais de douane \u00e0 la charge du client.<\/p>\n<p>Pour les autres commandes hors de la p\u00e9ninsule, veuillez consulter les frais d&rsquo;exp\u00e9dition.<\/p>\n<p>&nbsp;<\/p>\n<p><b>Num\u00e9ro de suivi :<\/b> L&rsquo;\u00e9tat de l&rsquo;envoi est mis \u00e0 jour \u00e0 chacune des phases : en pr\u00e9paration, exp\u00e9di\u00e9 et livr\u00e9. Lorsque le statut passe \u00e0 exp\u00e9di\u00e9, les envois comporteront un num\u00e9ro de suivi que le client recevra par e-mail.<\/p>\n<h4 class=\"mt-4\">Politique de retour :<\/h4>\n<div>\n<p>1. L&rsquo;acheteur dispose d&rsquo;un droit de r\u00e9tractation pendant les quatorze jours calendaires \u00e0 compter de la r\u00e9ception du dernier des produits de sa commande pour se r\u00e9tracter de l&rsquo;achat de l&rsquo;un d&rsquo;entre eux sans avoir \u00e0 justifier de motif. De m\u00eame, le droit de r\u00e9tractation r\u00e9glement\u00e9 dans la pr\u00e9sente section ne pourra \u00eatre exerc\u00e9 que dans les cas \u00e9tablis par la loi et en relation avec les produits achet\u00e9s via la plateforme, conform\u00e9ment aux sp\u00e9cifications \u00e9tablies dans les pr\u00e9sentes Conditions g\u00e9n\u00e9rales. Conform\u00e9ment \u00e0 l&rsquo;article 103 du d\u00e9cret-loi royal 1\/2007 du 16 novembre approuvant le texte refondu de la loi g\u00e9n\u00e9rale pour la d\u00e9fense des consommateurs et des usagers, le droit de r\u00e9tractation ne s&rsquo;applique pas lorsqu&rsquo;il s&rsquo;agit de la vente de biens p\u00e9rissables susceptibles de se d\u00e9t\u00e9riorer ou d&rsquo;expirer rapidement.<\/p>\n<p>2. Pour cela, avant l&rsquo;expiration du d\u00e9lai mentionn\u00e9, vous devrez en informer le vendeur par t\u00e9l\u00e9phone : <a href=\"tel:+34955912818\">955 912 818<\/a>\/<a href=\"tel:+34955912826\">955 912 826<\/a> ou par e-mail \u00e0 <a href=\"mailto:elmesias@elmesias.es\">elmesias@elmesias.es<\/a>, en indiquant clairement que vous exercez votre droit de r\u00e9tractation du contrat, ainsi que les produits concern\u00e9s.<\/p>\n<p>3. L&rsquo;exercice du droit de r\u00e9tractation de votre part implique que le vendeur, dans les 14 jours calendaires suivant celui o\u00f9 il est inform\u00e9 que vous exercez votre droit de r\u00e9tractation et par le m\u00eame moyen utilis\u00e9 pour le paiement (sauf si l&rsquo;acheteur indique le contraire), proc\u00e9dera au remboursement, sans aucun frais (\u00e0 l&rsquo;exception des frais suppl\u00e9mentaires r\u00e9sultant du choix par l&rsquo;acheteur d&rsquo;une modalit\u00e9 de livraison diff\u00e9rente de la modalit\u00e9 de livraison ordinaire la moins co\u00fbteuse propos\u00e9e par le vendeur), des sommes vers\u00e9es pour le ou les produits faisant l&rsquo;objet de la r\u00e9tractation.<\/p>\n<p>4. Apr\u00e8s avoir exerc\u00e9 son droit de r\u00e9tractation, l&rsquo;acheteur devra retourner au vendeur le ou les produits concern\u00e9s au plus tard dans un d\u00e9lai de 14 jours calendaires \u00e0 compter de la communication de sa d\u00e9cision de r\u00e9tractation. L&rsquo;acheteur devra assumer les frais directs de retour des biens. Les produits devront se trouver dans le m\u00eame \u00e9tat que lors de leur livraison.<\/p>\n<\/div>\n<h3>Garantie :<\/h3>\n<div>L&rsquo;acheteur dispose d&rsquo;une garantie l\u00e9gale de conformit\u00e9 de deux ans \u00e0 compter de la livraison, conform\u00e9ment aux dispositions du d\u00e9cret-loi royal 1\/2007 du 16 novembre approuvant le texte refondu de la loi g\u00e9n\u00e9rale pour la d\u00e9fense des consommateurs et des usagers et autres lois compl\u00e9mentaires, en vertu de laquelle les produits achet\u00e9s.<\/div>\n<\/div>\n<\/div>\n","protected":false},"excerpt":{"rendered":"<p>Nom commercial : El Mesias Raison sociale : EL MESIAS, S.L. NIF ou num\u00e9ro d&rsquo;immatriculation au registre du commerce : B41077991 Adresse de l&rsquo;entreprise : Avenida de Andaluc\u00eda 24, 41560, Estepa, S\u00e9ville Conditions d&rsquo;exp\u00e9dition : D\u00e9lais de livraison : 24 &#8211; 48 h Zones de livraison : Espagne (\u00e0 l&rsquo;exception de Ceuta, Las Palmas, Melilla,<br \/><a class=\"moretag\" href=\"https:\/\/www.elmesias.es\/fr\/politique-dexpedition-dannulation-et-de-retour\/\">+ Read More<\/a><\/p>\n","protected":false},"author":3,"featured_media":0,"parent":0,"menu_order":0,"comment_status":"closed","ping_status":"closed","template":"templates\/page-fullwidth_template.php","meta":{"footnotes":""},"class_list":["post-3375","page","type-page","status-publish","hentry"],"_links":{"self":[{"href":"https:\/\/www.elmesias.es\/fr\/wp-json\/wp\/v2\/pages\/3375","targetHints":{"allow":["GET"]}}],"collection":[{"href":"https:\/\/www.elmesias.es\/fr\/wp-json\/wp\/v2\/pages"}],"about":[{"href":"https:\/\/www.elmesias.es\/fr\/wp-json\/wp\/v2\/types\/page"}],"author":[{"embeddable":true,"href":"https:\/\/www.elmesias.es\/fr\/wp-json\/wp\/v2\/users\/3"}],"replies":[{"embeddable":true,"href":"https:\/\/www.elmesias.es\/fr\/wp-json\/wp\/v2\/comments?post=3375"}],"version-history":[{"count":0,"href":"https:\/\/www.elmesias.es\/fr\/wp-json\/wp\/v2\/pages\/3375\/revisions"}],"wp:attachment":[{"href":"https:\/\/www.elmesias.es\/fr\/wp-json\/wp\/v2\/media?parent=3375"}],"curies":[{"name":"wp","href":"https:\/\/api.w.org\/{rel}","templated":true}]}}