{"id":3379,"date":"2024-10-23T11:39:05","date_gmt":"2024-10-23T09:39:05","guid":{"rendered":"https:\/\/www.elmesias.es\/accessibilite\/"},"modified":"2024-10-23T11:39:05","modified_gmt":"2024-10-23T09:39:05","slug":"accessibilite","status":"publish","type":"page","link":"https:\/\/www.elmesias.es\/fr\/accessibilite\/","title":{"rendered":"Accessibilit\u00e9"},"content":{"rendered":"<p>El Mes\u00edas S.L. s\u2019engage \u00e0 adapter les contenus du site web<strong> www.elmesias.es<\/strong> afin que toutes les personnes, ind\u00e9pendamment d\u2019un handicap, de leur \u00e2ge ou de l\u2019acc\u00e8s au Web via des technologies peu conventionnelles, puissent b\u00e9n\u00e9ficier d\u2019un acc\u00e8s universel \u00e0 l\u2019ensemble des contenus de ce site Web, sans rencontrer de difficult\u00e9s d\u2019acc\u00e8s.<\/p>\n<p>\u00c0 cette fin, les crit\u00e8res d\u2019accessibilit\u00e9 impliquent le respect des R\u00e8gles pour l\u2019accessibilit\u00e9 des contenus Web 1.0, au niveau double A, \u00e9tablies par le W3C (World Wide Web Consortium), association internationale compos\u00e9e de diff\u00e9rentes organisations, publiques et priv\u00e9es, qui travaillent conjointement \u00e0 l\u2019\u00e9laboration de normes afin de promouvoir et de diffuser les bonnes pratiques en mati\u00e8re de d\u00e9veloppement Web.<\/p>\n<p>Elle adopte \u00e9galement la r\u00e9glementation en vigueur en Espagne \u00e0 cet \u00e9gard : norme UNE 139803:2004 \u00ab Applications informatiques pour les personnes handicap\u00e9es : exigences d\u2019accessibilit\u00e9 pour les contenus Web \u00bb.<\/p>\n<div>\n<h2><strong>\u00c9tat de conformit\u00e9<\/strong><\/h2>\n<div>Ce site web est<strong> partiellement conforme<\/strong> au D\u00e9cret royal 1112\/2018 du 7 septembre, en raison de la non-conformit\u00e9 des aspects indiqu\u00e9s ci-dessous.<\/div>\n<h2><strong>Contenu non accessible<\/strong><\/h2>\n<div>Le contenu indiqu\u00e9 ci-dessous n\u2019est pas accessible pour les raisons suivantes :<\/div>\n<ul>\n<li><strong>Non-conformit\u00e9 au D\u00e9cret royal 1112\/2018 du 7 septembre<\/strong> : il pourrait exister des erreurs ponctuelles d\u2019\u00e9dition sur certaines pages web, tant dans les contenus HTML que dans les documents finaux, publi\u00e9s apr\u00e8s le 20 septembre 2018 (date d\u2019entr\u00e9e en vigueur du D\u00e9cret royal 1112\/2018 du 7 septembre). Plus pr\u00e9cis\u00e9ment, des erreurs peuvent appara\u00eetre dans les documents contenant des graphiques, des tableaux complexes ou dans ceux sign\u00e9s \u00e9lectroniquement avant leur r\u00e9vision d\u2019accessibilit\u00e9.<\/li>\n<li><strong>Charge disproportionn\u00e9e<\/strong> : non applicable.<\/li>\n<li><strong>Le contenu n\u2019entre pas dans le champ d\u2019application de la l\u00e9gislation applicable<\/strong> : il pourrait exister des fichiers bureautiques en PDF ou dans d\u2019autres formats publi\u00e9s qui ne respectent pas int\u00e9gralement toutes les exigences d\u2019accessibilit\u00e9 ; des contenus de tiers qui ne sont pas sous le contr\u00f4le de cette entreprise peuvent \u00e9galement se trouver dans cette situation.<\/li>\n<\/ul>\n<\/div>\n<h2><strong>Pr\u00e9paration de la pr\u00e9sente d\u00e9claration d\u2019accessibilit\u00e9<\/strong><\/h2>\n<div>\n<div>La pr\u00e9sente d\u00e9claration a \u00e9t\u00e9 pr\u00e9par\u00e9e le<strong> 23 octobre 2024<\/strong>.<\/div>\n<div>La m\u00e9thode utilis\u00e9e pour pr\u00e9parer la d\u00e9claration a \u00e9t\u00e9 une auto\u00e9valuation r\u00e9alis\u00e9e par l\u2019entreprise elle-m\u00eame.<\/div>\n<div>Derni\u00e8re r\u00e9vision de la d\u00e9claration : <strong>23 octobre 2024<\/strong>.<\/div>\n<h2><strong>Observations et coordonn\u00e9es<\/strong><\/h2>\n<div>Vous pouvez effectuer des communications concernant les exigences d\u2019accessibilit\u00e9 (article 10.2.a) du D\u00e9cret royal 1112\/2018 du 7 septembre), par exemple :<\/div>\n<ul>\n<li>Signaler tout \u00e9ventuel manquement de ce site web.<\/li>\n<li>Signaler d\u2019autres difficult\u00e9s d\u2019acc\u00e8s au contenu.<\/li>\n<li>Formuler toute autre demande ou suggestion d\u2019am\u00e9lioration relative \u00e0 l\u2019accessibilit\u00e9 du site web.<\/li>\n<\/ul>\n<div>Par les moyens suivants :<\/div>\n<\/div>\n<div>\n<ul>\n<li>E-mail : <strong>elmesias@elmesias.es<\/strong><\/li>\n<li>T\u00e9l\u00e9phones :<strong> 955 912 818\/955 912 826<\/strong><\/li>\n<\/ul>\n<\/div>\n<h2><strong>Contenu facultatif<\/strong><\/h2>\n<div>\n<div>La version actuellement visible de ce site web date d\u2019<strong>octobre 2024<\/strong> et, \u00e0 cette date, une r\u00e9vision du niveau d\u2019accessibilit\u00e9 en vigueur \u00e0 ce moment-l\u00e0 a \u00e9t\u00e9 effectu\u00e9e.<\/div>\n<div>\u00c0 partir de cette date, des r\u00e9visions partielles quotidiennes du contenu web nouveau ou modifi\u00e9 sont effectu\u00e9es, tant des mod\u00e8les que des pages et documents finaux publi\u00e9s, afin d\u2019assurer le respect des exigences d\u2019accessibilit\u00e9 de la norme UNE-EN 301549:2019, en tenant compte des exceptions du D\u00e9cret royal 1112\/2018 du 7 septembre.<\/div>\n<div>Entre autres, les mesures suivantes sont adopt\u00e9es pour faciliter l\u2019accessibilit\u00e9 :<\/div>\n<ul>\n<li>Utilisation de texte alternatif pour les images<\/li>\n<li>Les liens fournissent des d\u00e9tails sur la fonction ou la destination de l\u2019hyperlien<\/li>\n<li>Utilisation des standards du W3C : XHTML 1.0, CSS 3.0, WAI AA.<\/li>\n<\/ul>\n<div>Ce site web est con\u00e7u pour permettre de modifier la taille et la couleur du texte, ainsi que l\u2019arri\u00e8re-plan de la page, via les options de configuration standard des navigateurs.<\/div>\n<\/div>\n<p>Si vous souhaitez modifier la taille de la police du texte dans les principaux navigateurs graphiques, utilisez les menus suivants :<\/p>\n<ul>\n<li>Internet Explorer, Mozilla et Firefox : Affichage &gt; Taille du texte<\/li>\n<li>Opera : Affichage &gt; Zoom<\/li>\n<li>Safari : Affichage &gt; Agrandir le texte<\/li>\n<li>Chrome : Personnaliser et contr\u00f4ler la page actuelle &gt; Taille du texte<\/li>\n<li>Pour modifier la taille de tout sur la page :\n<ul>\n<li>Ctrl + + pour l\u2019augmenter<\/li>\n<li>Ctrl + \u2013 pour la diminuer<\/li>\n<li>Ctrl + 0 r\u00e9tablit la taille originale du texte<\/li>\n<li>Si vous souhaitez d\u00e9sactiver la feuille de style ou modifier la couleur du texte, vous pouvez consulter la page \u00ab How to Change Text Size or Colors \u00bb de la WAI, qui peut \u00eatre lue traduite en espagnol dans \u00ab \u00bfC\u00f3mo cambiar el tama\u00f1o del texto o colores ? \u00bb<\/li>\n<\/ul>\n<\/li>\n<\/ul>\n","protected":false},"excerpt":{"rendered":"<p>El Mes\u00edas S.L. s\u2019engage \u00e0 adapter les contenus du site web www.elmesias.es afin que toutes les personnes, ind\u00e9pendamment d\u2019un handicap, de leur \u00e2ge ou de l\u2019acc\u00e8s au Web via des technologies peu conventionnelles, puissent b\u00e9n\u00e9ficier d\u2019un acc\u00e8s universel \u00e0 l\u2019ensemble des contenus de ce site Web, sans rencontrer de difficult\u00e9s d\u2019acc\u00e8s. \u00c0 cette fin, les<br \/><a class=\"moretag\" href=\"https:\/\/www.elmesias.es\/fr\/accessibilite\/\">+ Read More<\/a><\/p>\n","protected":false},"author":3,"featured_media":0,"parent":0,"menu_order":0,"comment_status":"closed","ping_status":"closed","template":"templates\/page-fullwidth_template.php","meta":{"footnotes":""},"class_list":["post-3379","page","type-page","status-publish","hentry"],"_links":{"self":[{"href":"https:\/\/www.elmesias.es\/fr\/wp-json\/wp\/v2\/pages\/3379","targetHints":{"allow":["GET"]}}],"collection":[{"href":"https:\/\/www.elmesias.es\/fr\/wp-json\/wp\/v2\/pages"}],"about":[{"href":"https:\/\/www.elmesias.es\/fr\/wp-json\/wp\/v2\/types\/page"}],"author":[{"embeddable":true,"href":"https:\/\/www.elmesias.es\/fr\/wp-json\/wp\/v2\/users\/3"}],"replies":[{"embeddable":true,"href":"https:\/\/www.elmesias.es\/fr\/wp-json\/wp\/v2\/comments?post=3379"}],"version-history":[{"count":0,"href":"https:\/\/www.elmesias.es\/fr\/wp-json\/wp\/v2\/pages\/3379\/revisions"}],"wp:attachment":[{"href":"https:\/\/www.elmesias.es\/fr\/wp-json\/wp\/v2\/media?parent=3379"}],"curies":[{"name":"wp","href":"https:\/\/api.w.org\/{rel}","templated":true}]}}