{"id":3380,"date":"2024-10-23T11:47:25","date_gmt":"2024-10-23T09:47:25","guid":{"rendered":"https:\/\/www.elmesias.es\/a-propos-de-nous\/"},"modified":"2026-05-11T15:22:52","modified_gmt":"2026-05-11T13:22:52","slug":"a-propos-de-nous","status":"publish","type":"page","link":"https:\/\/www.elmesias.es\/fr\/a-propos-de-nous\/","title":{"rendered":"\u00c0 propos de nous"},"content":{"rendered":"\t\t<div data-elementor-type=\"wp-page\" data-elementor-id=\"3380\" class=\"elementor elementor-3380 elementor-1863\" data-elementor-post-type=\"page\">\n\t\t\t\t<div class=\"elementor-element elementor-element-d8bc30d e-flex e-con-boxed e-con e-parent\" data-id=\"d8bc30d\" data-element_type=\"container\" data-e-type=\"container\">\n\t\t\t\t\t<div class=\"e-con-inner\">\n\t\t<div class=\"elementor-element elementor-element-84d6298 e-con-full e-flex e-con e-child\" data-id=\"84d6298\" data-element_type=\"container\" data-e-type=\"container\" data-settings=\"{&quot;background_background&quot;:&quot;classic&quot;}\">\n\t\t\t\t<\/div>\n\t\t<div class=\"elementor-element elementor-element-0f2892a e-con-full e-flex e-con e-child\" data-id=\"0f2892a\" data-element_type=\"container\" data-e-type=\"container\">\n\t\t\t\t<div class=\"elementor-element elementor-element-b4e66c5 elementor-widget elementor-widget-text-editor\" data-id=\"b4e66c5\" data-element_type=\"widget\" data-e-type=\"widget\" data-widget_type=\"text-editor.default\">\n\t\t\t\t<div class=\"elementor-widget-container\">\n\t\t\t\t\t\t\t\t\t<p>Depuis sa fondation en <strong>1958<\/strong> par <strong>Don Francisco Pradas G\u00f3mez<\/strong>, <strong>El Mes\u00edas<\/strong> a eu pour objectif principal l&rsquo;\u00e9laboration d&rsquo;exquises <strong>douceurs de No\u00ebl<\/strong>, toujours avec le plus grand engagement en mati\u00e8re de <strong>qualit\u00e9<\/strong> et de <strong>garantie<\/strong>. Notre gamme comprend des <strong>polvorones<\/strong>, des <strong>mantecados<\/strong>, des <strong>massepains<\/strong> et des <strong>turrones<\/strong>.<\/p>\n<p>Malgr\u00e9 des d\u00e9buts modestes, la passion et l&rsquo;engagement \u00e0 maintenir la <strong>tradition<\/strong> et \u00e0 assurer la plus haute <strong>qualit\u00e9<\/strong> n&rsquo;ont jamais chang\u00e9, ce qui se refl\u00e8te dans l&rsquo;excellence de nos <strong>douceurs de No\u00ebl<\/strong>.<\/p>\n<p>Gr\u00e2ce \u00e0 ce d\u00e9vouement et \u00e0 la diversit\u00e9 des <strong>saveurs<\/strong> et des <strong>ingr\u00e9dients<\/strong>, les produits \u00e9labor\u00e9s dans notre <strong>fabrique d&rsquo;Estepa<\/strong> jouissent d&rsquo;une grande popularit\u00e9 aupr\u00e8s des <strong>consommateurs<\/strong>. Aujourd&rsquo;hui, <strong>Mantecados y Polvorones El Mes\u00edas<\/strong> est une <strong>marque leader<\/strong> dans le secteur.<\/p>\t\t\t\t\t\t\t\t<\/div>\n\t\t\t\t<\/div>\n\t\t\t\t<\/div>\n\t\t\t\t\t<\/div>\n\t\t\t\t<\/div>\n\t\t\t\t<\/div>\n\t\t","protected":false},"excerpt":{"rendered":"<p>Depuis sa fondation en 1958 par Don Francisco Pradas G\u00f3mez, El Mes\u00edas a eu pour objectif principal l&rsquo;\u00e9laboration d&rsquo;exquises douceurs de No\u00ebl, toujours avec le plus grand engagement en mati\u00e8re de qualit\u00e9 et de garantie. Notre gamme comprend des polvorones, des mantecados, des massepains et des turrones. Malgr\u00e9 des d\u00e9buts modestes, la passion et l&rsquo;engagement<br \/><a class=\"moretag\" href=\"https:\/\/www.elmesias.es\/fr\/a-propos-de-nous\/\">+ Read More<\/a><\/p>\n","protected":false},"author":3,"featured_media":0,"parent":0,"menu_order":0,"comment_status":"closed","ping_status":"closed","template":"templates\/page-fullwidth_template.php","meta":{"footnotes":""},"class_list":["post-3380","page","type-page","status-publish","hentry"],"_links":{"self":[{"href":"https:\/\/www.elmesias.es\/fr\/wp-json\/wp\/v2\/pages\/3380","targetHints":{"allow":["GET"]}}],"collection":[{"href":"https:\/\/www.elmesias.es\/fr\/wp-json\/wp\/v2\/pages"}],"about":[{"href":"https:\/\/www.elmesias.es\/fr\/wp-json\/wp\/v2\/types\/page"}],"author":[{"embeddable":true,"href":"https:\/\/www.elmesias.es\/fr\/wp-json\/wp\/v2\/users\/3"}],"replies":[{"embeddable":true,"href":"https:\/\/www.elmesias.es\/fr\/wp-json\/wp\/v2\/comments?post=3380"}],"version-history":[{"count":1,"href":"https:\/\/www.elmesias.es\/fr\/wp-json\/wp\/v2\/pages\/3380\/revisions"}],"predecessor-version":[{"id":3382,"href":"https:\/\/www.elmesias.es\/fr\/wp-json\/wp\/v2\/pages\/3380\/revisions\/3382"}],"wp:attachment":[{"href":"https:\/\/www.elmesias.es\/fr\/wp-json\/wp\/v2\/media?parent=3380"}],"curies":[{"name":"wp","href":"https:\/\/api.w.org\/{rel}","templated":true}]}}