{"id":3255,"date":"2024-11-27T15:07:16","date_gmt":"2024-11-27T14:07:16","guid":{"rendered":"https:\/\/www.elmesias.es\/producto\/mini-mantecados-a-la-cannelle-4-kg\/"},"modified":"2024-11-27T15:07:16","modified_gmt":"2024-11-27T14:07:16","slug":"mini-mantecados-a-la-cannelle-4-kg","status":"publish","type":"product","link":"https:\/\/www.elmesias.es\/fr\/producto\/mini-mantecados-a-la-cannelle-4-kg\/","title":{"rendered":"Mini mantecados \u00e0 la cannelle &#8211; 4 kg"},"content":{"rendered":"<p><em>Bo\u00eete de 4 kg<\/em><\/p>\n<p><strong><em>Prix<\/em><\/strong><em> : 29,00 \u20ac \/ bo\u00eete 4 kg<\/em><\/p>\n<p>Certifi\u00e9 IGP<\/p>\n<p><strong><u>Ingr\u00e9dients :<\/u> <\/strong>FARINE DE BL\u00c9, saindoux, sucre, cannelle et s\u00e9same. Peut contenir des traces d\u2019\u0153uf, d\u2019amande, d\u2019arachide, de soja, de lait, d\u2019autres fruits \u00e0 coque et de sulfites. \u00c0 conserver dans un endroit frais et sec.<\/p>\n<p><strong><u>Informations nutritionnelles (100 g) :<\/u><\/strong><\/p>\n<ul>\n<li>Valeur \u00e9nerg\u00e9tique : 482 kcal\/2015 kJ<\/li>\n<li>Mati\u00e8res grasses : 24,6 g<\/li>\n<li>Acides gras satur\u00e9s : 9,9 g<\/li>\n<li>Glucides : 58,8 g<\/li>\n<li>Sucres : 22,8 g<\/li>\n<li>Prot\u00e9ines : 4,8 g<\/li>\n<li>Sel : 0 g<\/li>\n<\/ul>\n","protected":false},"excerpt":{"rendered":"<p>Bo\u00eete de 4 kg Prix : 29,00 \u20ac \/ bo\u00eete 4 kg Certifi\u00e9 IGP Ingr\u00e9dients : FARINE DE BL\u00c9, saindoux, sucre, cannelle et s\u00e9same. Peut contenir des traces d\u2019\u0153uf, d\u2019amande, d\u2019arachide, de soja, de lait, d\u2019autres fruits \u00e0 coque et de sulfites. \u00c0 conserver dans un endroit frais et sec. Informations nutritionnelles (100 g) :<br \/><a class=\"moretag\" href=\"https:\/\/www.elmesias.es\/fr\/producto\/mini-mantecados-a-la-cannelle-4-kg\/\">+ Read More<\/a><\/p>\n","protected":false},"featured_media":0,"comment_status":"closed","ping_status":"closed","template":"","meta":[],"product_brand":[],"product_cat":[69,66],"product_tag":[],"class_list":{"0":"post-3255","1":"product","2":"type-product","3":"status-publish","5":"product_cat-mini-flow-pack-traditionnel","6":"product_cat-vrac-et-sachets","8":"first","9":"instock","10":"shipping-taxable","11":"purchasable","12":"product-type-simple"},"_links":{"self":[{"href":"https:\/\/www.elmesias.es\/fr\/wp-json\/wp\/v2\/product\/3255","targetHints":{"allow":["GET"]}}],"collection":[{"href":"https:\/\/www.elmesias.es\/fr\/wp-json\/wp\/v2\/product"}],"about":[{"href":"https:\/\/www.elmesias.es\/fr\/wp-json\/wp\/v2\/types\/product"}],"replies":[{"embeddable":true,"href":"https:\/\/www.elmesias.es\/fr\/wp-json\/wp\/v2\/comments?post=3255"}],"wp:attachment":[{"href":"https:\/\/www.elmesias.es\/fr\/wp-json\/wp\/v2\/media?parent=3255"}],"wp:term":[{"taxonomy":"product_brand","embeddable":true,"href":"https:\/\/www.elmesias.es\/fr\/wp-json\/wp\/v2\/product_brand?post=3255"},{"taxonomy":"product_cat","embeddable":true,"href":"https:\/\/www.elmesias.es\/fr\/wp-json\/wp\/v2\/product_cat?post=3255"},{"taxonomy":"product_tag","embeddable":true,"href":"https:\/\/www.elmesias.es\/fr\/wp-json\/wp\/v2\/product_tag?post=3255"}],"curies":[{"name":"wp","href":"https:\/\/api.w.org\/{rel}","templated":true}]}}