{"id":3258,"date":"2024-11-27T15:14:21","date_gmt":"2024-11-27T14:14:21","guid":{"rendered":"https:\/\/www.elmesias.es\/producto\/mini-polvoron-destepa-aux-amandes-4-kg\/"},"modified":"2024-11-27T15:14:21","modified_gmt":"2024-11-27T14:14:21","slug":"mini-polvoron-destepa-aux-amandes-4-kg","status":"publish","type":"product","link":"https:\/\/www.elmesias.es\/fr\/producto\/mini-polvoron-destepa-aux-amandes-4-kg\/","title":{"rendered":"Mini polvor\u00f3n d\u2019Estepa aux amandes &#8211; 4 kg"},"content":{"rendered":"<p><em>Bo\u00eete de 4 kg<\/em><\/p>\n<p><strong><em>Prix<\/em><\/strong><em> : 29,00 \u20ac\/bo\u00eete de 4 kg<\/em><\/p>\n<p>Certificat IGP<\/p>\n<p><strong><u>Ingr\u00e9dients<\/u> :<\/strong> FARINE DE BL\u00c9, graisse de porc (extrait naturel de romarin et acide citrique), sucre, AMANDE (8 %), cannelle, clou de girofle et ar\u00f4me de citron. Peut contenir des traces d\u2019\u0153uf, d\u2019arachide, de soja, de lait, d\u2019autres fruits \u00e0 coque, de s\u00e9same, de sulfites et de moutarde. \u00c0 conserver dans un endroit frais et sec.  <\/p>\n<p><strong><u>Informations nutritionnelles (100 g) :<\/u><\/strong><\/p>\n<ul>\n<li>Valeur \u00e9nerg\u00e9tique : 497 kcal\/2079 kJ<\/li>\n<li>Mati\u00e8res grasses : 26,5 g<\/li>\n<li>Acides gras satur\u00e9s : 9,9 g<\/li>\n<li>Glucides : 57,5 g<\/li>\n<li>Sucres : 22,5 g<\/li>\n<li>Prot\u00e9ines : 5,8 g<\/li>\n<li>Sel : 0 g<\/li>\n<\/ul>\n","protected":false},"excerpt":{"rendered":"<p>Bo\u00eete de 4 kg Prix : 29,00 \u20ac\/bo\u00eete de 4 kg Certificat IGP Ingr\u00e9dients : FARINE DE BL\u00c9, graisse de porc (extrait naturel de romarin et acide citrique), sucre, AMANDE (8 %), cannelle, clou de girofle et ar\u00f4me de citron. Peut contenir des traces d\u2019\u0153uf, d\u2019arachide, de soja, de lait, d\u2019autres fruits \u00e0 coque, de<br \/><a class=\"moretag\" href=\"https:\/\/www.elmesias.es\/fr\/producto\/mini-polvoron-destepa-aux-amandes-4-kg\/\">+ Read More<\/a><\/p>\n","protected":false},"featured_media":2199,"comment_status":"closed","ping_status":"closed","template":"","meta":[],"product_brand":[],"product_cat":[69,66],"product_tag":[],"class_list":{"0":"post-3258","1":"product","2":"type-product","3":"status-publish","4":"has-post-thumbnail","6":"product_cat-mini-flow-pack-traditionnel","7":"product_cat-vrac-et-sachets","9":"first","10":"instock","11":"shipping-taxable","12":"purchasable","13":"product-type-simple"},"_links":{"self":[{"href":"https:\/\/www.elmesias.es\/fr\/wp-json\/wp\/v2\/product\/3258","targetHints":{"allow":["GET"]}}],"collection":[{"href":"https:\/\/www.elmesias.es\/fr\/wp-json\/wp\/v2\/product"}],"about":[{"href":"https:\/\/www.elmesias.es\/fr\/wp-json\/wp\/v2\/types\/product"}],"replies":[{"embeddable":true,"href":"https:\/\/www.elmesias.es\/fr\/wp-json\/wp\/v2\/comments?post=3258"}],"wp:featuredmedia":[{"embeddable":true,"href":"https:\/\/www.elmesias.es\/fr\/wp-json\/wp\/v2\/media\/2199"}],"wp:attachment":[{"href":"https:\/\/www.elmesias.es\/fr\/wp-json\/wp\/v2\/media?parent=3258"}],"wp:term":[{"taxonomy":"product_brand","embeddable":true,"href":"https:\/\/www.elmesias.es\/fr\/wp-json\/wp\/v2\/product_brand?post=3258"},{"taxonomy":"product_cat","embeddable":true,"href":"https:\/\/www.elmesias.es\/fr\/wp-json\/wp\/v2\/product_cat?post=3258"},{"taxonomy":"product_tag","embeddable":true,"href":"https:\/\/www.elmesias.es\/fr\/wp-json\/wp\/v2\/product_tag?post=3258"}],"curies":[{"name":"wp","href":"https:\/\/api.w.org\/{rel}","templated":true}]}}