{"id":3260,"date":"2024-11-27T15:12:43","date_gmt":"2024-11-27T14:12:43","guid":{"rendered":"https:\/\/www.elmesias.es\/producto\/mini-mantecados-au-citron-4-kg\/"},"modified":"2024-11-27T15:12:43","modified_gmt":"2024-11-27T14:12:43","slug":"mini-mantecados-au-citron-4-kg","status":"publish","type":"product","link":"https:\/\/www.elmesias.es\/fr\/producto\/mini-mantecados-au-citron-4-kg\/","title":{"rendered":"Mini Mantecados au Citron &#8211; 4 kg"},"content":{"rendered":"<p><em>Caisse de 4 kg<\/em><\/p>\n<p><strong><em>Prix<\/em><\/strong><em> : 29,00 \u20ac\/caisse 4 kg<\/em><\/p>\n<p>Certifi\u00e9 IGP<\/p>\n<p><strong><u>Ingr\u00e9dients :<\/u><\/strong> FARINE DE BL\u00c9, graisse de porc (extrait naturel de romarin et acide citrique), sucre, cannelle et S\u00c9SAME. Peut contenir des traces d\u2019\u0153ufs, d\u2019arachides, de soja, de lait, d\u2019autres fruits \u00e0 coque et de sulfites. <\/p>\n<p><strong><u>Information nutritionnelle (100 g) :<\/u><\/strong><\/p>\n<ul>\n<li>Valeur \u00e9nerg\u00e9tique : 482 kcal \/ 2015 kj<\/li>\n<li>Graisses : 24,6 g<\/li>\n<li>Satur\u00e9es : 9,9 g<\/li>\n<li>Glucides : 58 g<\/li>\n<li>Sucres : 22,8 g<\/li>\n<li>Prot\u00e9ines : 4,8 g<\/li>\n<li>Sel : 0,004 g<\/li>\n<\/ul>\n","protected":false},"excerpt":{"rendered":"<p>Caisse de 4 kg Prix : 29,00 \u20ac\/caisse 4 kg Certifi\u00e9 IGP Ingr\u00e9dients : FARINE DE BL\u00c9, graisse de porc (extrait naturel de romarin et acide citrique), sucre, cannelle et S\u00c9SAME. Peut contenir des traces d\u2019\u0153ufs, d\u2019arachides, de soja, de lait, d\u2019autres fruits \u00e0 coque et de sulfites. Information nutritionnelle (100 g) : Valeur \u00e9nerg\u00e9tique<br \/><a class=\"moretag\" href=\"https:\/\/www.elmesias.es\/fr\/producto\/mini-mantecados-au-citron-4-kg\/\">+ Read More<\/a><\/p>\n","protected":false},"featured_media":2199,"comment_status":"closed","ping_status":"closed","template":"","meta":[],"product_brand":[],"product_cat":[69,66],"product_tag":[],"class_list":{"0":"post-3260","1":"product","2":"type-product","3":"status-publish","4":"has-post-thumbnail","6":"product_cat-mini-flow-pack-traditionnel","7":"product_cat-vrac-et-sachets","9":"first","10":"instock","11":"shipping-taxable","12":"purchasable","13":"product-type-simple"},"_links":{"self":[{"href":"https:\/\/www.elmesias.es\/fr\/wp-json\/wp\/v2\/product\/3260","targetHints":{"allow":["GET"]}}],"collection":[{"href":"https:\/\/www.elmesias.es\/fr\/wp-json\/wp\/v2\/product"}],"about":[{"href":"https:\/\/www.elmesias.es\/fr\/wp-json\/wp\/v2\/types\/product"}],"replies":[{"embeddable":true,"href":"https:\/\/www.elmesias.es\/fr\/wp-json\/wp\/v2\/comments?post=3260"}],"wp:featuredmedia":[{"embeddable":true,"href":"https:\/\/www.elmesias.es\/fr\/wp-json\/wp\/v2\/media\/2199"}],"wp:attachment":[{"href":"https:\/\/www.elmesias.es\/fr\/wp-json\/wp\/v2\/media?parent=3260"}],"wp:term":[{"taxonomy":"product_brand","embeddable":true,"href":"https:\/\/www.elmesias.es\/fr\/wp-json\/wp\/v2\/product_brand?post=3260"},{"taxonomy":"product_cat","embeddable":true,"href":"https:\/\/www.elmesias.es\/fr\/wp-json\/wp\/v2\/product_cat?post=3260"},{"taxonomy":"product_tag","embeddable":true,"href":"https:\/\/www.elmesias.es\/fr\/wp-json\/wp\/v2\/product_tag?post=3260"}],"curies":[{"name":"wp","href":"https:\/\/api.w.org\/{rel}","templated":true}]}}