{"id":3265,"date":"2024-11-27T12:28:26","date_gmt":"2024-11-27T11:28:26","guid":{"rendered":"https:\/\/www.elmesias.es\/producto\/bonbons-de-chocolat-milkibon-lait-et-amande-500-g\/"},"modified":"2024-11-27T12:28:26","modified_gmt":"2024-11-27T11:28:26","slug":"bonbons-de-chocolat-milkibon-lait-et-amande-500-g","status":"publish","type":"product","link":"https:\/\/www.elmesias.es\/fr\/producto\/bonbons-de-chocolat-milkibon-lait-et-amande-500-g\/","title":{"rendered":"Bonbons de chocolat Milkibon Lait et Amande &#8211; 500 g"},"content":{"rendered":"<p><em>Sachet de 500 g <\/em><\/p>\n<p><strong><em>Prix<\/em><\/strong><em>: 9,00 \u20ac\/sachet de 500 g <\/em> <\/p>\n<p><strong><u>Ingr\u00e9dients :<\/u><\/strong> chocolat blanc (sucre, beurre de cacao (22 %), LAIT ENTIER en poudre (25 %), LACTOS\u00c9RUM en poudre, \u00e9mulsifiant : L\u00c9CITHINE DE SOJA, AMANDE (10 %), huile de tournesol, cacao en poudre et vanille. Peut contenir des traces de c\u00e9r\u00e9ales contenant du gluten, d\u2019\u0153uf, d\u2019arachide, de fruits \u00e0 coque, de s\u00e9same et de sulfites. \u00c0 conserver dans un endroit frais et sec.<\/p>\n<p><strong><u>Informations nutritionnelles (100 g) :<\/u><\/strong><\/p>\n<ul>\n<li>Valeur \u00e9nerg\u00e9tique : 561 kcal<\/li>\n<li>Mati\u00e8res grasses : 37,6 g<\/li>\n<li>Dont acides gras satur\u00e9s : 18,5 g<\/li>\n<li>Glucides : 50,3 g<\/li>\n<li>Dont sucres : 26,3 g<\/li>\n<li>Prot\u00e9ines : 7,8 g<\/li>\n<li>Sel : 0,3 g<\/li>\n<\/ul>\n","protected":false},"excerpt":{"rendered":"<p>Sachet de 500 g Prix: 9,00 \u20ac\/sachet de 500 g Ingr\u00e9dients : chocolat blanc (sucre, beurre de cacao (22 %), LAIT ENTIER en poudre (25 %), LACTOS\u00c9RUM en poudre, \u00e9mulsifiant : L\u00c9CITHINE DE SOJA, AMANDE (10 %), huile de tournesol, cacao en poudre et vanille. Peut contenir des traces de c\u00e9r\u00e9ales contenant du gluten, d\u2019\u0153uf,<br \/><a class=\"moretag\" href=\"https:\/\/www.elmesias.es\/fr\/producto\/bonbons-de-chocolat-milkibon-lait-et-amande-500-g\/\">+ Read More<\/a><\/p>\n","protected":false},"featured_media":2238,"comment_status":"closed","ping_status":"closed","template":"","meta":[],"product_brand":[],"product_cat":[71,66],"product_tag":[],"class_list":{"0":"post-3265","1":"product","2":"type-product","3":"status-publish","4":"has-post-thumbnail","6":"product_cat-chocolats-et-bonbons-assortis","7":"product_cat-vrac-et-sachets","9":"first","10":"instock","11":"shipping-taxable","12":"purchasable","13":"product-type-simple"},"_links":{"self":[{"href":"https:\/\/www.elmesias.es\/fr\/wp-json\/wp\/v2\/product\/3265","targetHints":{"allow":["GET"]}}],"collection":[{"href":"https:\/\/www.elmesias.es\/fr\/wp-json\/wp\/v2\/product"}],"about":[{"href":"https:\/\/www.elmesias.es\/fr\/wp-json\/wp\/v2\/types\/product"}],"replies":[{"embeddable":true,"href":"https:\/\/www.elmesias.es\/fr\/wp-json\/wp\/v2\/comments?post=3265"}],"wp:featuredmedia":[{"embeddable":true,"href":"https:\/\/www.elmesias.es\/fr\/wp-json\/wp\/v2\/media\/2238"}],"wp:attachment":[{"href":"https:\/\/www.elmesias.es\/fr\/wp-json\/wp\/v2\/media?parent=3265"}],"wp:term":[{"taxonomy":"product_brand","embeddable":true,"href":"https:\/\/www.elmesias.es\/fr\/wp-json\/wp\/v2\/product_brand?post=3265"},{"taxonomy":"product_cat","embeddable":true,"href":"https:\/\/www.elmesias.es\/fr\/wp-json\/wp\/v2\/product_cat?post=3265"},{"taxonomy":"product_tag","embeddable":true,"href":"https:\/\/www.elmesias.es\/fr\/wp-json\/wp\/v2\/product_tag?post=3265"}],"curies":[{"name":"wp","href":"https:\/\/api.w.org\/{rel}","templated":true}]}}