{"id":3269,"date":"2024-11-27T12:08:31","date_gmt":"2024-11-27T11:08:31","guid":{"rendered":"https:\/\/www.elmesias.es\/producto\/bonbons-a-la-noix-de-coco-500-g\/"},"modified":"2026-05-11T15:14:00","modified_gmt":"2026-05-11T13:14:00","slug":"bonbons-a-la-noix-de-coco-500-g","status":"publish","type":"product","link":"https:\/\/www.elmesias.es\/fr\/producto\/bonbons-a-la-noix-de-coco-500-g\/","title":{"rendered":"Bonbons \u00e0 la Noix de Coco &#8211; 500 g"},"content":{"rendered":"<p><em>Sachet de 500 g<\/em><\/p>\n<p><strong><em>Prix<\/em><\/strong><em> : 9,00 \u20ac\/sachet 500 g <\/em> <\/p>\n<p><strong><u>Ingr\u00e9dients :<\/u> <\/strong>Noix de coco r\u00e2p\u00e9e, sucre, sirop de glucose, couverture de chocolat (LAIT, LACTOS\u00c9RUM, beurre de cacao, L\u00c9CITHINE DE SOJA, AMANDE 10 %, graisse v\u00e9g\u00e9tale, cacao en poudre et ar\u00f4me vanille, \u00e9mulsifiant : SOJA). Peut contenir des traces de c\u00e9r\u00e9ales contenant du gluten, \u0153uf, autres fruits \u00e0 coque, s\u00e9same et sulfites. \u00c0 conserver dans un endroit frais et sec.<\/p>\n<p><strong><u>Informations nutritionnelles (100 g) :<\/u><\/strong><\/p>\n<ul>\n<li>Valeur \u00e9nerg\u00e9tique : 495 kcal\/2070 kJ<\/li>\n<li>Mati\u00e8res grasses : 28 g<\/li>\n<li>Satur\u00e9es : 22 g<\/li>\n<li>Glucides : 53 g<\/li>\n<li>Sucres : 53 g<\/li>\n<li>Prot\u00e9ines : 8 g<\/li>\n<li>Sel : 0 g<\/li>\n<\/ul>\n","protected":false},"excerpt":{"rendered":"<p>Sachet de 500 g Prix : 9,00 \u20ac\/sachet 500 g Ingr\u00e9dients : Noix de coco r\u00e2p\u00e9e, sucre, sirop de glucose, couverture de chocolat (LAIT, LACTOS\u00c9RUM, beurre de cacao, L\u00c9CITHINE DE SOJA, AMANDE 10 %, graisse v\u00e9g\u00e9tale, cacao en poudre et ar\u00f4me vanille, \u00e9mulsifiant : SOJA). Peut contenir des traces de c\u00e9r\u00e9ales contenant du gluten, \u0153uf,<br \/><a class=\"moretag\" href=\"https:\/\/www.elmesias.es\/fr\/producto\/bonbons-a-la-noix-de-coco-500-g\/\">+ Read More<\/a><\/p>\n","protected":false},"featured_media":2238,"comment_status":"closed","ping_status":"closed","template":"","meta":[],"product_brand":[],"product_cat":[71,66],"product_tag":[],"class_list":{"0":"post-3269","1":"product","2":"type-product","3":"status-publish","4":"has-post-thumbnail","6":"product_cat-chocolats-et-bonbons-assortis","7":"product_cat-vrac-et-sachets","9":"first","10":"instock","11":"shipping-taxable","12":"purchasable","13":"product-type-simple"},"_links":{"self":[{"href":"https:\/\/www.elmesias.es\/fr\/wp-json\/wp\/v2\/product\/3269","targetHints":{"allow":["GET"]}}],"collection":[{"href":"https:\/\/www.elmesias.es\/fr\/wp-json\/wp\/v2\/product"}],"about":[{"href":"https:\/\/www.elmesias.es\/fr\/wp-json\/wp\/v2\/types\/product"}],"replies":[{"embeddable":true,"href":"https:\/\/www.elmesias.es\/fr\/wp-json\/wp\/v2\/comments?post=3269"}],"wp:featuredmedia":[{"embeddable":true,"href":"https:\/\/www.elmesias.es\/fr\/wp-json\/wp\/v2\/media\/2238"}],"wp:attachment":[{"href":"https:\/\/www.elmesias.es\/fr\/wp-json\/wp\/v2\/media?parent=3269"}],"wp:term":[{"taxonomy":"product_brand","embeddable":true,"href":"https:\/\/www.elmesias.es\/fr\/wp-json\/wp\/v2\/product_brand?post=3269"},{"taxonomy":"product_cat","embeddable":true,"href":"https:\/\/www.elmesias.es\/fr\/wp-json\/wp\/v2\/product_cat?post=3269"},{"taxonomy":"product_tag","embeddable":true,"href":"https:\/\/www.elmesias.es\/fr\/wp-json\/wp\/v2\/product_tag?post=3269"}],"curies":[{"name":"wp","href":"https:\/\/api.w.org\/{rel}","templated":true}]}}