{"id":3277,"date":"2024-11-27T11:09:33","date_gmt":"2024-11-27T10:09:33","guid":{"rendered":"https:\/\/www.elmesias.es\/producto\/gateaux-de-yema-500-g\/"},"modified":"2024-11-27T11:09:33","modified_gmt":"2024-11-27T10:09:33","slug":"gateaux-de-yema-500-g","status":"publish","type":"product","link":"https:\/\/www.elmesias.es\/fr\/producto\/gateaux-de-yema-500-g\/","title":{"rendered":"G\u00e2teaux de Yema &#8211; 500 g"},"content":{"rendered":"<p><em>Sachet de 500 g<\/em><\/p>\n<p><strong><em>Prix<\/em><\/strong><em> : 9,00 \u20ac\/sachet de 500 g <\/em> <\/p>\n<p><em>Qualit\u00e9 Supr\u00eame<\/em><\/p>\n<p><strong><u>Ingr\u00e9dients :<\/u><\/strong> AMANDE (45 %), sucre, JAUNE D\u2019\u0152UF, sirop de glucose, E 330 et E 202. Peut contenir des traces d\u2019\u0153uf, de lait, de soja, de fruits \u00e0 coque, de s\u00e9same et de sulfites. <\/p>\n<p><strong><u>Informations nutritionnelles (100 g) :<\/u><\/strong><\/p>\n<ul>\n<li>Valeur \u00e9nerg\u00e9tique : 1794 Kj\/ 429 kcal<\/li>\n<li>Mati\u00e8res grasses : 27,1 g<\/li>\n<li>Dont acides gras satur\u00e9s : 4,2 g<\/li>\n<li>Glucides : 37,3 g<\/li>\n<li>Dont sucres : 36,8 g<\/li>\n<li>Prot\u00e9ines : 11,6 g<\/li>\n<li>Sel : 0,05 g<\/li>\n<\/ul>\n","protected":false},"excerpt":{"rendered":"<p>Sachet de 500 g Prix : 9,00 \u20ac\/sachet de 500 g Qualit\u00e9 Supr\u00eame Ingr\u00e9dients : AMANDE (45 %), sucre, JAUNE D\u2019\u0152UF, sirop de glucose, E 330 et E 202. Peut contenir des traces d\u2019\u0153uf, de lait, de soja, de fruits \u00e0 coque, de s\u00e9same et de sulfites. Informations nutritionnelles (100 g) : Valeur \u00e9nerg\u00e9tique :<br \/><a class=\"moretag\" href=\"https:\/\/www.elmesias.es\/fr\/producto\/gateaux-de-yema-500-g\/\">+ Read More<\/a><\/p>\n","protected":false},"featured_media":2217,"comment_status":"closed","ping_status":"closed","template":"","meta":[],"product_brand":[],"product_cat":[72,66],"product_tag":[],"class_list":{"0":"post-3277","1":"product","2":"type-product","3":"status-publish","4":"has-post-thumbnail","6":"product_cat-petits-gateaux-de-massepain","7":"product_cat-vrac-et-sachets","9":"first","10":"instock","11":"shipping-taxable","12":"purchasable","13":"product-type-simple"},"_links":{"self":[{"href":"https:\/\/www.elmesias.es\/fr\/wp-json\/wp\/v2\/product\/3277","targetHints":{"allow":["GET"]}}],"collection":[{"href":"https:\/\/www.elmesias.es\/fr\/wp-json\/wp\/v2\/product"}],"about":[{"href":"https:\/\/www.elmesias.es\/fr\/wp-json\/wp\/v2\/types\/product"}],"replies":[{"embeddable":true,"href":"https:\/\/www.elmesias.es\/fr\/wp-json\/wp\/v2\/comments?post=3277"}],"wp:featuredmedia":[{"embeddable":true,"href":"https:\/\/www.elmesias.es\/fr\/wp-json\/wp\/v2\/media\/2217"}],"wp:attachment":[{"href":"https:\/\/www.elmesias.es\/fr\/wp-json\/wp\/v2\/media?parent=3277"}],"wp:term":[{"taxonomy":"product_brand","embeddable":true,"href":"https:\/\/www.elmesias.es\/fr\/wp-json\/wp\/v2\/product_brand?post=3277"},{"taxonomy":"product_cat","embeddable":true,"href":"https:\/\/www.elmesias.es\/fr\/wp-json\/wp\/v2\/product_cat?post=3277"},{"taxonomy":"product_tag","embeddable":true,"href":"https:\/\/www.elmesias.es\/fr\/wp-json\/wp\/v2\/product_tag?post=3277"}],"curies":[{"name":"wp","href":"https:\/\/api.w.org\/{rel}","templated":true}]}}