{"id":3283,"date":"2024-11-27T10:42:14","date_gmt":"2024-11-27T09:42:14","guid":{"rendered":"https:\/\/www.elmesias.es\/producto\/assortiment-de-turrones-5-specialites-3-kg\/"},"modified":"2026-05-11T15:14:59","modified_gmt":"2026-05-11T13:14:59","slug":"assortiment-de-turrones-5-specialites-3-kg","status":"publish","type":"product","link":"https:\/\/www.elmesias.es\/fr\/producto\/assortiment-de-turrones-5-specialites-3-kg\/","title":{"rendered":"Assortiment de turrones 5 sp\u00e9cialit\u00e9s &#8211; 3 kg"},"content":{"rendered":"<p><em>Bo\u00eete 3 kg<\/em><\/p>\n<p><strong><em>Prix<\/em><\/strong><em> : 50,00 \u20ac\/bo\u00eete 3 kg<\/em><\/p>\n<p><strong><u>Contenu :<\/u><\/strong> Assortiment de turrones de 5 sp\u00e9cialit\u00e9s. <em>Qualit\u00e9 Supr\u00eame<\/em><\/p>\n<p><strong><u>Ingr\u00e9dients :<\/u> <\/strong>AMANDE, glucose, sucre, \u0153uf, enrobage cacao (SOJA, LAIT), enrobage blanc (SOJA, LAIT) NOISETTE, LAIT en poudre, riz souffl\u00e9 (BL\u00c9 ET MALT), miel, cannelle, ar\u00f4me citron et vanille, E 200, E 202, E 102, E 129, E 133, E 471, E 334. Peut contenir des traces d\u2019autres fruits \u00e0 coque, de s\u00e9same et de sulfites.<\/p>\n<p><strong><u>Informations nutritionnelles (100 g) :<\/u><\/strong><\/p>\n<ul>\n<li>Valeur \u00e9nerg\u00e9tique : 2358 kJ\/566 kcal<\/li>\n<li>Mati\u00e8res grasses : 37 g<\/li>\n<li>Dont satur\u00e9es : 17 g<\/li>\n<li>Glucides : 46 g<\/li>\n<li>Dont sucres : 45 g<\/li>\n<li>Prot\u00e9ines : 10 g<\/li>\n<li>Sel : 0 g<\/li>\n<\/ul>\n","protected":false},"excerpt":{"rendered":"<p>Bo\u00eete 3 kg Prix : 50,00 \u20ac\/bo\u00eete 3 kg Contenu : Assortiment de turrones de 5 sp\u00e9cialit\u00e9s. Qualit\u00e9 Supr\u00eame Ingr\u00e9dients : AMANDE, glucose, sucre, \u0153uf, enrobage cacao (SOJA, LAIT), enrobage blanc (SOJA, LAIT) NOISETTE, LAIT en poudre, riz souffl\u00e9 (BL\u00c9 ET MALT), miel, cannelle, ar\u00f4me citron et vanille, E 200, E 202, E 102, E<br \/><a class=\"moretag\" href=\"https:\/\/www.elmesias.es\/fr\/producto\/assortiment-de-turrones-5-specialites-3-kg\/\">+ Read More<\/a><\/p>\n","protected":false},"featured_media":2203,"comment_status":"closed","ping_status":"closed","template":"","meta":[],"product_brand":[],"product_cat":[73,66],"product_tag":[],"class_list":{"0":"post-3283","1":"product","2":"type-product","3":"status-publish","4":"has-post-thumbnail","6":"product_cat-turron-en-portions","7":"product_cat-vrac-et-sachets","9":"first","10":"instock","11":"shipping-taxable","12":"purchasable","13":"product-type-simple"},"_links":{"self":[{"href":"https:\/\/www.elmesias.es\/fr\/wp-json\/wp\/v2\/product\/3283","targetHints":{"allow":["GET"]}}],"collection":[{"href":"https:\/\/www.elmesias.es\/fr\/wp-json\/wp\/v2\/product"}],"about":[{"href":"https:\/\/www.elmesias.es\/fr\/wp-json\/wp\/v2\/types\/product"}],"replies":[{"embeddable":true,"href":"https:\/\/www.elmesias.es\/fr\/wp-json\/wp\/v2\/comments?post=3283"}],"wp:featuredmedia":[{"embeddable":true,"href":"https:\/\/www.elmesias.es\/fr\/wp-json\/wp\/v2\/media\/2203"}],"wp:attachment":[{"href":"https:\/\/www.elmesias.es\/fr\/wp-json\/wp\/v2\/media?parent=3283"}],"wp:term":[{"taxonomy":"product_brand","embeddable":true,"href":"https:\/\/www.elmesias.es\/fr\/wp-json\/wp\/v2\/product_brand?post=3283"},{"taxonomy":"product_cat","embeddable":true,"href":"https:\/\/www.elmesias.es\/fr\/wp-json\/wp\/v2\/product_cat?post=3283"},{"taxonomy":"product_tag","embeddable":true,"href":"https:\/\/www.elmesias.es\/fr\/wp-json\/wp\/v2\/product_tag?post=3283"}],"curies":[{"name":"wp","href":"https:\/\/api.w.org\/{rel}","templated":true}]}}