{"id":3291,"date":"2024-11-20T17:07:59","date_gmt":"2024-11-20T16:07:59","guid":{"rendered":"https:\/\/www.elmesias.es\/producto\/assortiment-de-noel-200-g\/"},"modified":"2024-11-20T17:07:59","modified_gmt":"2024-11-20T16:07:59","slug":"assortiment-de-noel-200-g","status":"publish","type":"product","link":"https:\/\/www.elmesias.es\/fr\/producto\/assortiment-de-noel-200-g\/","title":{"rendered":"Assortiment de No\u00ebl &#8211; 200 g"},"content":{"rendered":"<p><em>Env. 200 g <\/em><\/p>\n<p><strong><em>Prix<\/em><\/strong><em> : 1,45 \u20ac\/unit\u00e9<\/em><\/p>\n<p><em>Certification IGP<\/em><\/p>\n<p><u><strong>Contenu<\/strong> :<\/u> Mantecado d&rsquo;Estepa \u00e0 la cannelle, Mantecado d&rsquo;Estepa au citron, Mantecado d&rsquo;Estepa au cacao, Polvor\u00f3n d&rsquo;Estepa aux amandes (9 %) et Rosco de Vino.<\/p>\n<p><strong><u>Ingr\u00e9dients :<\/u> <\/strong>FARINE DE BL\u00c9, graisse de porc (extrait naturel de romarin et acide citrique), sucre, vin (SULFITES), AMANDE, cannelle, cacao, S\u00c9SAME, anis vert, clou de girofle, vanilline et ar\u00f4me de citron. Peut contenir des traces d&rsquo;\u0153ufs, d&rsquo;arachides, de soja, de lait, d&rsquo;autres fruits \u00e0 coque et de moutarde. <\/p>\n<p><strong><u>Informations nutritionnelles (100 g)<\/u><\/strong><\/p>\n<ul>\n<li>Valeur \u00e9nerg\u00e9tique : 461 kcal\/1929 kJ<\/li>\n<li>Mati\u00e8res grasses : 23,7 g<\/li>\n<li>Acides gras satur\u00e9s : 9,4 g<\/li>\n<li>Glucides : 55,4 g<\/li>\n<li>Sucres : 19,7 g<\/li>\n<li>Prot\u00e9ines : 5,0 g<\/li>\n<li>Sel : 0 g<\/li>\n<\/ul>\n","protected":false},"excerpt":{"rendered":"<p>Env. 200 g Prix : 1,45 \u20ac\/unit\u00e9 Certification IGP Contenu : Mantecado d&rsquo;Estepa \u00e0 la cannelle, Mantecado d&rsquo;Estepa au citron, Mantecado d&rsquo;Estepa au cacao, Polvor\u00f3n d&rsquo;Estepa aux amandes (9 %) et Rosco de Vino. Ingr\u00e9dients : FARINE DE BL\u00c9, graisse de porc (extrait naturel de romarin et acide citrique), sucre, vin (SULFITES), AMANDE, cannelle, cacao,<br \/><a class=\"moretag\" href=\"https:\/\/www.elmesias.es\/fr\/producto\/assortiment-de-noel-200-g\/\">+ Read More<\/a><\/p>\n","protected":false},"featured_media":2174,"comment_status":"closed","ping_status":"closed","template":"","meta":[],"product_brand":[],"product_cat":[74,75],"product_tag":[],"class_list":{"0":"post-3291","1":"product","2":"type-product","3":"status-publish","4":"has-post-thumbnail","6":"product_cat-lots-et-cadeaux","7":"product_cat-produits-classiques-emballage-machine","9":"first","10":"outofstock","11":"shipping-taxable","12":"purchasable","13":"product-type-simple"},"_links":{"self":[{"href":"https:\/\/www.elmesias.es\/fr\/wp-json\/wp\/v2\/product\/3291","targetHints":{"allow":["GET"]}}],"collection":[{"href":"https:\/\/www.elmesias.es\/fr\/wp-json\/wp\/v2\/product"}],"about":[{"href":"https:\/\/www.elmesias.es\/fr\/wp-json\/wp\/v2\/types\/product"}],"replies":[{"embeddable":true,"href":"https:\/\/www.elmesias.es\/fr\/wp-json\/wp\/v2\/comments?post=3291"}],"wp:featuredmedia":[{"embeddable":true,"href":"https:\/\/www.elmesias.es\/fr\/wp-json\/wp\/v2\/media\/2174"}],"wp:attachment":[{"href":"https:\/\/www.elmesias.es\/fr\/wp-json\/wp\/v2\/media?parent=3291"}],"wp:term":[{"taxonomy":"product_brand","embeddable":true,"href":"https:\/\/www.elmesias.es\/fr\/wp-json\/wp\/v2\/product_brand?post=3291"},{"taxonomy":"product_cat","embeddable":true,"href":"https:\/\/www.elmesias.es\/fr\/wp-json\/wp\/v2\/product_cat?post=3291"},{"taxonomy":"product_tag","embeddable":true,"href":"https:\/\/www.elmesias.es\/fr\/wp-json\/wp\/v2\/product_tag?post=3291"}],"curies":[{"name":"wp","href":"https:\/\/api.w.org\/{rel}","templated":true}]}}