{"id":3294,"date":"2024-11-27T09:40:30","date_gmt":"2024-11-27T08:40:30","guid":{"rendered":"https:\/\/www.elmesias.es\/producto\/touron-dur-aux-amandes-500-g-2\/"},"modified":"2024-11-27T09:40:30","modified_gmt":"2024-11-27T08:40:30","slug":"touron-dur-aux-amandes-500-g-2","status":"publish","type":"product","link":"https:\/\/www.elmesias.es\/fr\/producto\/touron-dur-aux-amandes-500-g-2\/","title":{"rendered":"Touron dur aux amandes &#8211; 500 g"},"content":{"rendered":"<p><em>Sachet de 500 g <\/em><\/p>\n<p><strong><em>Prix<\/em><\/strong><em>: 9,00 \u20ac\/sachet de 500 g <\/em> <\/p>\n<p><em>Qualit\u00e9 Supr\u00eame<\/em><\/p>\n<p><strong><u>Ingr\u00e9dients :<\/u><\/strong> AMANDE, glucose, sucre, miel, BLANC D\u2019OEUF, PAIN D\u2019AZYME, \u00e9mulsifiant. Peut contenir des traces d\u2019autres fruits \u00e0 coque, de s\u00e9same et de sulfites. <\/p>\n<p><strong><u>Informations nutritionnelles (100 g) :<\/u><\/strong><\/p>\n<ul>\n<li>Valeur \u00e9nerg\u00e9tique : 2094 kJ \/ 466 kcal<\/li>\n<li>Mati\u00e8res grasses : 27,7 g<\/li>\n<li>Satur\u00e9es : 11,75 g<\/li>\n<li>Glucides : 51,7 g<\/li>\n<li>Sucres : 50 g<\/li>\n<li>Prot\u00e9ines : 10,2 g<\/li>\n<li>Sel : 0 g<\/li>\n<\/ul>\n","protected":false},"excerpt":{"rendered":"<p>Sachet de 500 g Prix: 9,00 \u20ac\/sachet de 500 g Qualit\u00e9 Supr\u00eame Ingr\u00e9dients : AMANDE, glucose, sucre, miel, BLANC D\u2019OEUF, PAIN D\u2019AZYME, \u00e9mulsifiant. Peut contenir des traces d\u2019autres fruits \u00e0 coque, de s\u00e9same et de sulfites. Informations nutritionnelles (100 g) : Valeur \u00e9nerg\u00e9tique : 2094 kJ \/ 466 kcal Mati\u00e8res grasses : 27,7 g Satur\u00e9es<br \/><a class=\"moretag\" href=\"https:\/\/www.elmesias.es\/fr\/producto\/touron-dur-aux-amandes-500-g-2\/\">+ Read More<\/a><\/p>\n","protected":false},"featured_media":2203,"comment_status":"closed","ping_status":"closed","template":"","meta":[],"product_brand":[],"product_cat":[73,66],"product_tag":[],"class_list":{"0":"post-3294","1":"product","2":"type-product","3":"status-publish","4":"has-post-thumbnail","6":"product_cat-turron-en-portions","7":"product_cat-vrac-et-sachets","9":"first","10":"instock","11":"shipping-taxable","12":"purchasable","13":"product-type-simple"},"_links":{"self":[{"href":"https:\/\/www.elmesias.es\/fr\/wp-json\/wp\/v2\/product\/3294","targetHints":{"allow":["GET"]}}],"collection":[{"href":"https:\/\/www.elmesias.es\/fr\/wp-json\/wp\/v2\/product"}],"about":[{"href":"https:\/\/www.elmesias.es\/fr\/wp-json\/wp\/v2\/types\/product"}],"replies":[{"embeddable":true,"href":"https:\/\/www.elmesias.es\/fr\/wp-json\/wp\/v2\/comments?post=3294"}],"wp:featuredmedia":[{"embeddable":true,"href":"https:\/\/www.elmesias.es\/fr\/wp-json\/wp\/v2\/media\/2203"}],"wp:attachment":[{"href":"https:\/\/www.elmesias.es\/fr\/wp-json\/wp\/v2\/media?parent=3294"}],"wp:term":[{"taxonomy":"product_brand","embeddable":true,"href":"https:\/\/www.elmesias.es\/fr\/wp-json\/wp\/v2\/product_brand?post=3294"},{"taxonomy":"product_cat","embeddable":true,"href":"https:\/\/www.elmesias.es\/fr\/wp-json\/wp\/v2\/product_cat?post=3294"},{"taxonomy":"product_tag","embeddable":true,"href":"https:\/\/www.elmesias.es\/fr\/wp-json\/wp\/v2\/product_tag?post=3294"}],"curies":[{"name":"wp","href":"https:\/\/api.w.org\/{rel}","templated":true}]}}