{"id":3295,"date":"2024-11-20T17:05:35","date_gmt":"2024-11-20T16:05:35","guid":{"rendered":"https:\/\/www.elmesias.es\/producto\/mini-polvoron-destepa-aux-amandes-120-g\/"},"modified":"2024-11-20T17:05:35","modified_gmt":"2024-11-20T16:05:35","slug":"mini-polvoron-destepa-aux-amandes-120-g","status":"publish","type":"product","link":"https:\/\/www.elmesias.es\/fr\/producto\/mini-polvoron-destepa-aux-amandes-120-g\/","title":{"rendered":"Mini Polvor\u00f3n d&rsquo;Estepa aux amandes &#8211; 120 g"},"content":{"rendered":"<p><em>Env. 120 g  <\/em><\/p>\n<p><strong><em>Prix<\/em><\/strong><em> : 1,10 \u20ac\/unit\u00e9<\/em><\/p>\n<p>Certification IGP<\/p>\n<p><strong><u>Ingr\u00e9dients<\/u> :<\/strong> FARINE DE BL\u00c9, graisse de porc (extrait naturel de romarin et acide citrique), sucre, AMANDES (8 %), cannelle, clou de girofle et ar\u00f4me de citron. Peut contenir des traces d&rsquo;\u0153uf, d&rsquo;arachide, de soja, de lait, d&rsquo;autres fruits \u00e0 coque, de s\u00e9same, de sulfites et de moutarde. \u00c0 conserver dans un endroit frais et sec.<\/p>\n<p><strong><u>Informations nutritionnelles (100 g) :<\/u><\/strong><\/p>\n<ul>\n<li>Valeur \u00e9nerg\u00e9tique : 497 kcal\/2079 Kj<\/li>\n<li>Mati\u00e8res grasses : 26,5 g<\/li>\n<li>Acides gras satur\u00e9s : 9,9 g<\/li>\n<li>Glucides : 57,5 g<\/li>\n<li>Sucres : 22,5 g<\/li>\n<li>Prot\u00e9ines : 5,8 g<\/li>\n<li>Sel : 0 g<\/li>\n<\/ul>\n","protected":false},"excerpt":{"rendered":"<p>Env. 120 g Prix : 1,10 \u20ac\/unit\u00e9 Certification IGP Ingr\u00e9dients : FARINE DE BL\u00c9, graisse de porc (extrait naturel de romarin et acide citrique), sucre, AMANDES (8 %), cannelle, clou de girofle et ar\u00f4me de citron. Peut contenir des traces d&rsquo;\u0153uf, d&rsquo;arachide, de soja, de lait, d&rsquo;autres fruits \u00e0 coque, de s\u00e9same, de sulfites et<br \/><a class=\"moretag\" href=\"https:\/\/www.elmesias.es\/fr\/producto\/mini-polvoron-destepa-aux-amandes-120-g\/\">+ Read More<\/a><\/p>\n","protected":false},"featured_media":2172,"comment_status":"closed","ping_status":"closed","template":"","meta":[],"product_brand":[],"product_cat":[74,75],"product_tag":[],"class_list":{"0":"post-3295","1":"product","2":"type-product","3":"status-publish","4":"has-post-thumbnail","6":"product_cat-lots-et-cadeaux","7":"product_cat-produits-classiques-emballage-machine","9":"first","10":"outofstock","11":"shipping-taxable","12":"purchasable","13":"product-type-simple"},"_links":{"self":[{"href":"https:\/\/www.elmesias.es\/fr\/wp-json\/wp\/v2\/product\/3295","targetHints":{"allow":["GET"]}}],"collection":[{"href":"https:\/\/www.elmesias.es\/fr\/wp-json\/wp\/v2\/product"}],"about":[{"href":"https:\/\/www.elmesias.es\/fr\/wp-json\/wp\/v2\/types\/product"}],"replies":[{"embeddable":true,"href":"https:\/\/www.elmesias.es\/fr\/wp-json\/wp\/v2\/comments?post=3295"}],"wp:featuredmedia":[{"embeddable":true,"href":"https:\/\/www.elmesias.es\/fr\/wp-json\/wp\/v2\/media\/2172"}],"wp:attachment":[{"href":"https:\/\/www.elmesias.es\/fr\/wp-json\/wp\/v2\/media?parent=3295"}],"wp:term":[{"taxonomy":"product_brand","embeddable":true,"href":"https:\/\/www.elmesias.es\/fr\/wp-json\/wp\/v2\/product_brand?post=3295"},{"taxonomy":"product_cat","embeddable":true,"href":"https:\/\/www.elmesias.es\/fr\/wp-json\/wp\/v2\/product_cat?post=3295"},{"taxonomy":"product_tag","embeddable":true,"href":"https:\/\/www.elmesias.es\/fr\/wp-json\/wp\/v2\/product_tag?post=3295"}],"curies":[{"name":"wp","href":"https:\/\/api.w.org\/{rel}","templated":true}]}}