{"id":3299,"date":"2024-11-27T10:30:18","date_gmt":"2024-11-27T09:30:18","guid":{"rendered":"https:\/\/www.elmesias.es\/producto\/touron-guirlache-3-kg\/"},"modified":"2024-11-27T10:30:18","modified_gmt":"2024-11-27T09:30:18","slug":"touron-guirlache-3-kg","status":"publish","type":"product","link":"https:\/\/www.elmesias.es\/fr\/producto\/touron-guirlache-3-kg\/","title":{"rendered":"Touron Guirlache &#8211; 3 kg"},"content":{"rendered":"<p><em>Bo\u00eete de 3 kg<\/em><\/p>\n<p><strong><em>Prix<\/em><\/strong><em> : 63,00 \u20ac\/bo\u00eete 3 kg<\/em><\/p>\n<p><em>Qualit\u00e9 Supr\u00eame<\/em><\/p>\n<p><strong><u>Ingr\u00e9dients :<\/u><\/strong> AMANDE (45 %), sirop de glucose, sucre, miel et acidifiant (E 334). Peut contenir des traces de c\u00e9r\u00e9ales contenant du gluten, \u0153ufs, arachides, soja, lait de vache, fruits \u00e0 coque, graines de s\u00e9same et vin (sulfites)<\/p>\n<p><strong><u>Informations nutritionnelles (100 g) :<\/u><\/strong><\/p>\n<ul>\n<li>Valeur \u00e9nerg\u00e9tique : 497 kcal\/2080 kJ<\/li>\n<li>Prot\u00e9ines : 10,3 g<\/li>\n<li>Glucides : 57,4 g<\/li>\n<li>Mati\u00e8res grasses : 23,8 g<\/li>\n<\/ul>\n","protected":false},"excerpt":{"rendered":"<p>Bo\u00eete de 3 kg Prix : 63,00 \u20ac\/bo\u00eete 3 kg Qualit\u00e9 Supr\u00eame Ingr\u00e9dients : AMANDE (45 %), sirop de glucose, sucre, miel et acidifiant (E 334). Peut contenir des traces de c\u00e9r\u00e9ales contenant du gluten, \u0153ufs, arachides, soja, lait de vache, fruits \u00e0 coque, graines de s\u00e9same et vin (sulfites) Informations nutritionnelles (100 g) :<br \/><a class=\"moretag\" href=\"https:\/\/www.elmesias.es\/fr\/producto\/touron-guirlache-3-kg\/\">+ Read More<\/a><\/p>\n","protected":false},"featured_media":2203,"comment_status":"closed","ping_status":"closed","template":"","meta":[],"product_brand":[],"product_cat":[73,66],"product_tag":[],"class_list":{"0":"post-3299","1":"product","2":"type-product","3":"status-publish","4":"has-post-thumbnail","6":"product_cat-turron-en-portions","7":"product_cat-vrac-et-sachets","9":"first","10":"instock","11":"shipping-taxable","12":"purchasable","13":"product-type-simple"},"_links":{"self":[{"href":"https:\/\/www.elmesias.es\/fr\/wp-json\/wp\/v2\/product\/3299","targetHints":{"allow":["GET"]}}],"collection":[{"href":"https:\/\/www.elmesias.es\/fr\/wp-json\/wp\/v2\/product"}],"about":[{"href":"https:\/\/www.elmesias.es\/fr\/wp-json\/wp\/v2\/types\/product"}],"replies":[{"embeddable":true,"href":"https:\/\/www.elmesias.es\/fr\/wp-json\/wp\/v2\/comments?post=3299"}],"wp:featuredmedia":[{"embeddable":true,"href":"https:\/\/www.elmesias.es\/fr\/wp-json\/wp\/v2\/media\/2203"}],"wp:attachment":[{"href":"https:\/\/www.elmesias.es\/fr\/wp-json\/wp\/v2\/media?parent=3299"}],"wp:term":[{"taxonomy":"product_brand","embeddable":true,"href":"https:\/\/www.elmesias.es\/fr\/wp-json\/wp\/v2\/product_brand?post=3299"},{"taxonomy":"product_cat","embeddable":true,"href":"https:\/\/www.elmesias.es\/fr\/wp-json\/wp\/v2\/product_cat?post=3299"},{"taxonomy":"product_tag","embeddable":true,"href":"https:\/\/www.elmesias.es\/fr\/wp-json\/wp\/v2\/product_tag?post=3299"}],"curies":[{"name":"wp","href":"https:\/\/api.w.org\/{rel}","templated":true}]}}