{"id":3300,"date":"2024-11-20T17:01:56","date_gmt":"2024-11-20T16:01:56","guid":{"rendered":"https:\/\/www.elmesias.es\/producto\/mini-roscos-de-vino-90-g\/"},"modified":"2024-11-20T17:01:56","modified_gmt":"2024-11-20T16:01:56","slug":"mini-roscos-de-vino-90-g","status":"publish","type":"product","link":"https:\/\/www.elmesias.es\/fr\/producto\/mini-roscos-de-vino-90-g\/","title":{"rendered":"Mini Roscos de Vino &#8211; 90 g"},"content":{"rendered":"<p><em>Est. 90 g<\/em><\/p>\n<p><strong><em>Prix<\/em><\/strong><em> : 0,90 \u20ac\/unit\u00e9<\/em><\/p>\n<p><strong><u>Ingr\u00e9dients :<\/u><\/strong> FARINE DE BL\u00c9, graisse de porc (extrait de romarin et ac. citrique), sucre, vin (8,5 %) (SULFITES), anis, S\u00c9SAME, cannelle et clou de girofle. Peut contenir des traces d&rsquo;\u0153uf, d&rsquo;arachide, de soja, de lait, de fruits \u00e0 coque et de moutarde. \u00c0 conserver dans un endroit frais et sec.<\/p>\n<p><strong><u>Informations nutritionnelles (100 g) :<\/u><\/strong><\/p>\n<ul>\n<li>Valeur \u00e9nerg\u00e9tique : 450 kcal\/1882 kJ<\/li>\n<li>Mati\u00e8res grasses : 23,5 g<\/li>\n<li>Dont satur\u00e9es : 8,4 g<\/li>\n<li>Glucides : 50,5 g<\/li>\n<li>Dont sucres : 9,4 g<\/li>\n<li>Prot\u00e9ines : 5,7 g<\/li>\n<li>Sel : 0 g<\/li>\n<\/ul>\n","protected":false},"excerpt":{"rendered":"<p>Est. 90 g Prix : 0,90 \u20ac\/unit\u00e9 Ingr\u00e9dients : FARINE DE BL\u00c9, graisse de porc (extrait de romarin et ac. citrique), sucre, vin (8,5 %) (SULFITES), anis, S\u00c9SAME, cannelle et clou de girofle. Peut contenir des traces d&rsquo;\u0153uf, d&rsquo;arachide, de soja, de lait, de fruits \u00e0 coque et de moutarde. \u00c0 conserver dans un endroit<br \/><a class=\"moretag\" href=\"https:\/\/www.elmesias.es\/fr\/producto\/mini-roscos-de-vino-90-g\/\">+ Read More<\/a><\/p>\n","protected":false},"featured_media":2168,"comment_status":"closed","ping_status":"closed","template":"","meta":[],"product_brand":[],"product_cat":[74,75],"product_tag":[],"class_list":{"0":"post-3300","1":"product","2":"type-product","3":"status-publish","4":"has-post-thumbnail","6":"product_cat-lots-et-cadeaux","7":"product_cat-produits-classiques-emballage-machine","9":"first","10":"outofstock","11":"shipping-taxable","12":"purchasable","13":"product-type-simple"},"_links":{"self":[{"href":"https:\/\/www.elmesias.es\/fr\/wp-json\/wp\/v2\/product\/3300","targetHints":{"allow":["GET"]}}],"collection":[{"href":"https:\/\/www.elmesias.es\/fr\/wp-json\/wp\/v2\/product"}],"about":[{"href":"https:\/\/www.elmesias.es\/fr\/wp-json\/wp\/v2\/types\/product"}],"replies":[{"embeddable":true,"href":"https:\/\/www.elmesias.es\/fr\/wp-json\/wp\/v2\/comments?post=3300"}],"wp:featuredmedia":[{"embeddable":true,"href":"https:\/\/www.elmesias.es\/fr\/wp-json\/wp\/v2\/media\/2168"}],"wp:attachment":[{"href":"https:\/\/www.elmesias.es\/fr\/wp-json\/wp\/v2\/media?parent=3300"}],"wp:term":[{"taxonomy":"product_brand","embeddable":true,"href":"https:\/\/www.elmesias.es\/fr\/wp-json\/wp\/v2\/product_brand?post=3300"},{"taxonomy":"product_cat","embeddable":true,"href":"https:\/\/www.elmesias.es\/fr\/wp-json\/wp\/v2\/product_cat?post=3300"},{"taxonomy":"product_tag","embeddable":true,"href":"https:\/\/www.elmesias.es\/fr\/wp-json\/wp\/v2\/product_tag?post=3300"}],"curies":[{"name":"wp","href":"https:\/\/api.w.org\/{rel}","templated":true}]}}