{"id":3302,"date":"2024-11-20T17:09:04","date_gmt":"2024-11-20T16:09:04","guid":{"rendered":"https:\/\/www.elmesias.es\/producto\/assortiment-de-noel-300-g\/"},"modified":"2024-11-20T17:09:04","modified_gmt":"2024-11-20T16:09:04","slug":"assortiment-de-noel-300-g","status":"publish","type":"product","link":"https:\/\/www.elmesias.es\/fr\/producto\/assortiment-de-noel-300-g\/","title":{"rendered":"Assortiment de No\u00ebl &#8211; 300 g"},"content":{"rendered":"<p><em>Env. 300 g <\/em><\/p>\n<p><strong><em>Prix<\/em><\/strong><em> : 2,15 \u20ac\/unit\u00e9<\/em><\/p>\n<p><em>Certification IGP<\/em><\/p>\n<p><strong><u>Contenu :<\/u><\/strong> Mantecado d\u2019Estepa \u00e0 la cannelle, Mantecado d\u2019Estepa au citron, Mantecado d\u2019Estepa au cacao, Polvor\u00f3n d\u2019Estepa aux amandes (9 %) et Rosco au vin.<\/p>\n<p><strong><u>Ingr\u00e9dients :<\/u><\/strong> FARINE DE BL\u00c9, graisse de porc (extrait naturel de romarin et ac. citrique), sucre, vin (SULFITES), AMANDE, cannelle, cacao, S\u00c9SAME, anis vert, clou de girofle, vanilline, ar\u00f4me de citron (extrait naturel de romarin). Peut contenir des traces d\u2019\u0153ufs, d\u2019arachide, de soja, de lait, d\u2019autres fruits \u00e0 coque et de moutarde.  \u00c0 conserver dans un endroit frais et sec.<\/p>\n<p><strong><u>Informations nutritionnelles (100 g) :<\/u><\/strong><\/p>\n<ul>\n<li>Valeur \u00e9nerg\u00e9tique : 490 kcal\/2050 kJ<\/li>\n<li>Mati\u00e8res grasses : 25,2 g<\/li>\n<li>Satur\u00e9es : 10,1 g<\/li>\n<li>Glucides : 58,5 g<\/li>\n<li>Sucres : 20,8 g<\/li>\n<li>Prot\u00e9ines : 5,4 g<\/li>\n<li>Sel : 0 g<\/li>\n<\/ul>\n","protected":false},"excerpt":{"rendered":"<p>Env. 300 g Prix : 2,15 \u20ac\/unit\u00e9 Certification IGP Contenu : Mantecado d\u2019Estepa \u00e0 la cannelle, Mantecado d\u2019Estepa au citron, Mantecado d\u2019Estepa au cacao, Polvor\u00f3n d\u2019Estepa aux amandes (9 %) et Rosco au vin. Ingr\u00e9dients : FARINE DE BL\u00c9, graisse de porc (extrait naturel de romarin et ac. citrique), sucre, vin (SULFITES), AMANDE, cannelle, cacao,<br \/><a class=\"moretag\" href=\"https:\/\/www.elmesias.es\/fr\/producto\/assortiment-de-noel-300-g\/\">+ Read More<\/a><\/p>\n","protected":false},"featured_media":2174,"comment_status":"closed","ping_status":"closed","template":"","meta":[],"product_brand":[],"product_cat":[74,75],"product_tag":[],"class_list":{"0":"post-3302","1":"product","2":"type-product","3":"status-publish","4":"has-post-thumbnail","6":"product_cat-lots-et-cadeaux","7":"product_cat-produits-classiques-emballage-machine","9":"first","10":"outofstock","11":"shipping-taxable","12":"purchasable","13":"product-type-simple"},"_links":{"self":[{"href":"https:\/\/www.elmesias.es\/fr\/wp-json\/wp\/v2\/product\/3302","targetHints":{"allow":["GET"]}}],"collection":[{"href":"https:\/\/www.elmesias.es\/fr\/wp-json\/wp\/v2\/product"}],"about":[{"href":"https:\/\/www.elmesias.es\/fr\/wp-json\/wp\/v2\/types\/product"}],"replies":[{"embeddable":true,"href":"https:\/\/www.elmesias.es\/fr\/wp-json\/wp\/v2\/comments?post=3302"}],"wp:featuredmedia":[{"embeddable":true,"href":"https:\/\/www.elmesias.es\/fr\/wp-json\/wp\/v2\/media\/2174"}],"wp:attachment":[{"href":"https:\/\/www.elmesias.es\/fr\/wp-json\/wp\/v2\/media?parent=3302"}],"wp:term":[{"taxonomy":"product_brand","embeddable":true,"href":"https:\/\/www.elmesias.es\/fr\/wp-json\/wp\/v2\/product_brand?post=3302"},{"taxonomy":"product_cat","embeddable":true,"href":"https:\/\/www.elmesias.es\/fr\/wp-json\/wp\/v2\/product_cat?post=3302"},{"taxonomy":"product_tag","embeddable":true,"href":"https:\/\/www.elmesias.es\/fr\/wp-json\/wp\/v2\/product_tag?post=3302"}],"curies":[{"name":"wp","href":"https:\/\/api.w.org\/{rel}","templated":true}]}}