{"id":3303,"date":"2024-11-20T17:03:45","date_gmt":"2024-11-20T16:03:45","guid":{"rendered":"https:\/\/www.elmesias.es\/producto\/mini-assortiment-de-bouchees-120-g\/"},"modified":"2024-11-20T17:03:45","modified_gmt":"2024-11-20T16:03:45","slug":"mini-assortiment-de-bouchees-120-g","status":"publish","type":"product","link":"https:\/\/www.elmesias.es\/fr\/producto\/mini-assortiment-de-bouchees-120-g\/","title":{"rendered":"Mini assortiment de bouch\u00e9es &#8211; 120 g"},"content":{"rendered":"<p><em>Est. 120 g<\/em><\/p>\n<p><strong><em>Prix<\/em><\/strong><em> : 1,1 \u20ac\/unit\u00e9<\/em><\/p>\n<p>Certifi\u00e9 IGP<\/p>\n<p><strong><u>Contenu :<\/u><\/strong> Mini Mantecado de Estepa \u00e0 la cannelle, Mini Mantecado de Estepa au citron, Mini Mantecado de Estepa au cacao, Mini Polvor\u00f3n de Estepa aux amandes (9 %) et Mini Rosco de Vino.<\/p>\n<p><strong><u>Ingr\u00e9dients :<\/u><\/strong> FARINE DE BL\u00c9, graisse de porc (extrait naturel de romarin et acide citrique), sucre, vin (SULFITES), AMANDE, cannelle, cacao, S\u00c9SAME, anis vert, clou de girofle, vanilline et ar\u00f4me de citron. Peut contenir des traces d\u2019\u0153ufs, d\u2019arachides, de soja, de lait, d\u2019autres fruits \u00e0 coque et de moutarde. \u00c0 conserver dans un endroit frais et sec.<\/p>\n<p><strong><u>Informations nutritionnelles :<\/u><\/strong><\/p>\n<ul>\n<li>Valeur \u00e9nerg\u00e9tique : 484 kcal\/2025 kJ<\/li>\n<li>Mati\u00e8res grasses : 24,9 g<\/li>\n<li>Satur\u00e9es : 9,9 g<\/li>\n<li>Glucides : 58 g<\/li>\n<li>Sucres : 20,6 g<\/li>\n<li>Prot\u00e9ines : 5,3 g<\/li>\n<li>Sel : 0 g<\/li>\n<\/ul>\n","protected":false},"excerpt":{"rendered":"<p>Est. 120 g Prix : 1,1 \u20ac\/unit\u00e9 Certifi\u00e9 IGP Contenu : Mini Mantecado de Estepa \u00e0 la cannelle, Mini Mantecado de Estepa au citron, Mini Mantecado de Estepa au cacao, Mini Polvor\u00f3n de Estepa aux amandes (9 %) et Mini Rosco de Vino. Ingr\u00e9dients : FARINE DE BL\u00c9, graisse de porc (extrait naturel de romarin<br \/><a class=\"moretag\" href=\"https:\/\/www.elmesias.es\/fr\/producto\/mini-assortiment-de-bouchees-120-g\/\">+ Read More<\/a><\/p>\n","protected":false},"featured_media":2170,"comment_status":"closed","ping_status":"closed","template":"","meta":[],"product_brand":[],"product_cat":[74,75],"product_tag":[],"class_list":{"0":"post-3303","1":"product","2":"type-product","3":"status-publish","4":"has-post-thumbnail","6":"product_cat-lots-et-cadeaux","7":"product_cat-produits-classiques-emballage-machine","9":"first","10":"outofstock","11":"shipping-taxable","12":"purchasable","13":"product-type-simple"},"_links":{"self":[{"href":"https:\/\/www.elmesias.es\/fr\/wp-json\/wp\/v2\/product\/3303","targetHints":{"allow":["GET"]}}],"collection":[{"href":"https:\/\/www.elmesias.es\/fr\/wp-json\/wp\/v2\/product"}],"about":[{"href":"https:\/\/www.elmesias.es\/fr\/wp-json\/wp\/v2\/types\/product"}],"replies":[{"embeddable":true,"href":"https:\/\/www.elmesias.es\/fr\/wp-json\/wp\/v2\/comments?post=3303"}],"wp:featuredmedia":[{"embeddable":true,"href":"https:\/\/www.elmesias.es\/fr\/wp-json\/wp\/v2\/media\/2170"}],"wp:attachment":[{"href":"https:\/\/www.elmesias.es\/fr\/wp-json\/wp\/v2\/media?parent=3303"}],"wp:term":[{"taxonomy":"product_brand","embeddable":true,"href":"https:\/\/www.elmesias.es\/fr\/wp-json\/wp\/v2\/product_brand?post=3303"},{"taxonomy":"product_cat","embeddable":true,"href":"https:\/\/www.elmesias.es\/fr\/wp-json\/wp\/v2\/product_cat?post=3303"},{"taxonomy":"product_tag","embeddable":true,"href":"https:\/\/www.elmesias.es\/fr\/wp-json\/wp\/v2\/product_tag?post=3303"}],"curies":[{"name":"wp","href":"https:\/\/api.w.org\/{rel}","templated":true}]}}