{"id":3305,"date":"2024-11-20T16:49:24","date_gmt":"2024-11-20T15:49:24","guid":{"rendered":"https:\/\/www.elmesias.es\/producto\/anneaux-au-vin-artisanaux-150-g\/"},"modified":"2024-11-20T16:49:24","modified_gmt":"2024-11-20T15:49:24","slug":"anneaux-au-vin-artisanaux-150-g","status":"publish","type":"product","link":"https:\/\/www.elmesias.es\/fr\/producto\/anneaux-au-vin-artisanaux-150-g\/","title":{"rendered":"Anneaux au vin artisanaux &#8211; 150 g"},"content":{"rendered":"<p><em>Est. 150 g<\/em><\/p>\n<p><strong><em>Prix<\/em><\/strong><em> : 1,30 \u20ac\/unit\u00e9<\/em><\/p>\n<p><strong><u>Ingr\u00e9dients<\/u> :<\/strong> FARINE DE BL\u00c9, graisse de porc (extrait de romarin et ac. citrique), sucre, vin (8,5 %) (SULFITES), anis vert, S\u00c9SAME, cannelle et clou de girofle. Peut contenir des traces d\u2019\u0153uf, d\u2019arachide, de soja, de lait, de fruits \u00e0 coque et de moutarde. \u00c0 conserver dans un endroit frais et sec.<\/p>\n<p><strong><u>Informations nutritionnelles (100 g) :<\/u><\/strong><\/p>\n<ul>\n<li>Valeur \u00e9nerg\u00e9tique : 450 kcal\/1882 kJ<\/li>\n<li>Mati\u00e8res grasses : 23,5 g<\/li>\n<li>Dont satur\u00e9es : 8,4 g<\/li>\n<li>Glucides : 50,5 g<\/li>\n<li>Dont sucres : 9,4 g<\/li>\n<li>Prot\u00e9ines : 5,7 g<\/li>\n<li>Sel : 0 g<\/li>\n<\/ul>\n","protected":false},"excerpt":{"rendered":"<p>Est. 150 g Prix : 1,30 \u20ac\/unit\u00e9 Ingr\u00e9dients : FARINE DE BL\u00c9, graisse de porc (extrait de romarin et ac. citrique), sucre, vin (8,5 %) (SULFITES), anis vert, S\u00c9SAME, cannelle et clou de girofle. Peut contenir des traces d\u2019\u0153uf, d\u2019arachide, de soja, de lait, de fruits \u00e0 coque et de moutarde. \u00c0 conserver dans un<br \/><a class=\"moretag\" href=\"https:\/\/www.elmesias.es\/fr\/producto\/anneaux-au-vin-artisanaux-150-g\/\">+ Read More<\/a><\/p>\n","protected":false},"featured_media":2159,"comment_status":"closed","ping_status":"closed","template":"","meta":[],"product_brand":[],"product_cat":[74,76],"product_tag":[],"class_list":{"0":"post-3305","1":"product","2":"type-product","3":"status-publish","4":"has-post-thumbnail","6":"product_cat-lots-et-cadeaux","7":"product_cat-produits-traditionnels-emballage-noue","9":"first","10":"outofstock","11":"shipping-taxable","12":"purchasable","13":"product-type-simple"},"_links":{"self":[{"href":"https:\/\/www.elmesias.es\/fr\/wp-json\/wp\/v2\/product\/3305","targetHints":{"allow":["GET"]}}],"collection":[{"href":"https:\/\/www.elmesias.es\/fr\/wp-json\/wp\/v2\/product"}],"about":[{"href":"https:\/\/www.elmesias.es\/fr\/wp-json\/wp\/v2\/types\/product"}],"replies":[{"embeddable":true,"href":"https:\/\/www.elmesias.es\/fr\/wp-json\/wp\/v2\/comments?post=3305"}],"wp:featuredmedia":[{"embeddable":true,"href":"https:\/\/www.elmesias.es\/fr\/wp-json\/wp\/v2\/media\/2159"}],"wp:attachment":[{"href":"https:\/\/www.elmesias.es\/fr\/wp-json\/wp\/v2\/media?parent=3305"}],"wp:term":[{"taxonomy":"product_brand","embeddable":true,"href":"https:\/\/www.elmesias.es\/fr\/wp-json\/wp\/v2\/product_brand?post=3305"},{"taxonomy":"product_cat","embeddable":true,"href":"https:\/\/www.elmesias.es\/fr\/wp-json\/wp\/v2\/product_cat?post=3305"},{"taxonomy":"product_tag","embeddable":true,"href":"https:\/\/www.elmesias.es\/fr\/wp-json\/wp\/v2\/product_tag?post=3305"}],"curies":[{"name":"wp","href":"https:\/\/api.w.org\/{rel}","templated":true}]}}