{"id":3307,"date":"2024-11-20T16:59:11","date_gmt":"2024-11-20T15:59:11","guid":{"rendered":"https:\/\/www.elmesias.es\/producto\/mantecados-aux-morceaux-de-biscuit-marie-100-g\/"},"modified":"2024-11-20T16:59:11","modified_gmt":"2024-11-20T15:59:11","slug":"mantecados-aux-morceaux-de-biscuit-marie-100-g","status":"publish","type":"product","link":"https:\/\/www.elmesias.es\/fr\/producto\/mantecados-aux-morceaux-de-biscuit-marie-100-g\/","title":{"rendered":"Mantecados aux morceaux de biscuit Marie &#8211; 100 g"},"content":{"rendered":"<p><em>100 g <\/em><\/p>\n<p><strong><em>Prix<\/em><\/strong><em> : 1,10 \u20ac\/unit\u00e9<\/em><\/p>\n<p>Que pensez-vous de l\u2019id\u00e9e de fusionner la saveur de l\u2019authentique biscuit Marie avec les Mantecados ?<\/p>\n<p>Go\u00fbtez \u00e0 cette bouch\u00e9e irr\u00e9sistible.<\/p>\n<p><u><strong>Ingr\u00e9dients<\/strong> :<\/u> FARINE DE BL\u00c9, graisse de porc (extrait naturel de romarin et acide citrique), sucre, biscuit Marie 9 % (LAIT, SULFITE, \u0152UF), margarine (LAIT), cannelle, ar\u00f4me biscuit et sirop de glucose. Peut contenir des traces d\u2019\u0153uf, d\u2019amande, d\u2019arachide, de s\u00e9same, de soja, de lait, de fruits \u00e0 coque et de sulfites. \u00c0 conserver dans un endroit frais et sec.  <\/p>\n<p><strong><u>Informations nutritionnelles (100 g) : <\/u><\/strong><\/p>\n<ul>\n<li>Valeur \u00e9nerg\u00e9tique : 482 kcal\/2015 kJ<\/li>\n<li>Graisses : 24,6 g<\/li>\n<li>Satur\u00e9es : 9,9 g<\/li>\n<li>Glucides : 58,8 g<\/li>\n<li>Sucres : 22,8 g<\/li>\n<li>Prot\u00e9ines : 4,8 g<\/li>\n<li>Sel : 0 g<\/li>\n<\/ul>\n","protected":false},"excerpt":{"rendered":"<p>100 g Prix : 1,10 \u20ac\/unit\u00e9 Que pensez-vous de l\u2019id\u00e9e de fusionner la saveur de l\u2019authentique biscuit Marie avec les Mantecados ? Go\u00fbtez \u00e0 cette bouch\u00e9e irr\u00e9sistible. Ingr\u00e9dients : FARINE DE BL\u00c9, graisse de porc (extrait naturel de romarin et acide citrique), sucre, biscuit Marie 9 % (LAIT, SULFITE, \u0152UF), margarine (LAIT), cannelle, ar\u00f4me biscuit<br \/><a class=\"moretag\" href=\"https:\/\/www.elmesias.es\/fr\/producto\/mantecados-aux-morceaux-de-biscuit-marie-100-g\/\">+ Read More<\/a><\/p>\n","protected":false},"featured_media":2166,"comment_status":"closed","ping_status":"closed","template":"","meta":[],"product_brand":[],"product_cat":[74,75],"product_tag":[],"class_list":{"0":"post-3307","1":"product","2":"type-product","3":"status-publish","4":"has-post-thumbnail","6":"product_cat-lots-et-cadeaux","7":"product_cat-produits-classiques-emballage-machine","9":"first","10":"outofstock","11":"shipping-taxable","12":"purchasable","13":"product-type-simple"},"_links":{"self":[{"href":"https:\/\/www.elmesias.es\/fr\/wp-json\/wp\/v2\/product\/3307","targetHints":{"allow":["GET"]}}],"collection":[{"href":"https:\/\/www.elmesias.es\/fr\/wp-json\/wp\/v2\/product"}],"about":[{"href":"https:\/\/www.elmesias.es\/fr\/wp-json\/wp\/v2\/types\/product"}],"replies":[{"embeddable":true,"href":"https:\/\/www.elmesias.es\/fr\/wp-json\/wp\/v2\/comments?post=3307"}],"wp:featuredmedia":[{"embeddable":true,"href":"https:\/\/www.elmesias.es\/fr\/wp-json\/wp\/v2\/media\/2166"}],"wp:attachment":[{"href":"https:\/\/www.elmesias.es\/fr\/wp-json\/wp\/v2\/media?parent=3307"}],"wp:term":[{"taxonomy":"product_brand","embeddable":true,"href":"https:\/\/www.elmesias.es\/fr\/wp-json\/wp\/v2\/product_brand?post=3307"},{"taxonomy":"product_cat","embeddable":true,"href":"https:\/\/www.elmesias.es\/fr\/wp-json\/wp\/v2\/product_cat?post=3307"},{"taxonomy":"product_tag","embeddable":true,"href":"https:\/\/www.elmesias.es\/fr\/wp-json\/wp\/v2\/product_tag?post=3307"}],"curies":[{"name":"wp","href":"https:\/\/api.w.org\/{rel}","templated":true}]}}