{"id":3309,"date":"2024-11-20T16:31:09","date_gmt":"2024-11-20T15:31:09","guid":{"rendered":"https:\/\/www.elmesias.es\/producto\/cortaditos-de-angel-100-g\/"},"modified":"2024-11-20T16:31:09","modified_gmt":"2024-11-20T15:31:09","slug":"cortaditos-de-angel-100-g","status":"publish","type":"product","link":"https:\/\/www.elmesias.es\/fr\/producto\/cortaditos-de-angel-100-g\/","title":{"rendered":"Cortaditos de \u00c1ngel &#8211; 100 g"},"content":{"rendered":"<p><em>Est. 100 g <\/em><\/p>\n<p><strong><em>Prix<\/em><\/strong><em> : 1,15 \u20ac\/unit\u00e9<\/em><\/p>\n<p><strong><u>Ingr\u00e9dients<\/u> :<\/strong> FARINE DE BL\u00c9, graisse de porc (extrait de romarin et ac. citrique), c\u00e9drat en fils (pulpe de c\u00e9drat, sucre, sirop de glucose, fructose, amidon modifi\u00e9 : E-1442, gomme de caroube, acidifiant : E-330, conservateur : E-202 et ar\u00f4mes), sucre, \u0152UFS et cannelle. Peut contenir des traces de cacahu\u00e8te, soja, lait, fruits \u00e0 coque, s\u00e9same, sulfites et moutarde.  \u00c0 conserver dans un endroit frais et sec.<\/p>\n<p><strong><u>Informations nutritionnelles (100 g) :<\/u><\/strong><\/p>\n<ul>\n<li>Valeur \u00e9nerg\u00e9tique : 503 kcal<\/li>\n<li>Mati\u00e8res grasses : 29,8 g<\/li>\n<li>Satur\u00e9es : 11,1 g<\/li>\n<li>Glucides : 50,5 g<\/li>\n<li>Sucres : 13,7 g<\/li>\n<li>Prot\u00e9ines : 6,5 g<\/li>\n<li>Sel : 0 g<\/li>\n<\/ul>\n","protected":false},"excerpt":{"rendered":"<p>Est. 100 g Prix : 1,15 \u20ac\/unit\u00e9 Ingr\u00e9dients : FARINE DE BL\u00c9, graisse de porc (extrait de romarin et ac. citrique), c\u00e9drat en fils (pulpe de c\u00e9drat, sucre, sirop de glucose, fructose, amidon modifi\u00e9 : E-1442, gomme de caroube, acidifiant : E-330, conservateur : E-202 et ar\u00f4mes), sucre, \u0152UFS et cannelle. Peut contenir des traces<br \/><a class=\"moretag\" href=\"https:\/\/www.elmesias.es\/fr\/producto\/cortaditos-de-angel-100-g\/\">+ Read More<\/a><\/p>\n","protected":false},"featured_media":2153,"comment_status":"closed","ping_status":"closed","template":"","meta":[],"product_brand":[],"product_cat":[74,77],"product_tag":[],"class_list":{"0":"post-3309","1":"product","2":"type-product","3":"status-publish","4":"has-post-thumbnail","6":"product_cat-lots-et-cadeaux","7":"product_cat-patisseries-et-specialites-de-noel","9":"first","10":"outofstock","11":"shipping-taxable","12":"purchasable","13":"product-type-simple"},"_links":{"self":[{"href":"https:\/\/www.elmesias.es\/fr\/wp-json\/wp\/v2\/product\/3309","targetHints":{"allow":["GET"]}}],"collection":[{"href":"https:\/\/www.elmesias.es\/fr\/wp-json\/wp\/v2\/product"}],"about":[{"href":"https:\/\/www.elmesias.es\/fr\/wp-json\/wp\/v2\/types\/product"}],"replies":[{"embeddable":true,"href":"https:\/\/www.elmesias.es\/fr\/wp-json\/wp\/v2\/comments?post=3309"}],"wp:featuredmedia":[{"embeddable":true,"href":"https:\/\/www.elmesias.es\/fr\/wp-json\/wp\/v2\/media\/2153"}],"wp:attachment":[{"href":"https:\/\/www.elmesias.es\/fr\/wp-json\/wp\/v2\/media?parent=3309"}],"wp:term":[{"taxonomy":"product_brand","embeddable":true,"href":"https:\/\/www.elmesias.es\/fr\/wp-json\/wp\/v2\/product_brand?post=3309"},{"taxonomy":"product_cat","embeddable":true,"href":"https:\/\/www.elmesias.es\/fr\/wp-json\/wp\/v2\/product_cat?post=3309"},{"taxonomy":"product_tag","embeddable":true,"href":"https:\/\/www.elmesias.es\/fr\/wp-json\/wp\/v2\/product_tag?post=3309"}],"curies":[{"name":"wp","href":"https:\/\/api.w.org\/{rel}","templated":true}]}}