{"id":3311,"date":"2024-11-20T16:51:33","date_gmt":"2024-11-20T15:51:33","guid":{"rendered":"https:\/\/www.elmesias.es\/producto\/polvorones-artisanaux-a-lamande-180-g\/"},"modified":"2024-11-20T16:51:33","modified_gmt":"2024-11-20T15:51:33","slug":"polvorones-artisanaux-a-lamande-180-g","status":"publish","type":"product","link":"https:\/\/www.elmesias.es\/fr\/producto\/polvorones-artisanaux-a-lamande-180-g\/","title":{"rendered":"Polvorones Artisanaux \u00e0 l&rsquo;Amande &#8211; 180 g"},"content":{"rendered":"<p><em>Est. 180 g <\/em><\/p>\n<p><strong><em>Prix<\/em><\/strong><em> : 1,65 \u20ac\/unit\u00e9<\/em><\/p>\n<p>Polvorones \u00e0 l&rsquo;<strong>AMANDE<\/strong> avec emballage traditionnel. Certification europ\u00e9enne IGP, qui garantit que ce produit respecte des normes de qualit\u00e9 \u00e9lev\u00e9es et reconna\u00eet sa fabrication \u00e0 Estepa. <\/p>\n<p>Les polvorones les plus traditionnels.<\/p>\n<p><strong><u>Ingr\u00e9dients :<\/u><\/strong> FARINE DE BL\u00c9, sucre, graisse de porc (extrait naturel de romarin, acide citrique), AMANDE (9 %), cannelle, clou de girofle et ar\u00f4me de citron. Peut contenir des traces d&rsquo;\u0153uf, d&rsquo;arachide, de soja, de lait, d&rsquo;autres fruits \u00e0 coque, de s\u00e9same, de sulfites et de moutarde. \u00c0 conserver dans un endroit frais et sec.<\/p>\n<p><strong><u>Informations nutritionnelles (100 g) :<\/u><\/strong><\/p>\n<ul>\n<li>Valeur \u00e9nerg\u00e9tique503 kcal\/2104 kJ<\/li>\n<li>Mati\u00e8res grasses : 27,7 g<\/li>\n<li>Satur\u00e9es : 9,6 g<\/li>\n<li>Glucides : 55,2 g<\/li>\n<li>Sucres : 21,6 g<\/li>\n<li>Prot\u00e9ines : 6,5 g<\/li>\n<li>Sel : 0 g<\/li>\n<\/ul>\n","protected":false},"excerpt":{"rendered":"<p>Est. 180 g Prix : 1,65 \u20ac\/unit\u00e9 Polvorones \u00e0 l&rsquo;AMANDE avec emballage traditionnel. Certification europ\u00e9enne IGP, qui garantit que ce produit respecte des normes de qualit\u00e9 \u00e9lev\u00e9es et reconna\u00eet sa fabrication \u00e0 Estepa. Les polvorones les plus traditionnels. Ingr\u00e9dients : FARINE DE BL\u00c9, sucre, graisse de porc (extrait naturel de romarin, acide citrique), AMANDE (9<br \/><a class=\"moretag\" href=\"https:\/\/www.elmesias.es\/fr\/producto\/polvorones-artisanaux-a-lamande-180-g\/\">+ Read More<\/a><\/p>\n","protected":false},"featured_media":2161,"comment_status":"closed","ping_status":"closed","template":"","meta":[],"product_brand":[],"product_cat":[74,76],"product_tag":[],"class_list":{"0":"post-3311","1":"product","2":"type-product","3":"status-publish","4":"has-post-thumbnail","6":"product_cat-lots-et-cadeaux","7":"product_cat-produits-traditionnels-emballage-noue","9":"first","10":"outofstock","11":"shipping-taxable","12":"purchasable","13":"product-type-simple"},"_links":{"self":[{"href":"https:\/\/www.elmesias.es\/fr\/wp-json\/wp\/v2\/product\/3311","targetHints":{"allow":["GET"]}}],"collection":[{"href":"https:\/\/www.elmesias.es\/fr\/wp-json\/wp\/v2\/product"}],"about":[{"href":"https:\/\/www.elmesias.es\/fr\/wp-json\/wp\/v2\/types\/product"}],"replies":[{"embeddable":true,"href":"https:\/\/www.elmesias.es\/fr\/wp-json\/wp\/v2\/comments?post=3311"}],"wp:featuredmedia":[{"embeddable":true,"href":"https:\/\/www.elmesias.es\/fr\/wp-json\/wp\/v2\/media\/2161"}],"wp:attachment":[{"href":"https:\/\/www.elmesias.es\/fr\/wp-json\/wp\/v2\/media?parent=3311"}],"wp:term":[{"taxonomy":"product_brand","embeddable":true,"href":"https:\/\/www.elmesias.es\/fr\/wp-json\/wp\/v2\/product_brand?post=3311"},{"taxonomy":"product_cat","embeddable":true,"href":"https:\/\/www.elmesias.es\/fr\/wp-json\/wp\/v2\/product_cat?post=3311"},{"taxonomy":"product_tag","embeddable":true,"href":"https:\/\/www.elmesias.es\/fr\/wp-json\/wp\/v2\/product_tag?post=3311"}],"curies":[{"name":"wp","href":"https:\/\/api.w.org\/{rel}","templated":true}]}}