{"id":3312,"date":"2024-11-20T16:28:58","date_gmt":"2024-11-20T15:28:58","guid":{"rendered":"https:\/\/www.elmesias.es\/producto\/amandes-gaufrettes-fourrees-au-praline-las-delicadas-80-g\/"},"modified":"2024-11-20T16:28:58","modified_gmt":"2024-11-20T15:28:58","slug":"amandes-gaufrettes-fourrees-au-praline-las-delicadas-80-g","status":"publish","type":"product","link":"https:\/\/www.elmesias.es\/fr\/producto\/amandes-gaufrettes-fourrees-au-praline-las-delicadas-80-g\/","title":{"rendered":"Amandes. Gaufrettes fourr\u00e9es au pralin\u00e9 \u00ab Las Delicadas \u00bb &#8211; 80 g"},"content":{"rendered":"<p><em>Env. 80 g  <\/em><\/p>\n<p><strong><em>Prix<\/em><\/strong><em> : 1,15 \u20ac\/unit\u00e9<\/em><\/p>\n<p><strong><u>Ingr\u00e9dients :<\/u><\/strong> FARINE DE BL\u00c9, sucre, mati\u00e8re grasse v\u00e9g\u00e9tale, AMANDE (10 %), GAUFRETTE (FARINE DE BL\u00c9, \u00e9mulsifiant : L\u00c9CITHINE DE SOJA, amidon de ma\u00efs, fibre v\u00e9g\u00e9tale, cacao, stabilisant : bicarbonate de sodium, sel), cannelle et ar\u00f4me de nougat. Peut contenir des traces d\u2019\u0153uf, d\u2019arachide, de lait, d\u2019autres fruits \u00e0 coque, de s\u00e9same, de sulfites et de moutarde.  \u00c0 conserver dans un endroit frais et sec.<\/p>\n<p><strong><u>Informations nutritionnelles (100 g) :<\/u><\/strong><\/p>\n<ul>\n<li>Valeur \u00e9nerg\u00e9tique : 1948 kcal<\/li>\n<li>Mati\u00e8res grasses : 17 g<\/li>\n<li>Dont satur\u00e9es : 6,3 g<\/li>\n<li>Glucides : 70 g<\/li>\n<li>Dont sucres : 36 g<\/li>\n<li>Prot\u00e9ines : 6,4 g<\/li>\n<li>Sel : 0,06 g<\/li>\n<\/ul>\n","protected":false},"excerpt":{"rendered":"<p>Env. 80 g Prix : 1,15 \u20ac\/unit\u00e9 Ingr\u00e9dients : FARINE DE BL\u00c9, sucre, mati\u00e8re grasse v\u00e9g\u00e9tale, AMANDE (10 %), GAUFRETTE (FARINE DE BL\u00c9, \u00e9mulsifiant : L\u00c9CITHINE DE SOJA, amidon de ma\u00efs, fibre v\u00e9g\u00e9tale, cacao, stabilisant : bicarbonate de sodium, sel), cannelle et ar\u00f4me de nougat. Peut contenir des traces d\u2019\u0153uf, d\u2019arachide, de lait, d\u2019autres fruits<br \/><a class=\"moretag\" href=\"https:\/\/www.elmesias.es\/fr\/producto\/amandes-gaufrettes-fourrees-au-praline-las-delicadas-80-g\/\">+ Read More<\/a><\/p>\n","protected":false},"featured_media":2151,"comment_status":"closed","ping_status":"closed","template":"","meta":[],"product_brand":[],"product_cat":[74,77],"product_tag":[],"class_list":{"0":"post-3312","1":"product","2":"type-product","3":"status-publish","4":"has-post-thumbnail","6":"product_cat-lots-et-cadeaux","7":"product_cat-patisseries-et-specialites-de-noel","9":"first","10":"outofstock","11":"shipping-taxable","12":"purchasable","13":"product-type-simple"},"_links":{"self":[{"href":"https:\/\/www.elmesias.es\/fr\/wp-json\/wp\/v2\/product\/3312","targetHints":{"allow":["GET"]}}],"collection":[{"href":"https:\/\/www.elmesias.es\/fr\/wp-json\/wp\/v2\/product"}],"about":[{"href":"https:\/\/www.elmesias.es\/fr\/wp-json\/wp\/v2\/types\/product"}],"replies":[{"embeddable":true,"href":"https:\/\/www.elmesias.es\/fr\/wp-json\/wp\/v2\/comments?post=3312"}],"wp:featuredmedia":[{"embeddable":true,"href":"https:\/\/www.elmesias.es\/fr\/wp-json\/wp\/v2\/media\/2151"}],"wp:attachment":[{"href":"https:\/\/www.elmesias.es\/fr\/wp-json\/wp\/v2\/media?parent=3312"}],"wp:term":[{"taxonomy":"product_brand","embeddable":true,"href":"https:\/\/www.elmesias.es\/fr\/wp-json\/wp\/v2\/product_brand?post=3312"},{"taxonomy":"product_cat","embeddable":true,"href":"https:\/\/www.elmesias.es\/fr\/wp-json\/wp\/v2\/product_cat?post=3312"},{"taxonomy":"product_tag","embeddable":true,"href":"https:\/\/www.elmesias.es\/fr\/wp-json\/wp\/v2\/product_tag?post=3312"}],"curies":[{"name":"wp","href":"https:\/\/api.w.org\/{rel}","templated":true}]}}