{"id":3314,"date":"2024-11-20T16:45:27","date_gmt":"2024-11-20T15:45:27","guid":{"rendered":"https:\/\/www.elmesias.es\/producto\/cortaditos-au-chocolat-100-g\/"},"modified":"2024-11-20T16:45:27","modified_gmt":"2024-11-20T15:45:27","slug":"cortaditos-au-chocolat-100-g","status":"publish","type":"product","link":"https:\/\/www.elmesias.es\/fr\/producto\/cortaditos-au-chocolat-100-g\/","title":{"rendered":"Cortaditos au chocolat &#8211; 100 g"},"content":{"rendered":"<p><em>Env. 100 g <\/em><\/p>\n<p><strong><em>Prix<\/em><\/strong><em> : 1,15 \u20ac\/unit\u00e9<\/em><\/p>\n<p><strong><u>Ingr\u00e9dients<\/u> :<\/strong> FARINE DE BL\u00c9, graisse v\u00e9g\u00e9tale, cr\u00e8me de cacao (sucre, huile v\u00e9g\u00e9tale (tournesol, SOJA, colza), cacao d\u00e9graiss\u00e9 en poudre, amidon, \u00e9mulsifiant (E-322), p\u00e2te de NOISETTE, ar\u00f4mes et antioxydants (E-306, E-304), sucre, \u0152UF et cannelle. Peut contenir des traces d\u2019arachide, de lait, d\u2019autres fruits \u00e0 coque, de s\u00e9same, de sulfites et de moutarde.  \u00c0 conserver dans un endroit frais et sec.<\/p>\n<p><strong><u>Informations nutritionnelles (100 g) :<\/u><\/strong><\/p>\n<ul>\n<li>Valeur \u00e9nerg\u00e9tique : 508 kcal<\/li>\n<li>Graisses : 29,6 g<\/li>\n<li>Satur\u00e9es : 12,7 g<\/li>\n<li>Glucides : 53,4 g<\/li>\n<li>Sucres : 18,9 g<\/li>\n<li>Prot\u00e9ines : 5,7 g<\/li>\n<li>Sel : 0 g<\/li>\n<\/ul>\n","protected":false},"excerpt":{"rendered":"<p>Env. 100 g Prix : 1,15 \u20ac\/unit\u00e9 Ingr\u00e9dients : FARINE DE BL\u00c9, graisse v\u00e9g\u00e9tale, cr\u00e8me de cacao (sucre, huile v\u00e9g\u00e9tale (tournesol, SOJA, colza), cacao d\u00e9graiss\u00e9 en poudre, amidon, \u00e9mulsifiant (E-322), p\u00e2te de NOISETTE, ar\u00f4mes et antioxydants (E-306, E-304), sucre, \u0152UF et cannelle. Peut contenir des traces d\u2019arachide, de lait, d\u2019autres fruits \u00e0 coque, de s\u00e9same,<br \/><a class=\"moretag\" href=\"https:\/\/www.elmesias.es\/fr\/producto\/cortaditos-au-chocolat-100-g\/\">+ Read More<\/a><\/p>\n","protected":false},"featured_media":2155,"comment_status":"closed","ping_status":"closed","template":"","meta":[],"product_brand":[],"product_cat":[74,77],"product_tag":[],"class_list":{"0":"post-3314","1":"product","2":"type-product","3":"status-publish","4":"has-post-thumbnail","6":"product_cat-lots-et-cadeaux","7":"product_cat-patisseries-et-specialites-de-noel","9":"first","10":"outofstock","11":"shipping-taxable","12":"purchasable","13":"product-type-simple"},"_links":{"self":[{"href":"https:\/\/www.elmesias.es\/fr\/wp-json\/wp\/v2\/product\/3314","targetHints":{"allow":["GET"]}}],"collection":[{"href":"https:\/\/www.elmesias.es\/fr\/wp-json\/wp\/v2\/product"}],"about":[{"href":"https:\/\/www.elmesias.es\/fr\/wp-json\/wp\/v2\/types\/product"}],"replies":[{"embeddable":true,"href":"https:\/\/www.elmesias.es\/fr\/wp-json\/wp\/v2\/comments?post=3314"}],"wp:featuredmedia":[{"embeddable":true,"href":"https:\/\/www.elmesias.es\/fr\/wp-json\/wp\/v2\/media\/2155"}],"wp:attachment":[{"href":"https:\/\/www.elmesias.es\/fr\/wp-json\/wp\/v2\/media?parent=3314"}],"wp:term":[{"taxonomy":"product_brand","embeddable":true,"href":"https:\/\/www.elmesias.es\/fr\/wp-json\/wp\/v2\/product_brand?post=3314"},{"taxonomy":"product_cat","embeddable":true,"href":"https:\/\/www.elmesias.es\/fr\/wp-json\/wp\/v2\/product_cat?post=3314"},{"taxonomy":"product_tag","embeddable":true,"href":"https:\/\/www.elmesias.es\/fr\/wp-json\/wp\/v2\/product_tag?post=3314"}],"curies":[{"name":"wp","href":"https:\/\/api.w.org\/{rel}","templated":true}]}}