{"id":3316,"date":"2024-11-20T16:20:33","date_gmt":"2024-11-20T15:20:33","guid":{"rendered":"https:\/\/www.elmesias.es\/producto\/assortiment-de-biscuits-artisanaux-las-imprevisibles-100-g\/"},"modified":"2024-11-20T16:20:33","modified_gmt":"2024-11-20T15:20:33","slug":"assortiment-de-biscuits-artisanaux-las-imprevisibles-100-g","status":"publish","type":"product","link":"https:\/\/www.elmesias.es\/fr\/producto\/assortiment-de-biscuits-artisanaux-las-imprevisibles-100-g\/","title":{"rendered":"Assortiment de biscuits artisanaux \u00ab&nbsp;Las Imprevisibles&nbsp;\u00bb &#8211; 100 g"},"content":{"rendered":"<p><em>Fond\u00e9 en 100 g<\/em><\/p>\n<p><strong><em>Prix<\/em><\/strong><em> : 0,99 \u20ac\/unit\u00e9<\/em><\/p>\n<p><strong><u>Contenu :<\/u><\/strong> Chocoarito \u00e0 l\u2019orange, biscuits double chocolat \u00ab&nbsp;Las Orgullosas&nbsp;\u00bb, biscuits au citron \u00ab&nbsp;Las Cre\u00eddas&nbsp;\u00bb, biscuits enneig\u00e9s, biscuits artisanaux aux amandes et biscuits au chocolat et \u00e0 la noix de coco \u00ab&nbsp;Las Coquetas&nbsp;\u00bb.<\/p>\n<p><strong><u>Ingr\u00e9dients :<\/u><\/strong> FARINE DE BL\u00c9, graisse v\u00e9g\u00e9tale (palme) et de porc (extrait de romarin et acide citrique), sucre, \u0152UF, enrobage de chocolat (LACTOS\u00c9RUM, L\u00c9CITHINE, SOJA), AMANDE, cacao, cannelle, noix de coco, ar\u00f4me de citron, noix de coco, anis et orange. Peut contenir des traces d\u2019arachides, d\u2019autres fruits \u00e0 coque, de s\u00e9same, de sulfites et de moutarde. \u00c0 conserver dans un endroit frais et sec.<\/p>\n<p><strong><u>Informations nutritionnelles (100 g) :<\/u><\/strong><\/p>\n<ul>\n<li>Valeur \u00e9nerg\u00e9tique : 490 kcal<\/li>\n<li>Mati\u00e8res grasses : 27,1 g<\/li>\n<li>Satur\u00e9es : 11,2 g<\/li>\n<li>Glucides : 53,9 g<\/li>\n<li>Sucres : 18,9 g<\/li>\n<li>Prot\u00e9ines : 5,8 g<\/li>\n<li>Sel : 0,04 g<\/li>\n<\/ul>\n","protected":false},"excerpt":{"rendered":"<p>Fond\u00e9 en 100 g Prix : 0,99 \u20ac\/unit\u00e9 Contenu : Chocoarito \u00e0 l\u2019orange, biscuits double chocolat \u00ab&nbsp;Las Orgullosas&nbsp;\u00bb, biscuits au citron \u00ab&nbsp;Las Cre\u00eddas&nbsp;\u00bb, biscuits enneig\u00e9s, biscuits artisanaux aux amandes et biscuits au chocolat et \u00e0 la noix de coco \u00ab&nbsp;Las Coquetas&nbsp;\u00bb. Ingr\u00e9dients : FARINE DE BL\u00c9, graisse v\u00e9g\u00e9tale (palme) et de porc (extrait de romarin<br \/><a class=\"moretag\" href=\"https:\/\/www.elmesias.es\/fr\/producto\/assortiment-de-biscuits-artisanaux-las-imprevisibles-100-g\/\">+ Read More<\/a><\/p>\n","protected":false},"featured_media":2147,"comment_status":"closed","ping_status":"closed","template":"","meta":[],"product_brand":[],"product_cat":[74,77],"product_tag":[],"class_list":{"0":"post-3316","1":"product","2":"type-product","3":"status-publish","4":"has-post-thumbnail","6":"product_cat-lots-et-cadeaux","7":"product_cat-patisseries-et-specialites-de-noel","9":"first","10":"outofstock","11":"shipping-taxable","12":"purchasable","13":"product-type-simple"},"_links":{"self":[{"href":"https:\/\/www.elmesias.es\/fr\/wp-json\/wp\/v2\/product\/3316","targetHints":{"allow":["GET"]}}],"collection":[{"href":"https:\/\/www.elmesias.es\/fr\/wp-json\/wp\/v2\/product"}],"about":[{"href":"https:\/\/www.elmesias.es\/fr\/wp-json\/wp\/v2\/types\/product"}],"replies":[{"embeddable":true,"href":"https:\/\/www.elmesias.es\/fr\/wp-json\/wp\/v2\/comments?post=3316"}],"wp:featuredmedia":[{"embeddable":true,"href":"https:\/\/www.elmesias.es\/fr\/wp-json\/wp\/v2\/media\/2147"}],"wp:attachment":[{"href":"https:\/\/www.elmesias.es\/fr\/wp-json\/wp\/v2\/media?parent=3316"}],"wp:term":[{"taxonomy":"product_brand","embeddable":true,"href":"https:\/\/www.elmesias.es\/fr\/wp-json\/wp\/v2\/product_brand?post=3316"},{"taxonomy":"product_cat","embeddable":true,"href":"https:\/\/www.elmesias.es\/fr\/wp-json\/wp\/v2\/product_cat?post=3316"},{"taxonomy":"product_tag","embeddable":true,"href":"https:\/\/www.elmesias.es\/fr\/wp-json\/wp\/v2\/product_tag?post=3316"}],"curies":[{"name":"wp","href":"https:\/\/api.w.org\/{rel}","templated":true}]}}