{"id":3320,"date":"2024-11-20T16:00:05","date_gmt":"2024-11-20T15:00:05","guid":{"rendered":"https:\/\/www.elmesias.es\/producto\/sables-au-citron-las-creidas-100-g\/"},"modified":"2024-11-20T16:00:05","modified_gmt":"2024-11-20T15:00:05","slug":"sables-au-citron-las-creidas-100-g","status":"publish","type":"product","link":"https:\/\/www.elmesias.es\/fr\/producto\/sables-au-citron-las-creidas-100-g\/","title":{"rendered":"Sabl\u00e9s au citron \u00ab&nbsp;Las Creidas&nbsp;\u00bb &#8211; 100&nbsp;g"},"content":{"rendered":"<p><em>Env. 100&nbsp;g <\/em><\/p>\n<p><strong><em>Prix<\/em><\/strong><em> : 0,99&nbsp;\u20ac\/unit\u00e9<\/em><\/p>\n<p><strong><u>Ingr\u00e9dients :<\/u><\/strong> FARINE DE BL\u00c9, graisse v\u00e9g\u00e9tale, sucre, \u0152UF et cannelle, ar\u00f4me de citron. Peut contenir des traces d\u2019amande, de cacahu\u00e8te, de soja, de lait, d\u2019autres fruits \u00e0 coque, de s\u00e9same, de sulfites et de moutarde.  \u00c0 conserver dans un endroit frais et sec.<\/p>\n<p><strong><u>Informations nutritionnelles (100 g) :<\/u><\/strong><\/p>\n<ul>\n<li>Valeur \u00e9nerg\u00e9tique : 495 kcal<\/li>\n<li>Graisses : 28,5 g<\/li>\n<li>Satur\u00e9es : 11,5 g<\/li>\n<li>Glucides : 52,5 g<\/li>\n<li>Sucres : 14,2 g<\/li>\n<li>Prot\u00e9ines : 5,5 g<\/li>\n<li>Sel : 0 g<\/li>\n<\/ul>\n","protected":false},"excerpt":{"rendered":"<p>Env. 100&nbsp;g Prix : 0,99&nbsp;\u20ac\/unit\u00e9 Ingr\u00e9dients : FARINE DE BL\u00c9, graisse v\u00e9g\u00e9tale, sucre, \u0152UF et cannelle, ar\u00f4me de citron. Peut contenir des traces d\u2019amande, de cacahu\u00e8te, de soja, de lait, d\u2019autres fruits \u00e0 coque, de s\u00e9same, de sulfites et de moutarde. \u00c0 conserver dans un endroit frais et sec. Informations nutritionnelles (100 g) : Valeur<br \/><a class=\"moretag\" href=\"https:\/\/www.elmesias.es\/fr\/producto\/sables-au-citron-las-creidas-100-g\/\">+ Read More<\/a><\/p>\n","protected":false},"featured_media":2140,"comment_status":"closed","ping_status":"closed","template":"","meta":[],"product_brand":[],"product_cat":[74,77],"product_tag":[],"class_list":{"0":"post-3320","1":"product","2":"type-product","3":"status-publish","4":"has-post-thumbnail","6":"product_cat-lots-et-cadeaux","7":"product_cat-patisseries-et-specialites-de-noel","9":"first","10":"outofstock","11":"shipping-taxable","12":"purchasable","13":"product-type-simple"},"_links":{"self":[{"href":"https:\/\/www.elmesias.es\/fr\/wp-json\/wp\/v2\/product\/3320","targetHints":{"allow":["GET"]}}],"collection":[{"href":"https:\/\/www.elmesias.es\/fr\/wp-json\/wp\/v2\/product"}],"about":[{"href":"https:\/\/www.elmesias.es\/fr\/wp-json\/wp\/v2\/types\/product"}],"replies":[{"embeddable":true,"href":"https:\/\/www.elmesias.es\/fr\/wp-json\/wp\/v2\/comments?post=3320"}],"wp:featuredmedia":[{"embeddable":true,"href":"https:\/\/www.elmesias.es\/fr\/wp-json\/wp\/v2\/media\/2140"}],"wp:attachment":[{"href":"https:\/\/www.elmesias.es\/fr\/wp-json\/wp\/v2\/media?parent=3320"}],"wp:term":[{"taxonomy":"product_brand","embeddable":true,"href":"https:\/\/www.elmesias.es\/fr\/wp-json\/wp\/v2\/product_brand?post=3320"},{"taxonomy":"product_cat","embeddable":true,"href":"https:\/\/www.elmesias.es\/fr\/wp-json\/wp\/v2\/product_cat?post=3320"},{"taxonomy":"product_tag","embeddable":true,"href":"https:\/\/www.elmesias.es\/fr\/wp-json\/wp\/v2\/product_tag?post=3320"}],"curies":[{"name":"wp","href":"https:\/\/api.w.org\/{rel}","templated":true}]}}