{"id":3324,"date":"2024-11-27T11:11:48","date_gmt":"2024-11-27T10:11:48","guid":{"rendered":"https:\/\/www.elmesias.es\/producto\/pastelitos-de-yema-3-kg\/"},"modified":"2024-11-27T11:11:48","modified_gmt":"2024-11-27T10:11:48","slug":"pastelitos-de-yema-3-kg","status":"publish","type":"product","link":"https:\/\/www.elmesias.es\/fr\/producto\/pastelitos-de-yema-3-kg\/","title":{"rendered":"Pastelitos de Yema &#8211; 3 kg"},"content":{"rendered":"<p><em>Bo\u00eete de 3 kg<\/em><\/p>\n<p><strong><em>Prix<\/em><\/strong><em> : 48,00 \u20ac\/bo\u00eete 3 kg<\/em><\/p>\n<p><em>Qualit\u00e9 Supr\u00eame<\/em><\/p>\n<p><strong><u>Ingr\u00e9dients :<\/u> <\/strong>AMANDE (45 %), sucre, JAUNE D\u2019OEUF, sirop de glucose, E 330 et E 202. Peut contenir des traces d\u2019oeuf, de lait, de soja, de fruits \u00e0 coque, de s\u00e9same et de sulfites.<\/p>\n<p><strong><u>Informations nutritionnelles (100 g) :<\/u><\/strong><\/p>\n<ul>\n<li>Valeur \u00e9nerg\u00e9tique : 1794 kJ \/ 429 kcal<\/li>\n<li>Graisses : 27,1 g<\/li>\n<li>Satur\u00e9es : 4,2 g<\/li>\n<li>Glucides : 37,3 g<\/li>\n<li>Sucres : 36,8 g<\/li>\n<li>Prot\u00e9ines : 11,6 g<\/li>\n<li>Sel : 0,05 g<\/li>\n<\/ul>\n","protected":false},"excerpt":{"rendered":"<p>Bo\u00eete de 3 kg Prix : 48,00 \u20ac\/bo\u00eete 3 kg Qualit\u00e9 Supr\u00eame Ingr\u00e9dients : AMANDE (45 %), sucre, JAUNE D\u2019OEUF, sirop de glucose, E 330 et E 202. Peut contenir des traces d\u2019oeuf, de lait, de soja, de fruits \u00e0 coque, de s\u00e9same et de sulfites. Informations nutritionnelles (100 g) : Valeur \u00e9nerg\u00e9tique : 1794<br \/><a class=\"moretag\" href=\"https:\/\/www.elmesias.es\/fr\/producto\/pastelitos-de-yema-3-kg\/\">+ Read More<\/a><\/p>\n","protected":false},"featured_media":2217,"comment_status":"closed","ping_status":"closed","template":"","meta":[],"product_brand":[],"product_cat":[72,66],"product_tag":[],"class_list":{"0":"post-3324","1":"product","2":"type-product","3":"status-publish","4":"has-post-thumbnail","6":"product_cat-petits-gateaux-de-massepain","7":"product_cat-vrac-et-sachets","9":"first","10":"instock","11":"shipping-taxable","12":"purchasable","13":"product-type-simple"},"_links":{"self":[{"href":"https:\/\/www.elmesias.es\/fr\/wp-json\/wp\/v2\/product\/3324","targetHints":{"allow":["GET"]}}],"collection":[{"href":"https:\/\/www.elmesias.es\/fr\/wp-json\/wp\/v2\/product"}],"about":[{"href":"https:\/\/www.elmesias.es\/fr\/wp-json\/wp\/v2\/types\/product"}],"replies":[{"embeddable":true,"href":"https:\/\/www.elmesias.es\/fr\/wp-json\/wp\/v2\/comments?post=3324"}],"wp:featuredmedia":[{"embeddable":true,"href":"https:\/\/www.elmesias.es\/fr\/wp-json\/wp\/v2\/media\/2217"}],"wp:attachment":[{"href":"https:\/\/www.elmesias.es\/fr\/wp-json\/wp\/v2\/media?parent=3324"}],"wp:term":[{"taxonomy":"product_brand","embeddable":true,"href":"https:\/\/www.elmesias.es\/fr\/wp-json\/wp\/v2\/product_brand?post=3324"},{"taxonomy":"product_cat","embeddable":true,"href":"https:\/\/www.elmesias.es\/fr\/wp-json\/wp\/v2\/product_cat?post=3324"},{"taxonomy":"product_tag","embeddable":true,"href":"https:\/\/www.elmesias.es\/fr\/wp-json\/wp\/v2\/product_tag?post=3324"}],"curies":[{"name":"wp","href":"https:\/\/api.w.org\/{rel}","templated":true}]}}