{"id":3328,"date":"2024-10-24T10:44:48","date_gmt":"2024-10-24T08:44:48","guid":{"rendered":"https:\/\/www.elmesias.es\/producto\/mantecados-complets-au-soja-actif-bio-350-g\/"},"modified":"2024-10-24T10:44:48","modified_gmt":"2024-10-24T08:44:48","slug":"mantecados-complets-au-soja-actif-bio-350-g","status":"publish","type":"product","link":"https:\/\/www.elmesias.es\/fr\/producto\/mantecados-complets-au-soja-actif-bio-350-g\/","title":{"rendered":"Mantecados complets au soja actif BIO &#8211; 350 g"},"content":{"rendered":"<p class=\"p1\"><i>Env. 350 g <\/i><\/p>\n<p class=\"p1\"><b><i>Prix<\/i><\/b><i> : 6,00 \u20ac \/ unit\u00e9<\/i><\/p>\n<p class=\"p1\"><span style=\"text-decoration: underline\"><strong><span class=\"s1\">Caract\u00e9ristiques :<\/span> <\/strong><\/span>Mantecados complets \u00e0 la farine et aux graines de soja, avec farine et sucre complets. \u00c0 l\u2019huile de tournesol haut ol\u00e9ique. Convient aux v\u00e9ganes.  <b> <\/b><\/p>\n<p class=\"p1\"><span style=\"text-decoration: underline\"><strong><span class=\"s1\">Ingr\u00e9dients :<\/span><\/strong><\/span> FARINE DE BL\u00c9, huile de tournesol haut ol\u00e9ique, sucre, FARINE COMPL\u00c8TE<span class=\"Apple-converted-space\">  <\/span>DE BL\u00c9, farine et soja textur\u00e9, sucre complet, fibre v\u00e9g\u00e9tale, cannelle. INFORMATIONS SUR LES ALLERG\u00c8NES : Dans notre atelier, nous utilisons des c\u00e9r\u00e9ales contenant du gluten, des \u0153ufs, des cacahu\u00e8tes, du soja, du lait de vache, des fruits \u00e0 coque, des graines de s\u00e9same et du vin (sulfites).  \u00c0 conserver dans un endroit frais et sec.<\/p>\n<p class=\"p1\"><span style=\"text-decoration: underline\"><strong><span class=\"s1\">Informations<span class=\"Apple-converted-space\">  <\/span>nutritionnelles (100 g) :<\/span><\/strong><\/span><\/p>\n<ul class=\"ul1\">\n<li class=\"li1\">Valeur \u00e9nerg\u00e9tique : 487 kcal\/2\u202f037 kJ<\/li>\n<li class=\"li1\">Prot\u00e9ines : 6,41 g<\/li>\n<li class=\"li1\">Glucides : 60 g<\/li>\n<li class=\"li1\">Fibres alimentaires : 0,88 g<\/li>\n<li class=\"li1\">Mati\u00e8res grasses : 25,12 g<\/li>\n<li class=\"li1\">Sodium : 3,28 mg<\/li>\n<\/ul>\n","protected":false},"excerpt":{"rendered":"<p>Env. 350 g Prix : 6,00 \u20ac \/ unit\u00e9 Caract\u00e9ristiques : Mantecados complets \u00e0 la farine et aux graines de soja, avec farine et sucre complets. \u00c0 l\u2019huile de tournesol haut ol\u00e9ique. Convient aux v\u00e9ganes. Ingr\u00e9dients : FARINE DE BL\u00c9, huile de tournesol haut ol\u00e9ique, sucre, FARINE COMPL\u00c8TE DE BL\u00c9, farine et soja textur\u00e9, sucre<br \/><a class=\"moretag\" href=\"https:\/\/www.elmesias.es\/fr\/producto\/mantecados-complets-au-soja-actif-bio-350-g\/\">+ Read More<\/a><\/p>\n","protected":false},"featured_media":1960,"comment_status":"open","ping_status":"closed","template":"","meta":[],"product_brand":[],"product_cat":[78,79,80,65],"product_tag":[],"class_list":{"0":"post-3328","1":"product","2":"type-product","3":"status-publish","4":"has-post-thumbnail","6":"product_cat-coffrets-campagne","7":"product_cat-navital-line-gamme-sante","8":"product_cat-navital-noel-plus-sain","9":"product_cat-non-classe","11":"first","12":"instock","13":"shipping-taxable","14":"purchasable","15":"product-type-simple"},"_links":{"self":[{"href":"https:\/\/www.elmesias.es\/fr\/wp-json\/wp\/v2\/product\/3328","targetHints":{"allow":["GET"]}}],"collection":[{"href":"https:\/\/www.elmesias.es\/fr\/wp-json\/wp\/v2\/product"}],"about":[{"href":"https:\/\/www.elmesias.es\/fr\/wp-json\/wp\/v2\/types\/product"}],"replies":[{"embeddable":true,"href":"https:\/\/www.elmesias.es\/fr\/wp-json\/wp\/v2\/comments?post=3328"}],"wp:featuredmedia":[{"embeddable":true,"href":"https:\/\/www.elmesias.es\/fr\/wp-json\/wp\/v2\/media\/1960"}],"wp:attachment":[{"href":"https:\/\/www.elmesias.es\/fr\/wp-json\/wp\/v2\/media?parent=3328"}],"wp:term":[{"taxonomy":"product_brand","embeddable":true,"href":"https:\/\/www.elmesias.es\/fr\/wp-json\/wp\/v2\/product_brand?post=3328"},{"taxonomy":"product_cat","embeddable":true,"href":"https:\/\/www.elmesias.es\/fr\/wp-json\/wp\/v2\/product_cat?post=3328"},{"taxonomy":"product_tag","embeddable":true,"href":"https:\/\/www.elmesias.es\/fr\/wp-json\/wp\/v2\/product_tag?post=3328"}],"curies":[{"name":"wp","href":"https:\/\/api.w.org\/{rel}","templated":true}]}}