{"id":3330,"date":"2024-11-20T16:56:11","date_gmt":"2024-11-20T15:56:11","guid":{"rendered":"https:\/\/www.elmesias.es\/producto\/selection-de-produits-traditionnels-160-g\/"},"modified":"2024-11-20T16:56:11","modified_gmt":"2024-11-20T15:56:11","slug":"selection-de-produits-traditionnels-160-g","status":"publish","type":"product","link":"https:\/\/www.elmesias.es\/fr\/producto\/selection-de-produits-traditionnels-160-g\/","title":{"rendered":"S\u00e9lection de produits traditionnels \u2013 160 g"},"content":{"rendered":"<p><em>Estepa 160 g <\/em><\/p>\n<p><strong><em>Prix<\/em><\/strong><em> : 1,40 \u20ac\/unit\u00e9<\/em><\/p>\n<p>S\u00e9lection de produits traditionnels avec certification IGP.<\/p>\n<p><strong><u>Contenu :<\/u> <\/strong> Mantecado d\u2019Estepa au citron, Mantecado d\u2019Estepa au cacao, Polvor\u00f3n d\u2019Estepa aux amandes (9 %), Rosco au vin et Alfajor aux amandes.<\/p>\n<p><strong><u>Ingr\u00e9dients :<\/u><\/strong> FARINE DE BL\u00c9, graisse de porc (extrait de romarin et ac. citrique), sucre, AMANDE, vin (SULFITES), cannelle, cacao, S\u00c9SAME, anis, clou de girofle, vanilline et ar\u00f4me de citron. Peut contenir des traces de cacahu\u00e8te, soja, lait, autres fruits \u00e0 coque et sulfites. \u00c0 conserver dans un endroit frais et sec.<\/p>\n<p><strong><u>Informations nutritionnelles (100 g) :<\/u><\/strong><\/p>\n<ul>\n<li>Valeur \u00e9nerg\u00e9tique : 480 kcal\/2 008 kJ<\/li>\n<li>Mati\u00e8res grasses : 25,6 g<\/li>\n<li>Acides gras satur\u00e9s : 9,6 g<\/li>\n<li>Glucides : 55,1 g<\/li>\n<li>Sucres : 19,6 g<\/li>\n<li>Prot\u00e9ines : 5,7 g<\/li>\n<li>Sel : 0 g<\/li>\n<\/ul>\n","protected":false},"excerpt":{"rendered":"<p>Estepa 160 g Prix : 1,40 \u20ac\/unit\u00e9 S\u00e9lection de produits traditionnels avec certification IGP. Contenu : Mantecado d\u2019Estepa au citron, Mantecado d\u2019Estepa au cacao, Polvor\u00f3n d\u2019Estepa aux amandes (9 %), Rosco au vin et Alfajor aux amandes. Ingr\u00e9dients : FARINE DE BL\u00c9, graisse de porc (extrait de romarin et ac. citrique), sucre, AMANDE, vin (SULFITES),<br \/><a class=\"moretag\" href=\"https:\/\/www.elmesias.es\/fr\/producto\/selection-de-produits-traditionnels-160-g\/\">+ Read More<\/a><\/p>\n","protected":false},"featured_media":2164,"comment_status":"closed","ping_status":"closed","template":"","meta":[],"product_brand":[],"product_cat":[74,76],"product_tag":[],"class_list":{"0":"post-3330","1":"product","2":"type-product","3":"status-publish","4":"has-post-thumbnail","6":"product_cat-lots-et-cadeaux","7":"product_cat-produits-traditionnels-emballage-noue","9":"first","10":"outofstock","11":"shipping-taxable","12":"purchasable","13":"product-type-simple"},"_links":{"self":[{"href":"https:\/\/www.elmesias.es\/fr\/wp-json\/wp\/v2\/product\/3330","targetHints":{"allow":["GET"]}}],"collection":[{"href":"https:\/\/www.elmesias.es\/fr\/wp-json\/wp\/v2\/product"}],"about":[{"href":"https:\/\/www.elmesias.es\/fr\/wp-json\/wp\/v2\/types\/product"}],"replies":[{"embeddable":true,"href":"https:\/\/www.elmesias.es\/fr\/wp-json\/wp\/v2\/comments?post=3330"}],"wp:featuredmedia":[{"embeddable":true,"href":"https:\/\/www.elmesias.es\/fr\/wp-json\/wp\/v2\/media\/2164"}],"wp:attachment":[{"href":"https:\/\/www.elmesias.es\/fr\/wp-json\/wp\/v2\/media?parent=3330"}],"wp:term":[{"taxonomy":"product_brand","embeddable":true,"href":"https:\/\/www.elmesias.es\/fr\/wp-json\/wp\/v2\/product_brand?post=3330"},{"taxonomy":"product_cat","embeddable":true,"href":"https:\/\/www.elmesias.es\/fr\/wp-json\/wp\/v2\/product_cat?post=3330"},{"taxonomy":"product_tag","embeddable":true,"href":"https:\/\/www.elmesias.es\/fr\/wp-json\/wp\/v2\/product_tag?post=3330"}],"curies":[{"name":"wp","href":"https:\/\/api.w.org\/{rel}","templated":true}]}}