{"id":3332,"date":"2024-11-20T16:04:19","date_gmt":"2024-11-20T15:04:19","guid":{"rendered":"https:\/\/www.elmesias.es\/producto\/biscuits-double-chocolat-las-orgullosas-100-g\/"},"modified":"2024-11-20T16:04:19","modified_gmt":"2024-11-20T15:04:19","slug":"biscuits-double-chocolat-las-orgullosas-100-g","status":"publish","type":"product","link":"https:\/\/www.elmesias.es\/fr\/producto\/biscuits-double-chocolat-las-orgullosas-100-g\/","title":{"rendered":"Biscuits Double Chocolat \u00ab&nbsp;Las Orgullosas&nbsp;\u00bb &#8211; 100 g"},"content":{"rendered":"<p><em>Env. 100 g <\/em><\/p>\n<p><strong><em>Prix<\/em><\/strong><em> : 1,15 \u20ac\/unit\u00e9<\/em><\/p>\n<p><strong><u>Ingr\u00e9dients :<\/u> <\/strong>FARINE DE BL\u00c9, graisse de porc, sucre, enrobage de chocolat (15 %) (sucre, graisse v\u00e9g\u00e9tale de palmiste, LACTOS\u00c9RUM en poudre, cacao en poudre d\u00e9graiss\u00e9, \u00e9mulsifiant : l\u00e9cithine de SOJA et ar\u00f4me), cacao, cannelle et vanilline. Peut contenir des traces d\u2019\u0153uf, d\u2019amande, d\u2019arachide, de fruits \u00e0 coque et de sulfites. <\/p>\n<p><strong><u>Valeurs nutritionnelles (100 g) :  <\/u><\/strong><\/p>\n<ul>\n<li>Valeur \u00e9nerg\u00e9tique : 494 kcal<\/li>\n<li>Mati\u00e8res grasses : 25,5 g<\/li>\n<li>Satur\u00e9es : 11,2 g<\/li>\n<li>Glucides : 59,3 g<\/li>\n<li>Sucres : 27,7 g<\/li>\n<li>Prot\u00e9ines : 5,8 g<\/li>\n<li>Sel : 0,096 g<\/li>\n<\/ul>\n","protected":false},"excerpt":{"rendered":"<p>Env. 100 g Prix : 1,15 \u20ac\/unit\u00e9 Ingr\u00e9dients : FARINE DE BL\u00c9, graisse de porc, sucre, enrobage de chocolat (15 %) (sucre, graisse v\u00e9g\u00e9tale de palmiste, LACTOS\u00c9RUM en poudre, cacao en poudre d\u00e9graiss\u00e9, \u00e9mulsifiant : l\u00e9cithine de SOJA et ar\u00f4me), cacao, cannelle et vanilline. Peut contenir des traces d\u2019\u0153uf, d\u2019amande, d\u2019arachide, de fruits \u00e0 coque<br \/><a class=\"moretag\" href=\"https:\/\/www.elmesias.es\/fr\/producto\/biscuits-double-chocolat-las-orgullosas-100-g\/\">+ Read More<\/a><\/p>\n","protected":false},"featured_media":2142,"comment_status":"closed","ping_status":"closed","template":"","meta":[],"product_brand":[],"product_cat":[74,77],"product_tag":[],"class_list":{"0":"post-3332","1":"product","2":"type-product","3":"status-publish","4":"has-post-thumbnail","6":"product_cat-lots-et-cadeaux","7":"product_cat-patisseries-et-specialites-de-noel","9":"first","10":"outofstock","11":"shipping-taxable","12":"purchasable","13":"product-type-simple"},"_links":{"self":[{"href":"https:\/\/www.elmesias.es\/fr\/wp-json\/wp\/v2\/product\/3332","targetHints":{"allow":["GET"]}}],"collection":[{"href":"https:\/\/www.elmesias.es\/fr\/wp-json\/wp\/v2\/product"}],"about":[{"href":"https:\/\/www.elmesias.es\/fr\/wp-json\/wp\/v2\/types\/product"}],"replies":[{"embeddable":true,"href":"https:\/\/www.elmesias.es\/fr\/wp-json\/wp\/v2\/comments?post=3332"}],"wp:featuredmedia":[{"embeddable":true,"href":"https:\/\/www.elmesias.es\/fr\/wp-json\/wp\/v2\/media\/2142"}],"wp:attachment":[{"href":"https:\/\/www.elmesias.es\/fr\/wp-json\/wp\/v2\/media?parent=3332"}],"wp:term":[{"taxonomy":"product_brand","embeddable":true,"href":"https:\/\/www.elmesias.es\/fr\/wp-json\/wp\/v2\/product_brand?post=3332"},{"taxonomy":"product_cat","embeddable":true,"href":"https:\/\/www.elmesias.es\/fr\/wp-json\/wp\/v2\/product_cat?post=3332"},{"taxonomy":"product_tag","embeddable":true,"href":"https:\/\/www.elmesias.es\/fr\/wp-json\/wp\/v2\/product_tag?post=3332"}],"curies":[{"name":"wp","href":"https:\/\/api.w.org\/{rel}","templated":true}]}}