{"id":3334,"date":"2024-11-20T16:47:34","date_gmt":"2024-11-20T15:47:34","guid":{"rendered":"https:\/\/www.elmesias.es\/producto\/feuilletes-100-g\/"},"modified":"2024-11-20T16:47:34","modified_gmt":"2024-11-20T15:47:34","slug":"feuilletes-100-g","status":"publish","type":"product","link":"https:\/\/www.elmesias.es\/fr\/producto\/feuilletes-100-g\/","title":{"rendered":"Feuillet\u00e9s &#8211; 100 g"},"content":{"rendered":"<p><em>Env. 100 g <\/em><\/p>\n<p><strong><em>Prix<\/em><\/strong><em> : 1,15 \u20ac\/unit\u00e9<\/em><\/p>\n<p><u>Ingr\u00e9dients<\/u> : FARINE DE BL\u00c9, graisse de porc, huiles et graisses v\u00e9g\u00e9tales (palme, SOJA, tournesol en proportion variable), eau, vin, sucre, sel, ar\u00f4mes de vanille et d\u2019orange, \u00e9mulsifiant : E-471, acidifiant : E-330 et colorant : E-160. Peut contenir des traces d\u2019\u0153uf, d\u2019arachide, de lait, de fruits \u00e0 coque, de s\u00e9same, de sulfites et de moutarde. \u00c0 conserver dans un endroit frais et sec.  <\/p>\n<p><u>Informations nutritionnelles (100 g) :<\/u><\/p>\n<ul>\n<li>Valeur \u00e9nerg\u00e9tique : 560 kcal<\/li>\n<li>Mati\u00e8res grasses : 37,8 g<\/li>\n<li>Satur\u00e9es : 16 g<\/li>\n<li>Glucides : 49,2 g<\/li>\n<li>Sucres : 7,9 g<\/li>\n<li>Prot\u00e9ines : 5,5 g<\/li>\n<li>Sel : 0,75 g<\/li>\n<\/ul>\n","protected":false},"excerpt":{"rendered":"<p>Env. 100 g Prix : 1,15 \u20ac\/unit\u00e9 Ingr\u00e9dients : FARINE DE BL\u00c9, graisse de porc, huiles et graisses v\u00e9g\u00e9tales (palme, SOJA, tournesol en proportion variable), eau, vin, sucre, sel, ar\u00f4mes de vanille et d\u2019orange, \u00e9mulsifiant : E-471, acidifiant : E-330 et colorant : E-160. Peut contenir des traces d\u2019\u0153uf, d\u2019arachide, de lait, de fruits \u00e0<br \/><a class=\"moretag\" href=\"https:\/\/www.elmesias.es\/fr\/producto\/feuilletes-100-g\/\">+ Read More<\/a><\/p>\n","protected":false},"featured_media":2157,"comment_status":"closed","ping_status":"closed","template":"","meta":[],"product_brand":[],"product_cat":[74,77],"product_tag":[],"class_list":{"0":"post-3334","1":"product","2":"type-product","3":"status-publish","4":"has-post-thumbnail","6":"product_cat-lots-et-cadeaux","7":"product_cat-patisseries-et-specialites-de-noel","9":"first","10":"outofstock","11":"shipping-taxable","12":"purchasable","13":"product-type-simple"},"_links":{"self":[{"href":"https:\/\/www.elmesias.es\/fr\/wp-json\/wp\/v2\/product\/3334","targetHints":{"allow":["GET"]}}],"collection":[{"href":"https:\/\/www.elmesias.es\/fr\/wp-json\/wp\/v2\/product"}],"about":[{"href":"https:\/\/www.elmesias.es\/fr\/wp-json\/wp\/v2\/types\/product"}],"replies":[{"embeddable":true,"href":"https:\/\/www.elmesias.es\/fr\/wp-json\/wp\/v2\/comments?post=3334"}],"wp:featuredmedia":[{"embeddable":true,"href":"https:\/\/www.elmesias.es\/fr\/wp-json\/wp\/v2\/media\/2157"}],"wp:attachment":[{"href":"https:\/\/www.elmesias.es\/fr\/wp-json\/wp\/v2\/media?parent=3334"}],"wp:term":[{"taxonomy":"product_brand","embeddable":true,"href":"https:\/\/www.elmesias.es\/fr\/wp-json\/wp\/v2\/product_brand?post=3334"},{"taxonomy":"product_cat","embeddable":true,"href":"https:\/\/www.elmesias.es\/fr\/wp-json\/wp\/v2\/product_cat?post=3334"},{"taxonomy":"product_tag","embeddable":true,"href":"https:\/\/www.elmesias.es\/fr\/wp-json\/wp\/v2\/product_tag?post=3334"}],"curies":[{"name":"wp","href":"https:\/\/api.w.org\/{rel}","templated":true}]}}