{"id":3336,"date":"2024-11-27T15:53:44","date_gmt":"2024-11-27T14:53:44","guid":{"rendered":"https:\/\/www.elmesias.es\/producto\/mantecados-et-polvorones-bio-3-kg\/"},"modified":"2024-11-27T15:53:44","modified_gmt":"2024-11-27T14:53:44","slug":"mantecados-et-polvorones-bio-3-kg","status":"publish","type":"product","link":"https:\/\/www.elmesias.es\/fr\/producto\/mantecados-et-polvorones-bio-3-kg\/","title":{"rendered":"Mantecados et Polvorones BIO &#8211; 3 kg"},"content":{"rendered":"<p><em>Bo\u00eete de 3 kg<\/em><\/p>\n<p><strong><em>Prix<\/em><\/strong><em> : 38,50 \u20ac\/bo\u00eete 3 kg<\/em><\/p>\n<p><strong><u>Caract\u00e9ristiques :<\/u><\/strong> Mantecados, Polvorones et Roscos BIO. Avec des ingr\u00e9dients certifi\u00e9s issus de l\u2019agriculture biologique. \u00c0 l\u2019huile d\u2019olive et riche en acide ol\u00e9ique. Convient aux v\u00e9g\u00e9taliens. Certification CAAE.    <\/p>\n<p><u><strong>Ingr\u00e9dients<\/strong> :<\/u> FARINE DE BL\u00c9, graisse de porc, sucre, vin (SULFITES), cannelle, S\u00c9SAME, anis vert et ar\u00f4me de citron. Ingr\u00e9dients issus \u00e0 100 % de l\u2019agriculture biologique. Peut contenir des traces d\u2019\u0153ufs, de cacahu\u00e8tes et de fruits \u00e0 coque. \u00c0 conserver dans un endroit frais et sec.   <\/p>\n<p><strong><u>Information nutritionnelle (100 g) :<\/u><\/strong><\/p>\n<ul>\n<li>Valeur \u00e9nerg\u00e9tique : 498 kcal\/2084 kJ<\/li>\n<li>Graisses : 23,2 g<\/li>\n<li>Satur\u00e9es : 9,7 g<\/li>\n<li>Glucides : 66,4 g<\/li>\n<li>Sucres : 44,6 g<\/li>\n<li>Prot\u00e9ines : 5,9 g<\/li>\n<li>Sel : 0,05 g<\/li>\n<\/ul>\n<p>&nbsp;<\/p>\n","protected":false},"excerpt":{"rendered":"<p>Bo\u00eete de 3 kg Prix : 38,50 \u20ac\/bo\u00eete 3 kg Caract\u00e9ristiques : Mantecados, Polvorones et Roscos BIO. Avec des ingr\u00e9dients certifi\u00e9s issus de l\u2019agriculture biologique. \u00c0 l\u2019huile d\u2019olive et riche en acide ol\u00e9ique. Convient aux v\u00e9g\u00e9taliens. Certification CAAE. Ingr\u00e9dients : FARINE DE BL\u00c9, graisse de porc, sucre, vin (SULFITES), cannelle, S\u00c9SAME, anis vert et ar\u00f4me<br \/><a class=\"moretag\" href=\"https:\/\/www.elmesias.es\/fr\/producto\/mantecados-et-polvorones-bio-3-kg\/\">+ Read More<\/a><\/p>\n","protected":false},"featured_media":2316,"comment_status":"closed","ping_status":"closed","template":"","meta":[],"product_brand":[],"product_cat":[68,66],"product_tag":[],"class_list":{"0":"post-3336","1":"product","2":"type-product","3":"status-publish","4":"has-post-thumbnail","6":"product_cat-navital-line-noel-sante","7":"product_cat-vrac-et-sachets","9":"first","10":"instock","11":"shipping-taxable","12":"purchasable","13":"product-type-simple"},"_links":{"self":[{"href":"https:\/\/www.elmesias.es\/fr\/wp-json\/wp\/v2\/product\/3336","targetHints":{"allow":["GET"]}}],"collection":[{"href":"https:\/\/www.elmesias.es\/fr\/wp-json\/wp\/v2\/product"}],"about":[{"href":"https:\/\/www.elmesias.es\/fr\/wp-json\/wp\/v2\/types\/product"}],"replies":[{"embeddable":true,"href":"https:\/\/www.elmesias.es\/fr\/wp-json\/wp\/v2\/comments?post=3336"}],"wp:featuredmedia":[{"embeddable":true,"href":"https:\/\/www.elmesias.es\/fr\/wp-json\/wp\/v2\/media\/2316"}],"wp:attachment":[{"href":"https:\/\/www.elmesias.es\/fr\/wp-json\/wp\/v2\/media?parent=3336"}],"wp:term":[{"taxonomy":"product_brand","embeddable":true,"href":"https:\/\/www.elmesias.es\/fr\/wp-json\/wp\/v2\/product_brand?post=3336"},{"taxonomy":"product_cat","embeddable":true,"href":"https:\/\/www.elmesias.es\/fr\/wp-json\/wp\/v2\/product_cat?post=3336"},{"taxonomy":"product_tag","embeddable":true,"href":"https:\/\/www.elmesias.es\/fr\/wp-json\/wp\/v2\/product_tag?post=3336"}],"curies":[{"name":"wp","href":"https:\/\/api.w.org\/{rel}","templated":true}]}}