{"id":3337,"date":"2024-11-27T16:05:41","date_gmt":"2024-11-27T15:05:41","guid":{"rendered":"https:\/\/www.elmesias.es\/producto\/mantecados-complets-au-soja-actif-bio-3-kg\/"},"modified":"2024-11-27T16:05:41","modified_gmt":"2024-11-27T15:05:41","slug":"mantecados-complets-au-soja-actif-bio-3-kg","status":"publish","type":"product","link":"https:\/\/www.elmesias.es\/fr\/producto\/mantecados-complets-au-soja-actif-bio-3-kg\/","title":{"rendered":"Mantecados Complets au Soja Actif BIO &#8211; 3 kg"},"content":{"rendered":"<p><em>Bo\u00eete de 3 kg<\/em><\/p>\n<p><strong><em>Prix<\/em><\/strong><em> : 30,75 \u20ac\/bo\u00eete 3 kg<\/em><\/p>\n<p><strong><u>Caract\u00e9ristiques :<\/u><\/strong> Mantecados Complets \u00e0 la farine et graine de soja avec farine et sucre complets. Avec huile de tournesol \u00e0 haute teneur ol\u00e9ique. Convient aux v\u00e9g\u00e9taliens.<\/p>\n<p><strong><u>Ingr\u00e9dients :<\/u><\/strong> FARINE DE BL\u00c9, huile de tournesol \u00e0 haute teneur ol\u00e9ique, sucre, FARINE COMPL\u00c8TE DE BL\u00c9, farine et textur\u00e9 de SOJA, sucre complet, fibre v\u00e9g\u00e9tale, cannelle. INFORMATION SUR LES ALLERG\u00c8NES : Dans notre atelier, nous utilisons des c\u00e9r\u00e9ales contenant du gluten, des \u0153ufs, des cacahu\u00e8tes, du soja, du lait de vache, des fruits \u00e0 coque, des graines de s\u00e9same et du vin (sulfites). Conserver dans un endroit frais et sec.<\/p>\n<p><strong><u>Informations nutritionnelles (100 g) :<\/u><\/strong><\/p>\n<ul>\n<li>Valeur \u00e9nerg\u00e9tique : 487 kcal\/2037 kJ<\/li>\n<li>Prot\u00e9ines : 6,41 g<\/li>\n<li>Glucides : 60 g<\/li>\n<li>Fibres alimentaires : 0,88 g<\/li>\n<li>Mati\u00e8res grasses : 25,12 g<\/li>\n<li>Sodium : 3,28 mg<\/li>\n<\/ul>\n","protected":false},"excerpt":{"rendered":"<p>Bo\u00eete de 3 kg Prix : 30,75 \u20ac\/bo\u00eete 3 kg Caract\u00e9ristiques : Mantecados Complets \u00e0 la farine et graine de soja avec farine et sucre complets. Avec huile de tournesol \u00e0 haute teneur ol\u00e9ique. Convient aux v\u00e9g\u00e9taliens. Ingr\u00e9dients : FARINE DE BL\u00c9, huile de tournesol \u00e0 haute teneur ol\u00e9ique, sucre, FARINE COMPL\u00c8TE DE BL\u00c9, farine<br \/><a class=\"moretag\" href=\"https:\/\/www.elmesias.es\/fr\/producto\/mantecados-complets-au-soja-actif-bio-3-kg\/\">+ Read More<\/a><\/p>\n","protected":false},"featured_media":2316,"comment_status":"closed","ping_status":"closed","template":"","meta":[],"product_brand":[],"product_cat":[68,66],"product_tag":[],"class_list":{"0":"post-3337","1":"product","2":"type-product","3":"status-publish","4":"has-post-thumbnail","6":"product_cat-navital-line-noel-sante","7":"product_cat-vrac-et-sachets","9":"first","10":"onbackorder","11":"shipping-taxable","12":"purchasable","13":"product-type-simple"},"_links":{"self":[{"href":"https:\/\/www.elmesias.es\/fr\/wp-json\/wp\/v2\/product\/3337","targetHints":{"allow":["GET"]}}],"collection":[{"href":"https:\/\/www.elmesias.es\/fr\/wp-json\/wp\/v2\/product"}],"about":[{"href":"https:\/\/www.elmesias.es\/fr\/wp-json\/wp\/v2\/types\/product"}],"replies":[{"embeddable":true,"href":"https:\/\/www.elmesias.es\/fr\/wp-json\/wp\/v2\/comments?post=3337"}],"wp:featuredmedia":[{"embeddable":true,"href":"https:\/\/www.elmesias.es\/fr\/wp-json\/wp\/v2\/media\/2316"}],"wp:attachment":[{"href":"https:\/\/www.elmesias.es\/fr\/wp-json\/wp\/v2\/media?parent=3337"}],"wp:term":[{"taxonomy":"product_brand","embeddable":true,"href":"https:\/\/www.elmesias.es\/fr\/wp-json\/wp\/v2\/product_brand?post=3337"},{"taxonomy":"product_cat","embeddable":true,"href":"https:\/\/www.elmesias.es\/fr\/wp-json\/wp\/v2\/product_cat?post=3337"},{"taxonomy":"product_tag","embeddable":true,"href":"https:\/\/www.elmesias.es\/fr\/wp-json\/wp\/v2\/product_tag?post=3337"}],"curies":[{"name":"wp","href":"https:\/\/api.w.org\/{rel}","templated":true}]}}