{"id":3339,"date":"2024-11-27T11:53:03","date_gmt":"2024-11-27T10:53:03","guid":{"rendered":"https:\/\/www.elmesias.es\/producto\/mantecado-bombon-500-g\/"},"modified":"2024-11-27T11:53:03","modified_gmt":"2024-11-27T10:53:03","slug":"mantecado-bombon-500-g","status":"publish","type":"product","link":"https:\/\/www.elmesias.es\/fr\/producto\/mantecado-bombon-500-g\/","title":{"rendered":"Mantecado Bomb\u00f3n &#8211; 500 g"},"content":{"rendered":"<p><em>Sachet de 500 g<\/em><\/p>\n<p><strong><em>Prix<\/em><\/strong><em> : 7,00 \u20ac\/sachet de 500 g <\/em> <\/p>\n<p><u>Ingr\u00e9dients :<\/u> FARINE DE BL\u00c9, saindoux, sucre, enrobage F-3 avec LAIT, cacao pur, cannelle et vanilline. Peut contenir des traces d\u2019amande, d\u2019arachide, de s\u00e9same, de soja, de lait, d\u2019autres fruits \u00e0 coque et de sulfites.<\/p>\n<p><u>Informations nutritionnelles (100 g) :<\/u><\/p>\n<ul>\n<li>Valeur \u00e9nerg\u00e9tique : 482 kcal \/ 2015 kJ<\/li>\n<li>Mati\u00e8res grasses : 24,65 g<\/li>\n<li>Dont satur\u00e9es : 9,9 g<\/li>\n<li>Glucides : 58,8 g<\/li>\n<li>Dont sucres : 22,8 g<\/li>\n<li>Prot\u00e9ines : 4,8 g<\/li>\n<li>Sel : 0 g<\/li>\n<\/ul>\n","protected":false},"excerpt":{"rendered":"<p>Sachet de 500 g Prix : 7,00 \u20ac\/sachet de 500 g Ingr\u00e9dients : FARINE DE BL\u00c9, saindoux, sucre, enrobage F-3 avec LAIT, cacao pur, cannelle et vanilline. Peut contenir des traces d\u2019amande, d\u2019arachide, de s\u00e9same, de soja, de lait, d\u2019autres fruits \u00e0 coque et de sulfites. Informations nutritionnelles (100 g) : Valeur \u00e9nerg\u00e9tique : 482<br \/><a class=\"moretag\" href=\"https:\/\/www.elmesias.es\/fr\/producto\/mantecado-bombon-500-g\/\">+ Read More<\/a><\/p>\n","protected":false},"featured_media":2238,"comment_status":"closed","ping_status":"closed","template":"","meta":[],"product_brand":[],"product_cat":[71,66],"product_tag":[],"class_list":{"0":"post-3339","1":"product","2":"type-product","3":"status-publish","4":"has-post-thumbnail","6":"product_cat-chocolats-et-bonbons-assortis","7":"product_cat-vrac-et-sachets","9":"first","10":"instock","11":"shipping-taxable","12":"purchasable","13":"product-type-simple"},"_links":{"self":[{"href":"https:\/\/www.elmesias.es\/fr\/wp-json\/wp\/v2\/product\/3339","targetHints":{"allow":["GET"]}}],"collection":[{"href":"https:\/\/www.elmesias.es\/fr\/wp-json\/wp\/v2\/product"}],"about":[{"href":"https:\/\/www.elmesias.es\/fr\/wp-json\/wp\/v2\/types\/product"}],"replies":[{"embeddable":true,"href":"https:\/\/www.elmesias.es\/fr\/wp-json\/wp\/v2\/comments?post=3339"}],"wp:featuredmedia":[{"embeddable":true,"href":"https:\/\/www.elmesias.es\/fr\/wp-json\/wp\/v2\/media\/2238"}],"wp:attachment":[{"href":"https:\/\/www.elmesias.es\/fr\/wp-json\/wp\/v2\/media?parent=3339"}],"wp:term":[{"taxonomy":"product_brand","embeddable":true,"href":"https:\/\/www.elmesias.es\/fr\/wp-json\/wp\/v2\/product_brand?post=3339"},{"taxonomy":"product_cat","embeddable":true,"href":"https:\/\/www.elmesias.es\/fr\/wp-json\/wp\/v2\/product_cat?post=3339"},{"taxonomy":"product_tag","embeddable":true,"href":"https:\/\/www.elmesias.es\/fr\/wp-json\/wp\/v2\/product_tag?post=3339"}],"curies":[{"name":"wp","href":"https:\/\/api.w.org\/{rel}","templated":true}]}}