{"id":3342,"date":"2024-11-27T15:55:34","date_gmt":"2024-11-27T14:55:34","guid":{"rendered":"https:\/\/www.elmesias.es\/producto\/mantecados-et-polvorones-sans-gluten-500-g\/"},"modified":"2024-11-27T15:55:34","modified_gmt":"2024-11-27T14:55:34","slug":"mantecados-et-polvorones-sans-gluten-500-g","status":"publish","type":"product","link":"https:\/\/www.elmesias.es\/fr\/producto\/mantecados-et-polvorones-sans-gluten-500-g\/","title":{"rendered":"Mantecados et polvorones sans gluten &#8211; 500 g"},"content":{"rendered":"<p><em>Sachet de 500 g<\/em><\/p>\n<p><strong><em>Prix<\/em><\/strong><em> : 7 \u20ac\/sachet 500 g<\/em><\/p>\n<p><strong><u>Caract\u00e9ristiques :<\/u><\/strong> Mantecados et polvorones sans gluten, sans lactose et sans \u0153uf. Certification ELS. <\/p>\n<p><strong><u>Ingr\u00e9dients :<\/u> <\/strong>Farine de pois chiche, sucre, graisse de porc (extrait de romarin), cannelle, S\u00c9SAME, ar\u00f4me de citron.<\/p>\n<p><strong><u>Informations nutritionnelles (100 g) :<\/u><\/strong><\/p>\n<ul>\n<li>Valeur \u00e9nerg\u00e9tique : 505 kcal\/2113 kJ<\/li>\n<li>Mati\u00e8res grasses : 26,9 g<\/li>\n<li>Dont satur\u00e9es : 10,3 g<\/li>\n<li>Glucides : 59,1 g<\/li>\n<li>Dont sucres : 24,5 g<\/li>\n<li>Prot\u00e9ines : 5,6 g<\/li>\n<li>Sel : 0 g<\/li>\n<\/ul>\n","protected":false},"excerpt":{"rendered":"<p>Sachet de 500 g Prix : 7 \u20ac\/sachet 500 g Caract\u00e9ristiques : Mantecados et polvorones sans gluten, sans lactose et sans \u0153uf. Certification ELS. Ingr\u00e9dients : Farine de pois chiche, sucre, graisse de porc (extrait de romarin), cannelle, S\u00c9SAME, ar\u00f4me de citron. Informations nutritionnelles (100 g) : Valeur \u00e9nerg\u00e9tique : 505 kcal\/2113 kJ Mati\u00e8res grasses<br \/><a class=\"moretag\" href=\"https:\/\/www.elmesias.es\/fr\/producto\/mantecados-et-polvorones-sans-gluten-500-g\/\">+ Read More<\/a><\/p>\n","protected":false},"featured_media":2890,"comment_status":"closed","ping_status":"closed","template":"","meta":[],"product_brand":[],"product_cat":[68,66],"product_tag":[],"class_list":{"0":"post-3342","1":"product","2":"type-product","3":"status-publish","4":"has-post-thumbnail","6":"product_cat-navital-line-noel-sante","7":"product_cat-vrac-et-sachets","9":"first","10":"instock","11":"shipping-taxable","12":"purchasable","13":"product-type-simple"},"_links":{"self":[{"href":"https:\/\/www.elmesias.es\/fr\/wp-json\/wp\/v2\/product\/3342","targetHints":{"allow":["GET"]}}],"collection":[{"href":"https:\/\/www.elmesias.es\/fr\/wp-json\/wp\/v2\/product"}],"about":[{"href":"https:\/\/www.elmesias.es\/fr\/wp-json\/wp\/v2\/types\/product"}],"replies":[{"embeddable":true,"href":"https:\/\/www.elmesias.es\/fr\/wp-json\/wp\/v2\/comments?post=3342"}],"wp:featuredmedia":[{"embeddable":true,"href":"https:\/\/www.elmesias.es\/fr\/wp-json\/wp\/v2\/media\/2890"}],"wp:attachment":[{"href":"https:\/\/www.elmesias.es\/fr\/wp-json\/wp\/v2\/media?parent=3342"}],"wp:term":[{"taxonomy":"product_brand","embeddable":true,"href":"https:\/\/www.elmesias.es\/fr\/wp-json\/wp\/v2\/product_brand?post=3342"},{"taxonomy":"product_cat","embeddable":true,"href":"https:\/\/www.elmesias.es\/fr\/wp-json\/wp\/v2\/product_cat?post=3342"},{"taxonomy":"product_tag","embeddable":true,"href":"https:\/\/www.elmesias.es\/fr\/wp-json\/wp\/v2\/product_tag?post=3342"}],"curies":[{"name":"wp","href":"https:\/\/api.w.org\/{rel}","templated":true}]}}