{"id":3349,"date":"2024-11-27T12:06:33","date_gmt":"2024-11-27T11:06:33","guid":{"rendered":"https:\/\/www.elmesias.es\/producto\/truffes-au-cacao-3-kg\/"},"modified":"2024-11-27T12:06:33","modified_gmt":"2024-11-27T11:06:33","slug":"truffes-au-cacao-3-kg","status":"publish","type":"product","link":"https:\/\/www.elmesias.es\/fr\/producto\/truffes-au-cacao-3-kg\/","title":{"rendered":"Truffes au cacao &#8211; 3 kg"},"content":{"rendered":"<p><em>Bo\u00eete de 3 kg<\/em><\/p>\n<p><strong><em>Prix<\/em><\/strong><em> : 33,00 \u20ac\/bo\u00eete 3 kg<\/em><\/p>\n<p><strong><u>Ingr\u00e9dients :<\/u> <\/strong>cr\u00e8me de cacao (sucre, huile de tournesol, LACTOS\u00c9RUM en poudre, cacao d\u00e9graiss\u00e9 en poudre, p\u00e2te de noisette, \u00e9mulsifiant : L\u00c9CITHINE DE SOJA, ar\u00f4mes et antioxydants : E-306 et E-304), enrobage chocolat (sucre, graisse v\u00e9g\u00e9tale de palmiste, LACTOS\u00c9RUM en poudre, cacao en poudre d\u00e9graiss\u00e9, \u00e9mulsifiant : L\u00c9CITHINE DE SOJA et ar\u00f4me), sucre, cacao, LAIT en poudre et ar\u00f4me de brandy. Cacao : 15 % minimum. Peut contenir des traces de c\u00e9r\u00e9ales contenant du gluten, d\u2019\u0153uf, d\u2019arachide, d\u2019autres fruits \u00e0 coque, de s\u00e9same et de sulfites.   \u00c0 conserver dans un endroit frais et sec.<\/p>\n<p><strong><u>Informations nutritionnelles (100 g) :<\/u><\/strong><\/p>\n<ul>\n<li>Valeur \u00e9nerg\u00e9tique : 527 kcal<\/li>\n<li>Graisses : 29,1 g<\/li>\n<li>Satur\u00e9es : 7,9 g<\/li>\n<li>Glucides : 60,0 g<\/li>\n<li>Sucres : 23,4 g<\/li>\n<li>Prot\u00e9ines : 5,6 g<\/li>\n<li>Sel : 0,52 g<\/li>\n<\/ul>\n","protected":false},"excerpt":{"rendered":"<p>Bo\u00eete de 3 kg Prix : 33,00 \u20ac\/bo\u00eete 3 kg Ingr\u00e9dients : cr\u00e8me de cacao (sucre, huile de tournesol, LACTOS\u00c9RUM en poudre, cacao d\u00e9graiss\u00e9 en poudre, p\u00e2te de noisette, \u00e9mulsifiant : L\u00c9CITHINE DE SOJA, ar\u00f4mes et antioxydants : E-306 et E-304), enrobage chocolat (sucre, graisse v\u00e9g\u00e9tale de palmiste, LACTOS\u00c9RUM en poudre, cacao en poudre d\u00e9graiss\u00e9,<br \/><a class=\"moretag\" href=\"https:\/\/www.elmesias.es\/fr\/producto\/truffes-au-cacao-3-kg\/\">+ Read More<\/a><\/p>\n","protected":false},"featured_media":2238,"comment_status":"closed","ping_status":"closed","template":"","meta":[],"product_brand":[],"product_cat":[71,66],"product_tag":[],"class_list":{"0":"post-3349","1":"product","2":"type-product","3":"status-publish","4":"has-post-thumbnail","6":"product_cat-chocolats-et-bonbons-assortis","7":"product_cat-vrac-et-sachets","9":"first","10":"instock","11":"shipping-taxable","12":"purchasable","13":"product-type-simple"},"_links":{"self":[{"href":"https:\/\/www.elmesias.es\/fr\/wp-json\/wp\/v2\/product\/3349","targetHints":{"allow":["GET"]}}],"collection":[{"href":"https:\/\/www.elmesias.es\/fr\/wp-json\/wp\/v2\/product"}],"about":[{"href":"https:\/\/www.elmesias.es\/fr\/wp-json\/wp\/v2\/types\/product"}],"replies":[{"embeddable":true,"href":"https:\/\/www.elmesias.es\/fr\/wp-json\/wp\/v2\/comments?post=3349"}],"wp:featuredmedia":[{"embeddable":true,"href":"https:\/\/www.elmesias.es\/fr\/wp-json\/wp\/v2\/media\/2238"}],"wp:attachment":[{"href":"https:\/\/www.elmesias.es\/fr\/wp-json\/wp\/v2\/media?parent=3349"}],"wp:term":[{"taxonomy":"product_brand","embeddable":true,"href":"https:\/\/www.elmesias.es\/fr\/wp-json\/wp\/v2\/product_brand?post=3349"},{"taxonomy":"product_cat","embeddable":true,"href":"https:\/\/www.elmesias.es\/fr\/wp-json\/wp\/v2\/product_cat?post=3349"},{"taxonomy":"product_tag","embeddable":true,"href":"https:\/\/www.elmesias.es\/fr\/wp-json\/wp\/v2\/product_tag?post=3349"}],"curies":[{"name":"wp","href":"https:\/\/api.w.org\/{rel}","templated":true}]}}