{"id":3350,"date":"2024-11-27T11:57:36","date_gmt":"2024-11-27T10:57:36","guid":{"rendered":"https:\/\/www.elmesias.es\/producto\/polvoron-bonbon-500-g\/"},"modified":"2024-11-27T11:57:36","modified_gmt":"2024-11-27T10:57:36","slug":"polvoron-bonbon-500-g","status":"publish","type":"product","link":"https:\/\/www.elmesias.es\/fr\/producto\/polvoron-bonbon-500-g\/","title":{"rendered":"Polvor\u00f3n bonbon &#8211; 500 g"},"content":{"rendered":"<p><em>Sachet de 500 g<\/em><\/p>\n<p><strong><em>Prix<\/em><\/strong><em> : 7,00 \u20ac\/sachet de 500 g <\/em> <\/p>\n<p><strong><u>Ingr\u00e9dients :<\/u><\/strong> FARINE DE BL\u00c9, sucre, saindoux, AMANDE et cannelle. Peut contenir des traces d\u2019arachide, de soja, de lait, d\u2019autres fruits \u00e0 coque, de sulfites et de moutarde.  \u00c0 conserver dans un endroit frais et sec.<\/p>\n<p><strong><u>Informations nutritionnelles (100 g) :<\/u><\/strong><\/p>\n<ul>\n<li>Valeur \u00e9nerg\u00e9tique : 496 kcal \/ 2\u202f074 kJ<\/li>\n<li>Mati\u00e8res grasses : 27,7 g<\/li>\n<li>Acides gras satur\u00e9s : 9,6 g<\/li>\n<li>Glucides : 21,6 g<\/li>\n<li>Sucres : 32,47 g<\/li>\n<li>Prot\u00e9ines : 6,5 g<\/li>\n<li>Sel : 0 g<\/li>\n<\/ul>\n","protected":false},"excerpt":{"rendered":"<p>Sachet de 500 g Prix : 7,00 \u20ac\/sachet de 500 g Ingr\u00e9dients : FARINE DE BL\u00c9, sucre, saindoux, AMANDE et cannelle. Peut contenir des traces d\u2019arachide, de soja, de lait, d\u2019autres fruits \u00e0 coque, de sulfites et de moutarde. \u00c0 conserver dans un endroit frais et sec. Informations nutritionnelles (100 g) : Valeur \u00e9nerg\u00e9tique :<br \/><a class=\"moretag\" href=\"https:\/\/www.elmesias.es\/fr\/producto\/polvoron-bonbon-500-g\/\">+ Read More<\/a><\/p>\n","protected":false},"featured_media":2238,"comment_status":"closed","ping_status":"closed","template":"","meta":[],"product_brand":[],"product_cat":[71,66],"product_tag":[],"class_list":{"0":"post-3350","1":"product","2":"type-product","3":"status-publish","4":"has-post-thumbnail","6":"product_cat-chocolats-et-bonbons-assortis","7":"product_cat-vrac-et-sachets","9":"first","10":"instock","11":"shipping-taxable","12":"purchasable","13":"product-type-simple"},"_links":{"self":[{"href":"https:\/\/www.elmesias.es\/fr\/wp-json\/wp\/v2\/product\/3350","targetHints":{"allow":["GET"]}}],"collection":[{"href":"https:\/\/www.elmesias.es\/fr\/wp-json\/wp\/v2\/product"}],"about":[{"href":"https:\/\/www.elmesias.es\/fr\/wp-json\/wp\/v2\/types\/product"}],"replies":[{"embeddable":true,"href":"https:\/\/www.elmesias.es\/fr\/wp-json\/wp\/v2\/comments?post=3350"}],"wp:featuredmedia":[{"embeddable":true,"href":"https:\/\/www.elmesias.es\/fr\/wp-json\/wp\/v2\/media\/2238"}],"wp:attachment":[{"href":"https:\/\/www.elmesias.es\/fr\/wp-json\/wp\/v2\/media?parent=3350"}],"wp:term":[{"taxonomy":"product_brand","embeddable":true,"href":"https:\/\/www.elmesias.es\/fr\/wp-json\/wp\/v2\/product_brand?post=3350"},{"taxonomy":"product_cat","embeddable":true,"href":"https:\/\/www.elmesias.es\/fr\/wp-json\/wp\/v2\/product_cat?post=3350"},{"taxonomy":"product_tag","embeddable":true,"href":"https:\/\/www.elmesias.es\/fr\/wp-json\/wp\/v2\/product_tag?post=3350"}],"curies":[{"name":"wp","href":"https:\/\/api.w.org\/{rel}","templated":true}]}}