{"id":3354,"date":"2024-11-27T15:20:42","date_gmt":"2024-11-27T14:20:42","guid":{"rendered":"https:\/\/www.elmesias.es\/producto\/mini-assortiment-de-noel-500-g\/"},"modified":"2024-11-27T15:20:42","modified_gmt":"2024-11-27T14:20:42","slug":"mini-assortiment-de-noel-500-g","status":"publish","type":"product","link":"https:\/\/www.elmesias.es\/fr\/producto\/mini-assortiment-de-noel-500-g\/","title":{"rendered":"Mini Assortiment de No\u00ebl &#8211; 500 g"},"content":{"rendered":"<p><em>Sachet de 500 g <\/em><\/p>\n<p><strong><em>Prix<\/em><\/strong><em>: 7 \u20ac\/sachet de 500 g <\/em> <\/p>\n<p>Certifi\u00e9 IGP<\/p>\n<p><strong><u>Contient :<\/u><\/strong> Mini Mantecado Cannelle, Mini Mantecado Cacao, Mini Mantecado Citron, Mini Mantecado Amande, Mini Polvor\u00f3n Amande, et Mini Rosco de Vino.<\/p>\n<p><strong><u>Ingr\u00e9dients :<\/u><\/strong> FARINE DE BL\u00c9, saindoux, AMANDE, cacao, cannelle, vin, anis vert, S\u00c9SAME, clou de girofle et ar\u00f4me citron. Peut contenir des traces de lait, d\u2019\u0153uf, de soja, de fruits \u00e0 coque et de sulfites.<\/p>\n<p><strong><u>Informations nutritionnelles (100 g) :<\/u><\/strong><\/p>\n<ul>\n<li>Valeur \u00e9nerg\u00e9tique : 482 kcal\/2015 kj<\/li>\n<li>Mati\u00e8res grasses : 24,6 g<\/li>\n<li>Dont acides gras satur\u00e9s : 9,9 g<\/li>\n<li>Glucides : 58,8 g<\/li>\n<li>Dont sucres : 22,8 g<\/li>\n<li>Prot\u00e9ines : 4,8 g<\/li>\n<li>Sel : 0 g<\/li>\n<\/ul>\n","protected":false},"excerpt":{"rendered":"<p>Sachet de 500 g Prix: 7 \u20ac\/sachet de 500 g Certifi\u00e9 IGP Contient : Mini Mantecado Cannelle, Mini Mantecado Cacao, Mini Mantecado Citron, Mini Mantecado Amande, Mini Polvor\u00f3n Amande, et Mini Rosco de Vino. Ingr\u00e9dients : FARINE DE BL\u00c9, saindoux, AMANDE, cacao, cannelle, vin, anis vert, S\u00c9SAME, clou de girofle et ar\u00f4me citron. Peut contenir<br \/><a class=\"moretag\" href=\"https:\/\/www.elmesias.es\/fr\/producto\/mini-assortiment-de-noel-500-g\/\">+ Read More<\/a><\/p>\n","protected":false},"featured_media":2199,"comment_status":"closed","ping_status":"closed","template":"","meta":[],"product_brand":[],"product_cat":[69,66],"product_tag":[],"class_list":{"0":"post-3354","1":"product","2":"type-product","3":"status-publish","4":"has-post-thumbnail","6":"product_cat-mini-flow-pack-traditionnel","7":"product_cat-vrac-et-sachets","9":"first","10":"instock","11":"shipping-taxable","12":"purchasable","13":"product-type-simple"},"_links":{"self":[{"href":"https:\/\/www.elmesias.es\/fr\/wp-json\/wp\/v2\/product\/3354","targetHints":{"allow":["GET"]}}],"collection":[{"href":"https:\/\/www.elmesias.es\/fr\/wp-json\/wp\/v2\/product"}],"about":[{"href":"https:\/\/www.elmesias.es\/fr\/wp-json\/wp\/v2\/types\/product"}],"replies":[{"embeddable":true,"href":"https:\/\/www.elmesias.es\/fr\/wp-json\/wp\/v2\/comments?post=3354"}],"wp:featuredmedia":[{"embeddable":true,"href":"https:\/\/www.elmesias.es\/fr\/wp-json\/wp\/v2\/media\/2199"}],"wp:attachment":[{"href":"https:\/\/www.elmesias.es\/fr\/wp-json\/wp\/v2\/media?parent=3354"}],"wp:term":[{"taxonomy":"product_brand","embeddable":true,"href":"https:\/\/www.elmesias.es\/fr\/wp-json\/wp\/v2\/product_brand?post=3354"},{"taxonomy":"product_cat","embeddable":true,"href":"https:\/\/www.elmesias.es\/fr\/wp-json\/wp\/v2\/product_cat?post=3354"},{"taxonomy":"product_tag","embeddable":true,"href":"https:\/\/www.elmesias.es\/fr\/wp-json\/wp\/v2\/product_tag?post=3354"}],"curies":[{"name":"wp","href":"https:\/\/api.w.org\/{rel}","templated":true}]}}