{"id":3355,"date":"2024-11-27T15:21:26","date_gmt":"2024-11-27T14:21:26","guid":{"rendered":"https:\/\/www.elmesias.es\/producto\/mini-assortiment-de-noel-4-kg\/"},"modified":"2024-11-27T15:21:26","modified_gmt":"2024-11-27T14:21:26","slug":"mini-assortiment-de-noel-4-kg","status":"publish","type":"product","link":"https:\/\/www.elmesias.es\/fr\/producto\/mini-assortiment-de-noel-4-kg\/","title":{"rendered":"Mini assortiment de No\u00ebl &#8211; 4 kg"},"content":{"rendered":"<p><em>Bo\u00eete de 4 kg<\/em><\/p>\n<p><strong><em>Prix<\/em><\/strong><em> : 29,00 \u20ac \/ bo\u00eete de 4 kg<\/em><\/p>\n<p>Certificat IGP<\/p>\n<p><strong><u>Contient :<\/u> <\/strong>Mini mantecado \u00e0 la cannelle, mini mantecado au cacao, mini mantecado au citron, mini mantecado \u00e0 l\u2019amande, mini polvor\u00f3n \u00e0 l\u2019amande et mini rosco au vin.<\/p>\n<p><strong><u>Ingr\u00e9dients :<\/u><\/strong> FARINE DE BL\u00c9, saindoux, AMANDE, cacao, cannelle, vin, anis vert, S\u00c9SAME, clou de girofle et ar\u00f4me citron. Peut contenir des traces de lait, d\u2019\u0153uf, de soja, de fruits \u00e0 coque et de sulfites.<\/p>\n<p><strong><u>Informations nutritionnelles (100 g) :<\/u><\/strong><\/p>\n<ul>\n<li>Valeur \u00e9nerg\u00e9tique : 482 kcal\/2015 kJ<\/li>\n<li>Mati\u00e8res grasses : 24,6 g<\/li>\n<li>Dont satur\u00e9es : 9,9 g<\/li>\n<li>Glucides : 58,8 g<\/li>\n<li>Dont sucres : 22,8 g<\/li>\n<li>Prot\u00e9ines : 4,8 g<\/li>\n<li>Sel : 0 g<\/li>\n<\/ul>\n","protected":false},"excerpt":{"rendered":"<p>Bo\u00eete de 4 kg Prix : 29,00 \u20ac \/ bo\u00eete de 4 kg Certificat IGP Contient : Mini mantecado \u00e0 la cannelle, mini mantecado au cacao, mini mantecado au citron, mini mantecado \u00e0 l\u2019amande, mini polvor\u00f3n \u00e0 l\u2019amande et mini rosco au vin. Ingr\u00e9dients : FARINE DE BL\u00c9, saindoux, AMANDE, cacao, cannelle, vin, anis vert,<br \/><a class=\"moretag\" href=\"https:\/\/www.elmesias.es\/fr\/producto\/mini-assortiment-de-noel-4-kg\/\">+ Read More<\/a><\/p>\n","protected":false},"featured_media":2199,"comment_status":"closed","ping_status":"closed","template":"","meta":[],"product_brand":[],"product_cat":[69,66],"product_tag":[],"class_list":{"0":"post-3355","1":"product","2":"type-product","3":"status-publish","4":"has-post-thumbnail","6":"product_cat-mini-flow-pack-traditionnel","7":"product_cat-vrac-et-sachets","9":"first","10":"instock","11":"shipping-taxable","12":"purchasable","13":"product-type-simple"},"_links":{"self":[{"href":"https:\/\/www.elmesias.es\/fr\/wp-json\/wp\/v2\/product\/3355","targetHints":{"allow":["GET"]}}],"collection":[{"href":"https:\/\/www.elmesias.es\/fr\/wp-json\/wp\/v2\/product"}],"about":[{"href":"https:\/\/www.elmesias.es\/fr\/wp-json\/wp\/v2\/types\/product"}],"replies":[{"embeddable":true,"href":"https:\/\/www.elmesias.es\/fr\/wp-json\/wp\/v2\/comments?post=3355"}],"wp:featuredmedia":[{"embeddable":true,"href":"https:\/\/www.elmesias.es\/fr\/wp-json\/wp\/v2\/media\/2199"}],"wp:attachment":[{"href":"https:\/\/www.elmesias.es\/fr\/wp-json\/wp\/v2\/media?parent=3355"}],"wp:term":[{"taxonomy":"product_brand","embeddable":true,"href":"https:\/\/www.elmesias.es\/fr\/wp-json\/wp\/v2\/product_brand?post=3355"},{"taxonomy":"product_cat","embeddable":true,"href":"https:\/\/www.elmesias.es\/fr\/wp-json\/wp\/v2\/product_cat?post=3355"},{"taxonomy":"product_tag","embeddable":true,"href":"https:\/\/www.elmesias.es\/fr\/wp-json\/wp\/v2\/product_tag?post=3355"}],"curies":[{"name":"wp","href":"https:\/\/api.w.org\/{rel}","templated":true}]}}