{"id":3358,"date":"2024-11-27T15:37:41","date_gmt":"2024-11-27T14:37:41","guid":{"rendered":"https:\/\/www.elmesias.es\/producto\/assortiment-de-turrons-sans-sucre-3-kg\/"},"modified":"2024-11-27T15:37:41","modified_gmt":"2024-11-27T14:37:41","slug":"assortiment-de-turrons-sans-sucre-3-kg","status":"publish","type":"product","link":"https:\/\/www.elmesias.es\/fr\/producto\/assortiment-de-turrons-sans-sucre-3-kg\/","title":{"rendered":"Assortiment de turrons sans sucre &#8211; 3 kg"},"content":{"rendered":"<p><em>Bo\u00eete de 3 kg<\/em><\/p>\n<p><strong><em>Prix<\/em><\/strong><em> : 61,55 \u20ac\/bo\u00eete 3 kg<\/em><\/p>\n<p><u>Ingr\u00e9dients :<\/u> AMANDE, maltitol, g\u00e9latine, enrobage de cacao (SOJA, LAIT), riz souffl\u00e9 (BL\u00c9 ET MALT), HOSTIE (f\u00e9cule de pomme de terre et huile de tournesol). Peut contenir des traces de lait, d\u2019\u0153uf, de soja, de fruits \u00e0 coque et de sulfites.<\/p>\n<p><u>Informations nutritionnelles (100 g) :<\/u><\/p>\n<ul>\n<li>Valeur \u00e9nerg\u00e9tique : 466 kcal\/2 094 kJ<\/li>\n<li>Mati\u00e8res grasses : 27,7 g<\/li>\n<li>Dont satur\u00e9es : 11,75 g<\/li>\n<li>Glucides : 51 g<\/li>\n<li>Dont sucres : 1 g<\/li>\n<li>Prot\u00e9ines : 10,2 g<\/li>\n<li>Sel : 0 g<\/li>\n<\/ul>\n","protected":false},"excerpt":{"rendered":"<p>Bo\u00eete de 3 kg Prix : 61,55 \u20ac\/bo\u00eete 3 kg Ingr\u00e9dients : AMANDE, maltitol, g\u00e9latine, enrobage de cacao (SOJA, LAIT), riz souffl\u00e9 (BL\u00c9 ET MALT), HOSTIE (f\u00e9cule de pomme de terre et huile de tournesol). Peut contenir des traces de lait, d\u2019\u0153uf, de soja, de fruits \u00e0 coque et de sulfites. Informations nutritionnelles (100 g)<br \/><a class=\"moretag\" href=\"https:\/\/www.elmesias.es\/fr\/producto\/assortiment-de-turrons-sans-sucre-3-kg\/\">+ Read More<\/a><\/p>\n","protected":false},"featured_media":2316,"comment_status":"closed","ping_status":"closed","template":"","meta":[],"product_brand":[],"product_cat":[68,66],"product_tag":[],"class_list":{"0":"post-3358","1":"product","2":"type-product","3":"status-publish","4":"has-post-thumbnail","6":"product_cat-navital-line-noel-sante","7":"product_cat-vrac-et-sachets","9":"first","10":"instock","11":"shipping-taxable","12":"purchasable","13":"product-type-simple"},"_links":{"self":[{"href":"https:\/\/www.elmesias.es\/fr\/wp-json\/wp\/v2\/product\/3358","targetHints":{"allow":["GET"]}}],"collection":[{"href":"https:\/\/www.elmesias.es\/fr\/wp-json\/wp\/v2\/product"}],"about":[{"href":"https:\/\/www.elmesias.es\/fr\/wp-json\/wp\/v2\/types\/product"}],"replies":[{"embeddable":true,"href":"https:\/\/www.elmesias.es\/fr\/wp-json\/wp\/v2\/comments?post=3358"}],"wp:featuredmedia":[{"embeddable":true,"href":"https:\/\/www.elmesias.es\/fr\/wp-json\/wp\/v2\/media\/2316"}],"wp:attachment":[{"href":"https:\/\/www.elmesias.es\/fr\/wp-json\/wp\/v2\/media?parent=3358"}],"wp:term":[{"taxonomy":"product_brand","embeddable":true,"href":"https:\/\/www.elmesias.es\/fr\/wp-json\/wp\/v2\/product_brand?post=3358"},{"taxonomy":"product_cat","embeddable":true,"href":"https:\/\/www.elmesias.es\/fr\/wp-json\/wp\/v2\/product_cat?post=3358"},{"taxonomy":"product_tag","embeddable":true,"href":"https:\/\/www.elmesias.es\/fr\/wp-json\/wp\/v2\/product_tag?post=3358"}],"curies":[{"name":"wp","href":"https:\/\/api.w.org\/{rel}","templated":true}]}}