{"id":3360,"date":"2024-11-27T15:47:55","date_gmt":"2024-11-27T14:47:55","guid":{"rendered":"https:\/\/www.elmesias.es\/producto\/assortiment-sans-sucre-de-mantecados-polvorones-et-roscos-500-g\/"},"modified":"2024-11-27T15:47:55","modified_gmt":"2024-11-27T14:47:55","slug":"assortiment-sans-sucre-de-mantecados-polvorones-et-roscos-500-g","status":"publish","type":"product","link":"https:\/\/www.elmesias.es\/fr\/producto\/assortiment-sans-sucre-de-mantecados-polvorones-et-roscos-500-g\/","title":{"rendered":"Assortiment sans sucre de Mantecados, Polvorones et Roscos &#8211; 500 g"},"content":{"rendered":"<p><em>Sachet de 500 g <\/em><\/p>\n<p><strong><em>Prix<\/em><\/strong><em> : 6,15 \u20ac\/sachet de 500 g <\/em> <\/p>\n<p><strong><u>Ingr\u00e9dients :<\/u> <\/strong>FARINE DE BL\u00c9, huile de tournesol \u00e0 haute teneur en acide ol\u00e9ique, maltitol, AMANDE, cacao, cannelle, vin, anis vert, S\u00c9SAME, clou de girofle et ar\u00f4me de citron et ar\u00f4me d\u2019anis. Peut contenir des traces de lait, d\u2019\u0153uf, de soja, de fruits \u00e0 coque et de sulfites.<\/p>\n<p><strong><u>Informations nutritionnelles (100 g) :<\/u><\/strong><\/p>\n<ul>\n<li>Valeur \u00e9nerg\u00e9tique : 445 kcal\/1863 kJ<\/li>\n<li>Mati\u00e8res grasses : 24,6 g<\/li>\n<li>Dont satur\u00e9es : 10 g<\/li>\n<li>Glucides : 47 g<\/li>\n<li>Dont sucres : 0,3 g<\/li>\n<li>Polyols : 19 g<\/li>\n<li>Prot\u00e9ines : 7 g<\/li>\n<li>Sel : 0 g<\/li>\n<\/ul>\n","protected":false},"excerpt":{"rendered":"<p>Sachet de 500 g Prix : 6,15 \u20ac\/sachet de 500 g Ingr\u00e9dients : FARINE DE BL\u00c9, huile de tournesol \u00e0 haute teneur en acide ol\u00e9ique, maltitol, AMANDE, cacao, cannelle, vin, anis vert, S\u00c9SAME, clou de girofle et ar\u00f4me de citron et ar\u00f4me d\u2019anis. Peut contenir des traces de lait, d\u2019\u0153uf, de soja, de fruits \u00e0<br \/><a class=\"moretag\" href=\"https:\/\/www.elmesias.es\/fr\/producto\/assortiment-sans-sucre-de-mantecados-polvorones-et-roscos-500-g\/\">+ Read More<\/a><\/p>\n","protected":false},"featured_media":2316,"comment_status":"closed","ping_status":"closed","template":"","meta":[],"product_brand":[],"product_cat":[68,66],"product_tag":[],"class_list":{"0":"post-3360","1":"product","2":"type-product","3":"status-publish","4":"has-post-thumbnail","6":"product_cat-navital-line-noel-sante","7":"product_cat-vrac-et-sachets","9":"first","10":"instock","11":"shipping-taxable","12":"purchasable","13":"product-type-simple"},"_links":{"self":[{"href":"https:\/\/www.elmesias.es\/fr\/wp-json\/wp\/v2\/product\/3360","targetHints":{"allow":["GET"]}}],"collection":[{"href":"https:\/\/www.elmesias.es\/fr\/wp-json\/wp\/v2\/product"}],"about":[{"href":"https:\/\/www.elmesias.es\/fr\/wp-json\/wp\/v2\/types\/product"}],"replies":[{"embeddable":true,"href":"https:\/\/www.elmesias.es\/fr\/wp-json\/wp\/v2\/comments?post=3360"}],"wp:featuredmedia":[{"embeddable":true,"href":"https:\/\/www.elmesias.es\/fr\/wp-json\/wp\/v2\/media\/2316"}],"wp:attachment":[{"href":"https:\/\/www.elmesias.es\/fr\/wp-json\/wp\/v2\/media?parent=3360"}],"wp:term":[{"taxonomy":"product_brand","embeddable":true,"href":"https:\/\/www.elmesias.es\/fr\/wp-json\/wp\/v2\/product_brand?post=3360"},{"taxonomy":"product_cat","embeddable":true,"href":"https:\/\/www.elmesias.es\/fr\/wp-json\/wp\/v2\/product_cat?post=3360"},{"taxonomy":"product_tag","embeddable":true,"href":"https:\/\/www.elmesias.es\/fr\/wp-json\/wp\/v2\/product_tag?post=3360"}],"curies":[{"name":"wp","href":"https:\/\/api.w.org\/{rel}","templated":true}]}}