{"id":3363,"date":"2024-11-27T16:18:30","date_gmt":"2024-11-27T15:18:30","guid":{"rendered":"https:\/\/www.elmesias.es\/producto\/mantecados-aux-morceaux-de-galleta-maria-4-kg\/"},"modified":"2024-11-27T16:18:30","modified_gmt":"2024-11-27T15:18:30","slug":"mantecados-aux-morceaux-de-galleta-maria-4-kg","status":"publish","type":"product","link":"https:\/\/www.elmesias.es\/fr\/producto\/mantecados-aux-morceaux-de-galleta-maria-4-kg\/","title":{"rendered":"Mantecados aux morceaux de Galleta Mar\u00eda &#8211; 4 kg"},"content":{"rendered":"<p><em>Bo\u00eete de 4 kg<\/em><\/p>\n<p><strong><em>Prix<\/em><\/strong><em> : 29,00<\/em><em> \u20ac\/bo\u00eete 4 kg<\/em><\/p>\n<p>Que pensez-vous de l&rsquo;id\u00e9e de fusionner la saveur de l&rsquo;authentique Galleta Mar\u00eda avec les Mantecados ?<\/p>\n<p>Go\u00fbtez cette bouch\u00e9e irr\u00e9sistible.<\/p>\n<p><strong><u>Ingr\u00e9dients :<\/u><\/strong> FARINE DE BL\u00c9, graisse de porc (extrait naturel de romarin et acide citrique), sucre, galleta mar\u00eda 9 % (LAIT, SULFITE, \u0152UF), margarine (LAIT), cannelle, ar\u00f4me biscuit et sirop de glucose. Peut contenir des traces d&rsquo;\u0153uf, d&rsquo;amande, de cacahu\u00e8te, de s\u00e9same, de soja, de lait, de fruits \u00e0 coque et de sulfites. Conserver dans un endroit frais et sec.<\/p>\n<p><strong><u>Informations nutritionnelles (100 g) :<\/u><\/strong><\/p>\n<ul>\n<li>Valeur \u00e9nerg\u00e9tique : 482 kcal\/2015 kJ<\/li>\n<li>Mati\u00e8res grasses : 24,6 g<\/li>\n<li>Satur\u00e9es : 9,9 g<\/li>\n<li>Glucides : 58,8 g<\/li>\n<li>Sucres : 22,8 g<\/li>\n<li>Prot\u00e9ines : 4,8 g<\/li>\n<li>Sel : 0 g<\/li>\n<\/ul>\n","protected":false},"excerpt":{"rendered":"<p>Bo\u00eete de 4 kg Prix : 29,00 \u20ac\/bo\u00eete 4 kg Que pensez-vous de l&rsquo;id\u00e9e de fusionner la saveur de l&rsquo;authentique Galleta Mar\u00eda avec les Mantecados ? Go\u00fbtez cette bouch\u00e9e irr\u00e9sistible. Ingr\u00e9dients : FARINE DE BL\u00c9, graisse de porc (extrait naturel de romarin et acide citrique), sucre, galleta mar\u00eda 9 % (LAIT, SULFITE, \u0152UF), margarine (LAIT),<br \/><a class=\"moretag\" href=\"https:\/\/www.elmesias.es\/fr\/producto\/mantecados-aux-morceaux-de-galleta-maria-4-kg\/\">+ Read More<\/a><\/p>\n","protected":false},"featured_media":2166,"comment_status":"closed","ping_status":"closed","template":"","meta":[],"product_brand":[],"product_cat":[81,66],"product_tag":[],"class_list":{"0":"post-3363","1":"product","2":"type-product","3":"status-publish","4":"has-post-thumbnail","6":"product_cat-nouveau-traditionnel-mini-flow-pack","7":"product_cat-vrac-et-sachets","9":"first","10":"instock","11":"shipping-taxable","12":"purchasable","13":"product-type-simple"},"_links":{"self":[{"href":"https:\/\/www.elmesias.es\/fr\/wp-json\/wp\/v2\/product\/3363","targetHints":{"allow":["GET"]}}],"collection":[{"href":"https:\/\/www.elmesias.es\/fr\/wp-json\/wp\/v2\/product"}],"about":[{"href":"https:\/\/www.elmesias.es\/fr\/wp-json\/wp\/v2\/types\/product"}],"replies":[{"embeddable":true,"href":"https:\/\/www.elmesias.es\/fr\/wp-json\/wp\/v2\/comments?post=3363"}],"wp:featuredmedia":[{"embeddable":true,"href":"https:\/\/www.elmesias.es\/fr\/wp-json\/wp\/v2\/media\/2166"}],"wp:attachment":[{"href":"https:\/\/www.elmesias.es\/fr\/wp-json\/wp\/v2\/media?parent=3363"}],"wp:term":[{"taxonomy":"product_brand","embeddable":true,"href":"https:\/\/www.elmesias.es\/fr\/wp-json\/wp\/v2\/product_brand?post=3363"},{"taxonomy":"product_cat","embeddable":true,"href":"https:\/\/www.elmesias.es\/fr\/wp-json\/wp\/v2\/product_cat?post=3363"},{"taxonomy":"product_tag","embeddable":true,"href":"https:\/\/www.elmesias.es\/fr\/wp-json\/wp\/v2\/product_tag?post=3363"}],"curies":[{"name":"wp","href":"https:\/\/api.w.org\/{rel}","templated":true}]}}