{"id":3367,"date":"2024-11-27T12:15:42","date_gmt":"2024-11-27T11:15:42","guid":{"rendered":"https:\/\/www.elmesias.es\/producto\/bonbons-a-la-pate-damande-3-kg\/"},"modified":"2024-11-27T12:15:42","modified_gmt":"2024-11-27T11:15:42","slug":"bonbons-a-la-pate-damande-3-kg","status":"publish","type":"product","link":"https:\/\/www.elmesias.es\/fr\/producto\/bonbons-a-la-pate-damande-3-kg\/","title":{"rendered":"Bonbons \u00e0 la p\u00e2te d\u2019amande &#8211; 3 kg"},"content":{"rendered":"<p><em>Bo\u00eete de 3 kg<\/em><\/p>\n<p><strong><em>Prix<\/em><\/strong><em> : 42,00 \u20ac\/bo\u00eete 3 kg<\/em><\/p>\n<p><strong><u>Ingr\u00e9dients :<\/u><\/strong> FARINE DE BL\u00c9, sucre, AMANDE, saindoux, enrobage F-3 avec LAIT, cannelle, cacao pur, vanilline et propyl\u00e8ne glycol. Peut contenir des traces d\u2019\u0153uf, soja, lait, arachide, lait, fruits \u00e0 coque, s\u00e9same, sulfites et moutarde.<\/p>\n<p><strong><u>Informations nutritionnelles (100 g) :<\/u><\/strong><\/p>\n<ul>\n<li>Valeur \u00e9nerg\u00e9tique : 431 kcal\/1802 kJ<\/li>\n<li>Mati\u00e8res grasses : 16 g<\/li>\n<li>Dont satur\u00e9es : 6 g<\/li>\n<li>Glucides : 65 g<\/li>\n<li>Dont sucres : 22 g<\/li>\n<li>Prot\u00e9ines : 6 g<\/li>\n<li>Sel : 0,04 g<\/li>\n<\/ul>\n","protected":false},"excerpt":{"rendered":"<p>Bo\u00eete de 3 kg Prix : 42,00 \u20ac\/bo\u00eete 3 kg Ingr\u00e9dients : FARINE DE BL\u00c9, sucre, AMANDE, saindoux, enrobage F-3 avec LAIT, cannelle, cacao pur, vanilline et propyl\u00e8ne glycol. Peut contenir des traces d\u2019\u0153uf, soja, lait, arachide, lait, fruits \u00e0 coque, s\u00e9same, sulfites et moutarde. Informations nutritionnelles (100 g) : Valeur \u00e9nerg\u00e9tique : 431 kcal\/1802<br \/><a class=\"moretag\" href=\"https:\/\/www.elmesias.es\/fr\/producto\/bonbons-a-la-pate-damande-3-kg\/\">+ Read More<\/a><\/p>\n","protected":false},"featured_media":2238,"comment_status":"closed","ping_status":"closed","template":"","meta":[],"product_brand":[],"product_cat":[71,66],"product_tag":[],"class_list":{"0":"post-3367","1":"product","2":"type-product","3":"status-publish","4":"has-post-thumbnail","6":"product_cat-chocolats-et-bonbons-assortis","7":"product_cat-vrac-et-sachets","9":"first","10":"instock","11":"shipping-taxable","12":"purchasable","13":"product-type-simple"},"_links":{"self":[{"href":"https:\/\/www.elmesias.es\/fr\/wp-json\/wp\/v2\/product\/3367","targetHints":{"allow":["GET"]}}],"collection":[{"href":"https:\/\/www.elmesias.es\/fr\/wp-json\/wp\/v2\/product"}],"about":[{"href":"https:\/\/www.elmesias.es\/fr\/wp-json\/wp\/v2\/types\/product"}],"replies":[{"embeddable":true,"href":"https:\/\/www.elmesias.es\/fr\/wp-json\/wp\/v2\/comments?post=3367"}],"wp:featuredmedia":[{"embeddable":true,"href":"https:\/\/www.elmesias.es\/fr\/wp-json\/wp\/v2\/media\/2238"}],"wp:attachment":[{"href":"https:\/\/www.elmesias.es\/fr\/wp-json\/wp\/v2\/media?parent=3367"}],"wp:term":[{"taxonomy":"product_brand","embeddable":true,"href":"https:\/\/www.elmesias.es\/fr\/wp-json\/wp\/v2\/product_brand?post=3367"},{"taxonomy":"product_cat","embeddable":true,"href":"https:\/\/www.elmesias.es\/fr\/wp-json\/wp\/v2\/product_cat?post=3367"},{"taxonomy":"product_tag","embeddable":true,"href":"https:\/\/www.elmesias.es\/fr\/wp-json\/wp\/v2\/product_tag?post=3367"}],"curies":[{"name":"wp","href":"https:\/\/api.w.org\/{rel}","templated":true}]}}