{"id":3368,"date":"2024-11-27T12:26:04","date_gmt":"2024-11-27T11:26:04","guid":{"rendered":"https:\/\/www.elmesias.es\/producto\/assortiment-de-chocolats-et-bonbons-3-kg\/"},"modified":"2024-11-27T12:26:04","modified_gmt":"2024-11-27T11:26:04","slug":"assortiment-de-chocolats-et-bonbons-3-kg","status":"publish","type":"product","link":"https:\/\/www.elmesias.es\/fr\/producto\/assortiment-de-chocolats-et-bonbons-3-kg\/","title":{"rendered":"Assortiment de chocolats et bonbons &#8211; 3 kg"},"content":{"rendered":"<p><em>Bo\u00eete de 3 kg<\/em><\/p>\n<p><strong><em>Prix<\/em><\/strong><em> : 42,00 \u20ac\/bo\u00eete 3 kg<\/em><\/p>\n<p><strong><u>Contenu<\/u><\/strong> : Cet assortiment de chocolats et bonbons contient Rockitas Crunch, Mantecado Bomb\u00f3n, Polvor\u00f3n Bomb\u00f3n, Chocoarito, bonbon \u00e0 la noix de coco, bonbon \u00e0 l\u2019amande, Pastelito toffe et Pastelito Trufa.<\/p>\n<p><strong><u>Ingr\u00e9dients<\/u> :<\/strong> FARINE DE BL\u00c9, sucre, graisse de porc, AMANDE, cacao, chocolat blanc, LAIT ENTIER, LACTOS\u00c9RUM, L\u00c9CITHINE DE SOJA, huile de tournesol, cannelle, vin, anis vert, S\u00c9SAME, clou de girofle et ar\u00f4me de citron et de vanille. Peut contenir des traces de lait, \u0153uf, soja, fruits \u00e0 coque et sulfites.<\/p>\n<p><strong><u>Informations nutritionnelles (100 g) :<\/u><\/strong><\/p>\n<ul>\n<li>Valeur \u00e9nerg\u00e9tique : 482 kcal\/2015 kJ<\/li>\n<li>Mati\u00e8res grasses : 24,6 g<\/li>\n<li>Dont satur\u00e9es : 9,9 g<\/li>\n<li>Glucides : 58,8 g<\/li>\n<li>Dont sucres : 22,8 g<\/li>\n<li>Prot\u00e9ines : 4,8 g<\/li>\n<li>Sel : 0 g<\/li>\n<\/ul>\n","protected":false},"excerpt":{"rendered":"<p>Bo\u00eete de 3 kg Prix : 42,00 \u20ac\/bo\u00eete 3 kg Contenu : Cet assortiment de chocolats et bonbons contient Rockitas Crunch, Mantecado Bomb\u00f3n, Polvor\u00f3n Bomb\u00f3n, Chocoarito, bonbon \u00e0 la noix de coco, bonbon \u00e0 l\u2019amande, Pastelito toffe et Pastelito Trufa. Ingr\u00e9dients : FARINE DE BL\u00c9, sucre, graisse de porc, AMANDE, cacao, chocolat blanc, LAIT ENTIER,<br \/><a class=\"moretag\" href=\"https:\/\/www.elmesias.es\/fr\/producto\/assortiment-de-chocolats-et-bonbons-3-kg\/\">+ Read More<\/a><\/p>\n","protected":false},"featured_media":2238,"comment_status":"closed","ping_status":"closed","template":"","meta":[],"product_brand":[],"product_cat":[71,66],"product_tag":[],"class_list":{"0":"post-3368","1":"product","2":"type-product","3":"status-publish","4":"has-post-thumbnail","6":"product_cat-chocolats-et-bonbons-assortis","7":"product_cat-vrac-et-sachets","9":"first","10":"instock","11":"shipping-taxable","12":"purchasable","13":"product-type-simple"},"_links":{"self":[{"href":"https:\/\/www.elmesias.es\/fr\/wp-json\/wp\/v2\/product\/3368","targetHints":{"allow":["GET"]}}],"collection":[{"href":"https:\/\/www.elmesias.es\/fr\/wp-json\/wp\/v2\/product"}],"about":[{"href":"https:\/\/www.elmesias.es\/fr\/wp-json\/wp\/v2\/types\/product"}],"replies":[{"embeddable":true,"href":"https:\/\/www.elmesias.es\/fr\/wp-json\/wp\/v2\/comments?post=3368"}],"wp:featuredmedia":[{"embeddable":true,"href":"https:\/\/www.elmesias.es\/fr\/wp-json\/wp\/v2\/media\/2238"}],"wp:attachment":[{"href":"https:\/\/www.elmesias.es\/fr\/wp-json\/wp\/v2\/media?parent=3368"}],"wp:term":[{"taxonomy":"product_brand","embeddable":true,"href":"https:\/\/www.elmesias.es\/fr\/wp-json\/wp\/v2\/product_brand?post=3368"},{"taxonomy":"product_cat","embeddable":true,"href":"https:\/\/www.elmesias.es\/fr\/wp-json\/wp\/v2\/product_cat?post=3368"},{"taxonomy":"product_tag","embeddable":true,"href":"https:\/\/www.elmesias.es\/fr\/wp-json\/wp\/v2\/product_tag?post=3368"}],"curies":[{"name":"wp","href":"https:\/\/api.w.org\/{rel}","templated":true}]}}