{"id":3371,"date":"2025-10-30T12:19:59","date_gmt":"2025-10-30T11:19:59","guid":{"rendered":"https:\/\/www.elmesias.es\/producto\/cortadito-au-chocolat-500-g\/"},"modified":"2025-10-30T12:19:59","modified_gmt":"2025-10-30T11:19:59","slug":"cortadito-au-chocolat-500-g","status":"publish","type":"product","link":"https:\/\/www.elmesias.es\/fr\/producto\/cortadito-au-chocolat-500-g\/","title":{"rendered":"Cortadito au chocolat &#8211; 500 g"},"content":{"rendered":"<p><em>Sachet de 500 g  <\/em><\/p>\n<p><strong><em>Prix<\/em><\/strong><em> : 7,00 \u20ac\/sachet 500 g <\/em> <\/p>\n<p><strong><u>Ingr\u00e9dients :<\/u><\/strong> FARINE DE BL\u00c9, graisse v\u00e9g\u00e9tale de palme, cr\u00e8me de cacao et NOISETTES (sucre, huile v\u00e9g\u00e9tale, cacao d\u00e9graiss\u00e9 en poudre, amidon modifi\u00e9, \u00e9mulsifiant : l\u00e9cithine de SOJA, NOISETTE d\u00e9graiss\u00e9e, ar\u00f4me (noisette et vanille) et antioxydant E-306), sucre, \u0152UF, cannelle. Peut contenir des traces d\u2019arachide, de lait, d\u2019autres fruits \u00e0 coque, de s\u00e9same et de sulfites.<\/p>\n<p><strong><u>Information nutritionnelle (100 g) :<\/u><\/strong><\/p>\n<ul>\n<li>Valeur \u00e9nerg\u00e9tique : 508 kcal\/2125 kJ<\/li>\n<li>Prot\u00e9ines : 5,70 g<\/li>\n<li>Glucides : 53,40 g<\/li>\n<li>Sucres : 18,90 g<\/li>\n<li>Lipides : 29,6 g<\/li>\n<li>Satur\u00e9s : 12,70 g<\/li>\n<li>Sel : 0,038 g<\/li>\n<\/ul>\n","protected":false},"excerpt":{"rendered":"<p>Sachet de 500 g Prix : 7,00 \u20ac\/sachet 500 g Ingr\u00e9dients : FARINE DE BL\u00c9, graisse v\u00e9g\u00e9tale de palme, cr\u00e8me de cacao et NOISETTES (sucre, huile v\u00e9g\u00e9tale, cacao d\u00e9graiss\u00e9 en poudre, amidon modifi\u00e9, \u00e9mulsifiant : l\u00e9cithine de SOJA, NOISETTE d\u00e9graiss\u00e9e, ar\u00f4me (noisette et vanille) et antioxydant E-306), sucre, \u0152UF, cannelle. Peut contenir des traces d\u2019arachide,<br \/><a class=\"moretag\" href=\"https:\/\/www.elmesias.es\/fr\/producto\/cortadito-au-chocolat-500-g\/\">+ Read More<\/a><\/p>\n","protected":false},"featured_media":2262,"comment_status":"closed","ping_status":"closed","template":"","meta":[],"product_brand":[],"product_cat":[67,66],"product_tag":[],"class_list":{"0":"post-3371","1":"product","2":"type-product","3":"status-publish","4":"has-post-thumbnail","6":"product_cat-specialites-aux-amandes-et-feuilletes-fourres","7":"product_cat-vrac-et-sachets","9":"first","10":"instock","11":"shipping-taxable","12":"purchasable","13":"product-type-simple"},"_links":{"self":[{"href":"https:\/\/www.elmesias.es\/fr\/wp-json\/wp\/v2\/product\/3371","targetHints":{"allow":["GET"]}}],"collection":[{"href":"https:\/\/www.elmesias.es\/fr\/wp-json\/wp\/v2\/product"}],"about":[{"href":"https:\/\/www.elmesias.es\/fr\/wp-json\/wp\/v2\/types\/product"}],"replies":[{"embeddable":true,"href":"https:\/\/www.elmesias.es\/fr\/wp-json\/wp\/v2\/comments?post=3371"}],"wp:featuredmedia":[{"embeddable":true,"href":"https:\/\/www.elmesias.es\/fr\/wp-json\/wp\/v2\/media\/2262"}],"wp:attachment":[{"href":"https:\/\/www.elmesias.es\/fr\/wp-json\/wp\/v2\/media?parent=3371"}],"wp:term":[{"taxonomy":"product_brand","embeddable":true,"href":"https:\/\/www.elmesias.es\/fr\/wp-json\/wp\/v2\/product_brand?post=3371"},{"taxonomy":"product_cat","embeddable":true,"href":"https:\/\/www.elmesias.es\/fr\/wp-json\/wp\/v2\/product_cat?post=3371"},{"taxonomy":"product_tag","embeddable":true,"href":"https:\/\/www.elmesias.es\/fr\/wp-json\/wp\/v2\/product_tag?post=3371"}],"curies":[{"name":"wp","href":"https:\/\/api.w.org\/{rel}","templated":true}]}}