{"id":3384,"date":"2024-11-27T13:02:38","date_gmt":"2024-11-27T12:02:38","guid":{"rendered":"https:\/\/www.elmesias.es\/producto\/amandes-fourrees-a-lamande-3-kg\/"},"modified":"2024-11-27T13:02:38","modified_gmt":"2024-11-27T12:02:38","slug":"amandes-fourrees-a-lamande-3-kg","status":"publish","type":"product","link":"https:\/\/www.elmesias.es\/fr\/producto\/amandes-fourrees-a-lamande-3-kg\/","title":{"rendered":"Amandes Fourr\u00e9es \u00e0 l&rsquo;Amande &#8211; 3 kg"},"content":{"rendered":"<p><em>Bo\u00eete 3 kg<\/em><\/p>\n<p><strong><em>Prix<\/em><\/strong><em> : 43,00 \u20ac\/bo\u00eete 3 kg<\/em><\/p>\n<p><strong><u>Ingr\u00e9dients :<\/u><\/strong> FARINE DE BL\u00c9, mati\u00e8re grasse v\u00e9g\u00e9tale, sucre, AMANDE, GAUFRETTE, cannelle et ar\u00f4me de citron. Peut contenir des traces d&rsquo;\u0153uf, d&rsquo;amande, de cacahu\u00e8te, de soja, de lait, de fruits \u00e0 coque et de sulfites.<\/p>\n<p><strong><u>Informations nutritionnelles (100 g) :<\/u><\/strong><\/p>\n<ul>\n<li>Valeur \u00e9nerg\u00e9tique : 497 kcal\/1948 kJ<\/li>\n<li>Mati\u00e8res grasses : 17 g<\/li>\n<li>Satur\u00e9es : 6 g<\/li>\n<li>Glucides : 70 g<\/li>\n<li>Sucres : 36 g<\/li>\n<li>Prot\u00e9ines : 6 g<\/li>\n<li>Sel : 0,04 g<\/li>\n<\/ul>\n","protected":false},"excerpt":{"rendered":"<p>Bo\u00eete 3 kg Prix : 43,00 \u20ac\/bo\u00eete 3 kg Ingr\u00e9dients : FARINE DE BL\u00c9, mati\u00e8re grasse v\u00e9g\u00e9tale, sucre, AMANDE, GAUFRETTE, cannelle et ar\u00f4me de citron. Peut contenir des traces d&rsquo;\u0153uf, d&rsquo;amande, de cacahu\u00e8te, de soja, de lait, de fruits \u00e0 coque et de sulfites. Informations nutritionnelles (100 g) : Valeur \u00e9nerg\u00e9tique : 497 kcal\/1948 kJ<br \/><a class=\"moretag\" href=\"https:\/\/www.elmesias.es\/fr\/producto\/amandes-fourrees-a-lamande-3-kg\/\">+ Read More<\/a><\/p>\n","protected":false},"featured_media":2262,"comment_status":"closed","ping_status":"closed","template":"","meta":[],"product_brand":[],"product_cat":[67,66],"product_tag":[],"class_list":{"0":"post-3384","1":"product","2":"type-product","3":"status-publish","4":"has-post-thumbnail","6":"product_cat-specialites-aux-amandes-et-feuilletes-fourres","7":"product_cat-vrac-et-sachets","9":"first","10":"instock","11":"shipping-taxable","12":"purchasable","13":"product-type-simple"},"_links":{"self":[{"href":"https:\/\/www.elmesias.es\/fr\/wp-json\/wp\/v2\/product\/3384","targetHints":{"allow":["GET"]}}],"collection":[{"href":"https:\/\/www.elmesias.es\/fr\/wp-json\/wp\/v2\/product"}],"about":[{"href":"https:\/\/www.elmesias.es\/fr\/wp-json\/wp\/v2\/types\/product"}],"replies":[{"embeddable":true,"href":"https:\/\/www.elmesias.es\/fr\/wp-json\/wp\/v2\/comments?post=3384"}],"wp:featuredmedia":[{"embeddable":true,"href":"https:\/\/www.elmesias.es\/fr\/wp-json\/wp\/v2\/media\/2262"}],"wp:attachment":[{"href":"https:\/\/www.elmesias.es\/fr\/wp-json\/wp\/v2\/media?parent=3384"}],"wp:term":[{"taxonomy":"product_brand","embeddable":true,"href":"https:\/\/www.elmesias.es\/fr\/wp-json\/wp\/v2\/product_brand?post=3384"},{"taxonomy":"product_cat","embeddable":true,"href":"https:\/\/www.elmesias.es\/fr\/wp-json\/wp\/v2\/product_cat?post=3384"},{"taxonomy":"product_tag","embeddable":true,"href":"https:\/\/www.elmesias.es\/fr\/wp-json\/wp\/v2\/product_tag?post=3384"}],"curies":[{"name":"wp","href":"https:\/\/api.w.org\/{rel}","templated":true}]}}