{"id":3388,"date":"2024-11-27T12:51:38","date_gmt":"2024-11-27T11:51:38","guid":{"rendered":"https:\/\/www.elmesias.es\/producto\/croquants-aux-amandes-500-g\/"},"modified":"2024-11-27T12:51:38","modified_gmt":"2024-11-27T11:51:38","slug":"croquants-aux-amandes-500-g","status":"publish","type":"product","link":"https:\/\/www.elmesias.es\/fr\/producto\/croquants-aux-amandes-500-g\/","title":{"rendered":"Croquants aux amandes &#8211; 500 g"},"content":{"rendered":"<p><em>Sachets de 500 g<\/em><\/p>\n<p><strong><em>Prix<\/em><\/strong><em> : 8,00 \u20ac\/sachet de 500 g <\/em> <\/p>\n<p><strong><u>Ingr\u00e9dients :<\/u><\/strong> FARINE DE BL\u00c9, huile de tournesol, maltitol, AMANDE, cannelle, ar\u00f4me citron et clou de girofle. Peut contenir des traces d\u2019\u0153uf, de soja, de lait, d\u2019arachide, de fruits \u00e0 coque, de s\u00e9same, de sulfites et de moutarde.<\/p>\n<p><strong><u>Informations nutritionnelles (100 g) :<\/u><\/strong><\/p>\n<ul>\n<li>Valeur \u00e9nerg\u00e9tique : 431 kcal\/1802 kJ<\/li>\n<li>Mati\u00e8res grasses : 16 g<\/li>\n<li>Dont acides gras satur\u00e9s : 6 g<\/li>\n<li>Glucides : 65 g<\/li>\n<li>Dont sucres : 22 g<\/li>\n<li>Prot\u00e9ines : 6 g<\/li>\n<li>Sel : 0,04 g<\/li>\n<\/ul>\n","protected":false},"excerpt":{"rendered":"<p>Sachets de 500 g Prix : 8,00 \u20ac\/sachet de 500 g Ingr\u00e9dients : FARINE DE BL\u00c9, huile de tournesol, maltitol, AMANDE, cannelle, ar\u00f4me citron et clou de girofle. Peut contenir des traces d\u2019\u0153uf, de soja, de lait, d\u2019arachide, de fruits \u00e0 coque, de s\u00e9same, de sulfites et de moutarde. Informations nutritionnelles (100 g) : Valeur<br \/><a class=\"moretag\" href=\"https:\/\/www.elmesias.es\/fr\/producto\/croquants-aux-amandes-500-g\/\">+ Read More<\/a><\/p>\n","protected":false},"featured_media":2262,"comment_status":"closed","ping_status":"closed","template":"","meta":[],"product_brand":[],"product_cat":[67,66],"product_tag":[],"class_list":{"0":"post-3388","1":"product","2":"type-product","3":"status-publish","4":"has-post-thumbnail","6":"product_cat-specialites-aux-amandes-et-feuilletes-fourres","7":"product_cat-vrac-et-sachets","9":"first","10":"instock","11":"shipping-taxable","12":"purchasable","13":"product-type-simple"},"_links":{"self":[{"href":"https:\/\/www.elmesias.es\/fr\/wp-json\/wp\/v2\/product\/3388","targetHints":{"allow":["GET"]}}],"collection":[{"href":"https:\/\/www.elmesias.es\/fr\/wp-json\/wp\/v2\/product"}],"about":[{"href":"https:\/\/www.elmesias.es\/fr\/wp-json\/wp\/v2\/types\/product"}],"replies":[{"embeddable":true,"href":"https:\/\/www.elmesias.es\/fr\/wp-json\/wp\/v2\/comments?post=3388"}],"wp:featuredmedia":[{"embeddable":true,"href":"https:\/\/www.elmesias.es\/fr\/wp-json\/wp\/v2\/media\/2262"}],"wp:attachment":[{"href":"https:\/\/www.elmesias.es\/fr\/wp-json\/wp\/v2\/media?parent=3388"}],"wp:term":[{"taxonomy":"product_brand","embeddable":true,"href":"https:\/\/www.elmesias.es\/fr\/wp-json\/wp\/v2\/product_brand?post=3388"},{"taxonomy":"product_cat","embeddable":true,"href":"https:\/\/www.elmesias.es\/fr\/wp-json\/wp\/v2\/product_cat?post=3388"},{"taxonomy":"product_tag","embeddable":true,"href":"https:\/\/www.elmesias.es\/fr\/wp-json\/wp\/v2\/product_tag?post=3388"}],"curies":[{"name":"wp","href":"https:\/\/api.w.org\/{rel}","templated":true}]}}