{"id":3391,"date":"2024-11-27T13:00:32","date_gmt":"2024-11-27T12:00:32","guid":{"rendered":"https:\/\/www.elmesias.es\/producto\/amandes-farcies-a-lamande-500-g\/"},"modified":"2024-11-27T13:00:32","modified_gmt":"2024-11-27T12:00:32","slug":"amandes-farcies-a-lamande-500-g","status":"publish","type":"product","link":"https:\/\/www.elmesias.es\/fr\/producto\/amandes-farcies-a-lamande-500-g\/","title":{"rendered":"Amandes farcies \u00e0 l\u2019amande &#8211; 500 g"},"content":{"rendered":"<p><em>Sachet 500 g  <\/em><\/p>\n<p><strong><em>Prix<\/em><\/strong><em> : 7,00 \u20ac\/sachet 500 g<\/em><\/p>\n<p><strong><u>Ingr\u00e9dients :<\/u> <\/strong>FARINE DE BL\u00c9, graisse v\u00e9g\u00e9tale, sucre, AMANDE, OUBLIE, cannelle et ar\u00f4me de citron. Peut contenir des traces d\u2019\u0153uf, d\u2019amande, d\u2019arachide, de soja, de lait, de fruits \u00e0 coque et de sulfites. <\/p>\n<p><strong><u>Information nutritionnelle (100 g) :<\/u><\/strong><\/p>\n<ul>\n<li>Valeur \u00e9nerg\u00e9tique : 497 kcal\/1948 kj<\/li>\n<li>Mati\u00e8res grasses : 17 g<\/li>\n<li>Satur\u00e9es : 6 g<\/li>\n<li>Glucides : 70 g<\/li>\n<li>Sucres : 36 g<\/li>\n<li>Prot\u00e9ines : 6 g<\/li>\n<li>Sel : 0,04 g<\/li>\n<\/ul>\n","protected":false},"excerpt":{"rendered":"<p>Sachet 500 g Prix : 7,00 \u20ac\/sachet 500 g Ingr\u00e9dients : FARINE DE BL\u00c9, graisse v\u00e9g\u00e9tale, sucre, AMANDE, OUBLIE, cannelle et ar\u00f4me de citron. Peut contenir des traces d\u2019\u0153uf, d\u2019amande, d\u2019arachide, de soja, de lait, de fruits \u00e0 coque et de sulfites. Information nutritionnelle (100 g) : Valeur \u00e9nerg\u00e9tique : 497 kcal\/1948 kj Mati\u00e8res grasses<br \/><a class=\"moretag\" href=\"https:\/\/www.elmesias.es\/fr\/producto\/amandes-farcies-a-lamande-500-g\/\">+ Read More<\/a><\/p>\n","protected":false},"featured_media":2262,"comment_status":"closed","ping_status":"closed","template":"","meta":[],"product_brand":[],"product_cat":[67,66],"product_tag":[],"class_list":{"0":"post-3391","1":"product","2":"type-product","3":"status-publish","4":"has-post-thumbnail","6":"product_cat-specialites-aux-amandes-et-feuilletes-fourres","7":"product_cat-vrac-et-sachets","9":"first","10":"instock","11":"shipping-taxable","12":"purchasable","13":"product-type-simple"},"_links":{"self":[{"href":"https:\/\/www.elmesias.es\/fr\/wp-json\/wp\/v2\/product\/3391","targetHints":{"allow":["GET"]}}],"collection":[{"href":"https:\/\/www.elmesias.es\/fr\/wp-json\/wp\/v2\/product"}],"about":[{"href":"https:\/\/www.elmesias.es\/fr\/wp-json\/wp\/v2\/types\/product"}],"replies":[{"embeddable":true,"href":"https:\/\/www.elmesias.es\/fr\/wp-json\/wp\/v2\/comments?post=3391"}],"wp:featuredmedia":[{"embeddable":true,"href":"https:\/\/www.elmesias.es\/fr\/wp-json\/wp\/v2\/media\/2262"}],"wp:attachment":[{"href":"https:\/\/www.elmesias.es\/fr\/wp-json\/wp\/v2\/media?parent=3391"}],"wp:term":[{"taxonomy":"product_brand","embeddable":true,"href":"https:\/\/www.elmesias.es\/fr\/wp-json\/wp\/v2\/product_brand?post=3391"},{"taxonomy":"product_cat","embeddable":true,"href":"https:\/\/www.elmesias.es\/fr\/wp-json\/wp\/v2\/product_cat?post=3391"},{"taxonomy":"product_tag","embeddable":true,"href":"https:\/\/www.elmesias.es\/fr\/wp-json\/wp\/v2\/product_tag?post=3391"}],"curies":[{"name":"wp","href":"https:\/\/api.w.org\/{rel}","templated":true}]}}