{"id":3396,"date":"2024-11-20T15:41:37","date_gmt":"2024-11-20T14:41:37","guid":{"rendered":"https:\/\/www.elmesias.es\/producto\/torta-au-chocolat-noir-orange-et-avoine-100-g\/"},"modified":"2024-11-20T15:41:37","modified_gmt":"2024-11-20T14:41:37","slug":"torta-au-chocolat-noir-orange-et-avoine-100-g","status":"publish","type":"product","link":"https:\/\/www.elmesias.es\/fr\/producto\/torta-au-chocolat-noir-orange-et-avoine-100-g\/","title":{"rendered":"Torta au chocolat noir, orange et avoine &#8211; 100 g"},"content":{"rendered":"<p><em>Env. 100 g <\/em><\/p>\n<p><strong><em>Prix<\/em><\/strong><em> : 1,90 \u20ac\/unit\u00e9<\/em><\/p>\n<p><strong><u>Ingr\u00e9dients :<\/u> <\/strong>chocolat noir (sucre, huile et graisse v\u00e9g\u00e9tale (palme), cacao d\u00e9graiss\u00e9 en poudre, L\u00c9CITHINE DE SOJA, ar\u00f4me et cannelle), \u00e9corce d\u2019orange (SULFITES, sirop de glucose et fructose et sucre, E-330 et E-202), FLOCONS D\u2019AVOINE. Peut contenir des traces de bl\u00e9, d\u2019arachides, d\u2019\u0153uf, d\u2019amandes, de fruits \u00e0 coque, de s\u00e9same et de lait.  \u00c0 conserver dans un endroit frais et sec.<\/p>\n<p><strong><u>Informations nutritionnelles (100 g) :<\/u><\/strong><\/p>\n<ul>\n<li>Valeur \u00e9nerg\u00e9tique : 519 kcal<\/li>\n<li>Graisses : 30,6 g<\/li>\n<li>Satur\u00e9es : 28,9 g<\/li>\n<li>Glucides : 52,9 g<\/li>\n<li>Sucres : 41 g<\/li>\n<li>Prot\u00e9ines : 11,6 g<\/li>\n<li>Sel : 0 g<\/li>\n<\/ul>\n","protected":false},"excerpt":{"rendered":"<p>Env. 100 g Prix : 1,90 \u20ac\/unit\u00e9 Ingr\u00e9dients : chocolat noir (sucre, huile et graisse v\u00e9g\u00e9tale (palme), cacao d\u00e9graiss\u00e9 en poudre, L\u00c9CITHINE DE SOJA, ar\u00f4me et cannelle), \u00e9corce d\u2019orange (SULFITES, sirop de glucose et fructose et sucre, E-330 et E-202), FLOCONS D\u2019AVOINE. Peut contenir des traces de bl\u00e9, d\u2019arachides, d\u2019\u0153uf, d\u2019amandes, de fruits \u00e0 coque,<br \/><a class=\"moretag\" href=\"https:\/\/www.elmesias.es\/fr\/producto\/torta-au-chocolat-noir-orange-et-avoine-100-g\/\">+ Read More<\/a><\/p>\n","protected":false},"featured_media":2130,"comment_status":"closed","ping_status":"closed","template":"","meta":[],"product_brand":[],"product_cat":[74,82],"product_tag":[],"class_list":{"0":"post-3396","1":"product","2":"type-product","3":"status-publish","4":"has-post-thumbnail","6":"product_cat-lots-et-cadeaux","7":"product_cat-tortas-chocolats-et-massepains","9":"first","10":"outofstock","11":"shipping-taxable","12":"purchasable","13":"product-type-simple"},"_links":{"self":[{"href":"https:\/\/www.elmesias.es\/fr\/wp-json\/wp\/v2\/product\/3396","targetHints":{"allow":["GET"]}}],"collection":[{"href":"https:\/\/www.elmesias.es\/fr\/wp-json\/wp\/v2\/product"}],"about":[{"href":"https:\/\/www.elmesias.es\/fr\/wp-json\/wp\/v2\/types\/product"}],"replies":[{"embeddable":true,"href":"https:\/\/www.elmesias.es\/fr\/wp-json\/wp\/v2\/comments?post=3396"}],"wp:featuredmedia":[{"embeddable":true,"href":"https:\/\/www.elmesias.es\/fr\/wp-json\/wp\/v2\/media\/2130"}],"wp:attachment":[{"href":"https:\/\/www.elmesias.es\/fr\/wp-json\/wp\/v2\/media?parent=3396"}],"wp:term":[{"taxonomy":"product_brand","embeddable":true,"href":"https:\/\/www.elmesias.es\/fr\/wp-json\/wp\/v2\/product_brand?post=3396"},{"taxonomy":"product_cat","embeddable":true,"href":"https:\/\/www.elmesias.es\/fr\/wp-json\/wp\/v2\/product_cat?post=3396"},{"taxonomy":"product_tag","embeddable":true,"href":"https:\/\/www.elmesias.es\/fr\/wp-json\/wp\/v2\/product_tag?post=3396"}],"curies":[{"name":"wp","href":"https:\/\/api.w.org\/{rel}","templated":true}]}}