{"id":3403,"date":"2024-11-20T15:52:04","date_gmt":"2024-11-20T14:52:04","guid":{"rendered":"https:\/\/www.elmesias.es\/producto\/biscuits-aux-pepites-de-chocolat-las-vanidosas-100-g\/"},"modified":"2024-11-20T15:52:04","modified_gmt":"2024-11-20T14:52:04","slug":"biscuits-aux-pepites-de-chocolat-las-vanidosas-100-g","status":"publish","type":"product","link":"https:\/\/www.elmesias.es\/fr\/producto\/biscuits-aux-pepites-de-chocolat-las-vanidosas-100-g\/","title":{"rendered":"Biscuits aux p\u00e9pites de chocolat \u00ab&nbsp;Las Vanidosas&nbsp;\u00bb &#8211; 100&nbsp;g"},"content":{"rendered":"<p><em>Env. 100&nbsp;g <\/em><\/p>\n<p><strong><em>Prix<\/em><\/strong><em> : 1,15&nbsp;\u20ac\/unit\u00e9<\/em><\/p>\n<p><strong><u>Ingr\u00e9dients :<\/u><\/strong> FARINE DE BL\u00c9, graisse v\u00e9g\u00e9tale de palme, sucre, p\u00e9pites de chocolat (10 %) (p\u00e2te de cacao, sucre, maltitol, dextrose, beurre de cacao, cacao d\u00e9graiss\u00e9 en poudre, \u00e9mulsifiant (l\u00e9cithine de tournesol et E-476) et ar\u00f4me), \u0152UF et cannelle. Peut contenir des traces d\u2019arachides, de soja, de lait, de fruits \u00e0 coque, de s\u00e9same, de sulfites et de moutarde.  \u00c0 conserver dans un endroit frais et sec.<\/p>\n<p><strong><u>Informations nutritionnelles (100 g) :<\/u><\/strong><\/p>\n<ul>\n<li>Valeur \u00e9nerg\u00e9tique : 501&nbsp;kcal<\/li>\n<li>Mati\u00e8res grasses : 29,3&nbsp;g<\/li>\n<li>Satur\u00e9es : 14,2&nbsp;g<\/li>\n<li>Glucides : 52,0&nbsp;g<\/li>\n<li>Sucres : 24,4&nbsp;g<\/li>\n<li>Prot\u00e9ines : 5,5&nbsp;g<\/li>\n<li>Sel : 0 g<\/li>\n<\/ul>\n","protected":false},"excerpt":{"rendered":"<p>Env. 100&nbsp;g Prix : 1,15&nbsp;\u20ac\/unit\u00e9 Ingr\u00e9dients : FARINE DE BL\u00c9, graisse v\u00e9g\u00e9tale de palme, sucre, p\u00e9pites de chocolat (10 %) (p\u00e2te de cacao, sucre, maltitol, dextrose, beurre de cacao, cacao d\u00e9graiss\u00e9 en poudre, \u00e9mulsifiant (l\u00e9cithine de tournesol et E-476) et ar\u00f4me), \u0152UF et cannelle. Peut contenir des traces d\u2019arachides, de soja, de lait, de fruits<br \/><a class=\"moretag\" href=\"https:\/\/www.elmesias.es\/fr\/producto\/biscuits-aux-pepites-de-chocolat-las-vanidosas-100-g\/\">+ Read More<\/a><\/p>\n","protected":false},"featured_media":2136,"comment_status":"closed","ping_status":"closed","template":"","meta":[],"product_brand":[],"product_cat":[74,77],"product_tag":[],"class_list":{"0":"post-3403","1":"product","2":"type-product","3":"status-publish","4":"has-post-thumbnail","6":"product_cat-lots-et-cadeaux","7":"product_cat-patisseries-et-specialites-de-noel","9":"first","10":"outofstock","11":"shipping-taxable","12":"purchasable","13":"product-type-simple"},"_links":{"self":[{"href":"https:\/\/www.elmesias.es\/fr\/wp-json\/wp\/v2\/product\/3403","targetHints":{"allow":["GET"]}}],"collection":[{"href":"https:\/\/www.elmesias.es\/fr\/wp-json\/wp\/v2\/product"}],"about":[{"href":"https:\/\/www.elmesias.es\/fr\/wp-json\/wp\/v2\/types\/product"}],"replies":[{"embeddable":true,"href":"https:\/\/www.elmesias.es\/fr\/wp-json\/wp\/v2\/comments?post=3403"}],"wp:featuredmedia":[{"embeddable":true,"href":"https:\/\/www.elmesias.es\/fr\/wp-json\/wp\/v2\/media\/2136"}],"wp:attachment":[{"href":"https:\/\/www.elmesias.es\/fr\/wp-json\/wp\/v2\/media?parent=3403"}],"wp:term":[{"taxonomy":"product_brand","embeddable":true,"href":"https:\/\/www.elmesias.es\/fr\/wp-json\/wp\/v2\/product_brand?post=3403"},{"taxonomy":"product_cat","embeddable":true,"href":"https:\/\/www.elmesias.es\/fr\/wp-json\/wp\/v2\/product_cat?post=3403"},{"taxonomy":"product_tag","embeddable":true,"href":"https:\/\/www.elmesias.es\/fr\/wp-json\/wp\/v2\/product_tag?post=3403"}],"curies":[{"name":"wp","href":"https:\/\/api.w.org\/{rel}","templated":true}]}}